{"id":391,"date":"2017-08-21T09:11:51","date_gmt":"2017-08-21T12:11:51","guid":{"rendered":"https:\/\/wp.ufpel.edu.br\/ceg\/?page_id=391"},"modified":"2017-08-28T09:28:10","modified_gmt":"2017-08-28T12:28:10","slug":"ii-ceg-2016","status":"publish","type":"page","link":"https:\/\/wp.ufpel.edu.br\/ceg\/edicoes-anteriores\/ii-ceg-2016\/","title":{"rendered":"II CEG (2016)"},"content":{"rendered":"<p style=\"text-align: center;\"><img loading=\"lazy\" decoding=\"async\" class=\"alignnone size-large wp-image-272\" src=\"https:\/\/wp.ufpel.edu.br\/ceg\/files\/2016\/06\/header_ceg-1-984x220.jpg\" alt=\"\" width=\"604\" height=\"135\" \/><br \/>\nDe 26 a 30\/09\/2016 no Campus Anglo<\/p>\n<ul>\n<li><a href=\"https:\/\/wp.ufpel.edu.br\/ceg\/anais\/anais2016\/\">Anais (2016)<\/a><\/li>\n<li><a href=\"https:\/\/wp.ufpel.edu.br\/ceg\/files\/2016\/06\/Regulamento-II-SIEPE.pdf\">Regulamento II SIEPE (2016)<\/a><\/li>\n<li><a href=\"https:\/\/wp.ufpel.edu.br\/ceg\/category\/noticias\/2016\/\">Not\u00edcias<\/a><\/li>\n<\/ul>\n<hr \/>\n<h3>Programa\u00e7\u00e3o<\/h3>\n<h4><strong>Palestras:<\/strong><\/h4>\n<p><strong>Dia 27\/09 (10h30min e 16h00min):<\/strong><\/p>\n<p>\u2013\u00a0Como Construir uma Carreira Acad\u00eamica de Sucesso desde a Gradua\u00e7\u00e3o \u2013\u00a0sala 437;<br \/>\n\u2013\u00a0Inova\u00e7\u00e3o Tecnol\u00f3gica na Academia (Empreendedorismo e Incubadoras Tecnol\u00f3gicas)\u00a0\u2013 audit\u00f3rio acad\u00eamico (4\u00ba andar);<br \/>\n\u2013\u00a0Estrat\u00e9gias de preenchimento do Curr\u00edculo Lattes \u2013 sala 434;<br \/>\n\u2013\u00a0Alimentos funcionais e nutrac\u00eauticos \u2013 audit\u00f3rio da reitoria (4\u00ba andar).<\/p>\n<p><strong>Dia 28\/09 (10h30min e 16h00min):<\/strong><\/p>\n<p>\u2013\u00a0Reda\u00e7\u00e3o de Artigos Cient\u00edficos \u2013 sala 437;<br \/>\n\u2013\u00a0Portal de Peri\u00f3dicos da CAPES \u2013\u00a0audit\u00f3rio acad\u00eamico (4\u00ba andar);<br \/>\n\u2013\u00a0Oportunidades de Interc\u00e2mbio \u2013 sala 434;<br \/>\n\u2013\u00a0Ci\u00eancia e Responsabilidade Social \u2013\u00a0audit\u00f3rio da reitoria (4\u00ba andar).<\/p>\n<p><strong>Dia 29\/09\u00a0 (10h30min e 16h00min):<\/strong><\/p>\n<p>\u2013\u00a0Pl\u00e1gio na produ\u00e7\u00e3o acad\u00eamica \u2013 sala 437;<br \/>\n\u2013\u00a0Mecanismos de Avalia\u00e7\u00e3o da Qualidade dos Meios de Publica\u00e7\u00e3o Cient\u00edfica \u2013\u00a0audit\u00f3rio acad\u00eamico (4\u00ba andar);<br \/>\n\u2013\u00a0Dic\u00e7\u00e3o e Orat\u00f3ria para apresenta\u00e7\u00e3o de trabalhos \u2013 sala 434;<br \/>\n\u2013\u00a0Valoriza\u00e7\u00e3o da biodiversidade do Bioma Pampa \u2013\u00a0audit\u00f3rio da reitoria\u00a0(4\u00ba andar).<\/p>\n<hr \/>\n<h3>Comiss\u00e3o Executiva II CEG<\/h3>\n<ul>\n<li>Afra Suelene de Sousa<\/li>\n<li>\u00c1lvaro Moreira Hypolito<\/li>\n<li>Carla Pires Tavares Lemos<\/li>\n<li>Carla Rosane Carret Machado<\/li>\n<li>Christian Ferreira Mackedanz<\/li>\n<\/ul>\n<h3>Equipe de Apoio II CEG<\/h3>\n<ul>\n<li>Daiana San Martins Goulart<\/li>\n<li>Dionlei Alves Decker<\/li>\n<li>Isac Vergara Jansen<\/li>\n<li>Karina Badia Fonseca<\/li>\n<li>Let\u00edcia Demari Antunes<\/li>\n<li>Mirian Pereira Bohrer<\/li>\n<li>Rafael Molina Lopes<\/li>\n<\/ul>\n<p>&nbsp;<\/p>\n","protected":false},"excerpt":{"rendered":"<p>De 26 a 30\/09\/2016 no Campus Anglo Anais (2016) Regulamento II SIEPE (2016) Not\u00edcias Programa\u00e7\u00e3o Palestras: Dia 27\/09 (10h30min e 16h00min): \u2013\u00a0Como Construir uma Carreira Acad\u00eamica de Sucesso desde a Gradua\u00e7\u00e3o \u2013\u00a0sala 437; \u2013\u00a0Inova\u00e7\u00e3o Tecnol\u00f3gica na Academia (Empreendedorismo e Incubadoras Tecnol\u00f3gicas)\u00a0\u2013 audit\u00f3rio acad\u00eamico (4\u00ba andar); \u2013\u00a0Estrat\u00e9gias de preenchimento do Curr\u00edculo Lattes \u2013 sala 434; \u2013\u00a0Alimentos &hellip; <a href=\"https:\/\/wp.ufpel.edu.br\/ceg\/edicoes-anteriores\/ii-ceg-2016\/\" class=\"more-link\">Continue lendo <span class=\"screen-reader-text\">II CEG (2016)<\/span> <span class=\"meta-nav\">&rarr;<\/span><\/a><\/p>\n","protected":false},"author":20,"featured_media":0,"parent":411,"menu_order":0,"comment_status":"closed","ping_status":"closed","template":"","meta":{"jetpack_post_was_ever_published":false,"footnotes":"","_links_to":"","_links_to_target":""},"class_list":["post-391","page","type-page","status-publish","hentry"],"jetpack_sharing_enabled":true,"_links":{"self":[{"href":"https:\/\/wp.ufpel.edu.br\/ceg\/wp-json\/wp\/v2\/pages\/391","targetHints":{"allow":["GET"]}}],"collection":[{"href":"https:\/\/wp.ufpel.edu.br\/ceg\/wp-json\/wp\/v2\/pages"}],"about":[{"href":"https:\/\/wp.ufpel.edu.br\/ceg\/wp-json\/wp\/v2\/types\/page"}],"author":[{"embeddable":true,"href":"https:\/\/wp.ufpel.edu.br\/ceg\/wp-json\/wp\/v2\/users\/20"}],"replies":[{"embeddable":true,"href":"https:\/\/wp.ufpel.edu.br\/ceg\/wp-json\/wp\/v2\/comments?post=391"}],"version-history":[{"count":1,"href":"https:\/\/wp.ufpel.edu.br\/ceg\/wp-json\/wp\/v2\/pages\/391\/revisions"}],"predecessor-version":[{"id":393,"href":"https:\/\/wp.ufpel.edu.br\/ceg\/wp-json\/wp\/v2\/pages\/391\/revisions\/393"}],"up":[{"embeddable":true,"href":"https:\/\/wp.ufpel.edu.br\/ceg\/wp-json\/wp\/v2\/pages\/411"}],"wp:attachment":[{"href":"https:\/\/wp.ufpel.edu.br\/ceg\/wp-json\/wp\/v2\/media?parent=391"}],"curies":[{"name":"wp","href":"https:\/\/api.w.org\/{rel}","templated":true}]}}