{"id":281,"date":"2016-07-04T11:03:51","date_gmt":"2016-07-04T14:03:51","guid":{"rendered":"https:\/\/wp.ufpel.edu.br\/ceg\/?page_id=281"},"modified":"2017-08-28T09:28:03","modified_gmt":"2017-08-28T12:28:03","slug":"i-ceg-2015","status":"publish","type":"page","link":"https:\/\/wp.ufpel.edu.br\/ceg\/edicoes-anteriores\/i-ceg-2015\/","title":{"rendered":"I CEG (2015)"},"content":{"rendered":"<p><img loading=\"lazy\" decoding=\"async\" class=\"alignnone size-large wp-image-5\" src=\"https:\/\/wp.ufpel.edu.br\/ceg\/files\/2015\/04\/site-ceg-984x220.jpg\" alt=\"\" width=\"604\" height=\"135\" \/><\/p>\n<ul>\n<li><a href=\"https:\/\/wp.ufpel.edu.br\/ceg\/anais\/anais2015\/\">Anais (2015)<\/a><\/li>\n<li><a href=\"https:\/\/wp.ufpel.edu.br\/ceg\/files\/2015\/06\/Regulamento-I-Semana-Integrada.pdf\">Regulamento I Semana Integrada (2015)<\/a><\/li>\n<li><a href=\"https:\/\/wp.ufpel.edu.br\/ceg\/category\/noticias\/2015\/\">Not\u00edcias<\/a><\/li>\n<\/ul>\n<hr \/>\n<h3>Comiss\u00e3o Executiva I CEG<\/h3>\n<ul>\n<li>Afra Suelene de Sousa<\/li>\n<li>\u00c1lvaro Moreira Hypolito<\/li>\n<li>Carla Pires Tavares Lemos<\/li>\n<li>Carla Rosane Carret Machado<\/li>\n<li>Christian Ferreira Mackedanz<\/li>\n<\/ul>\n<h3>Equipe de Apoio I CEG<\/h3>\n<ul>\n<li>Adriane da Silva Behling<\/li>\n<li>Daiana San Martins Goulart<\/li>\n<li>Dionlei Alves Decker<\/li>\n<li>Isac Vergara Jansen<\/li>\n<li>Let\u00edcia Demari Antunes<\/li>\n<li>Mirian Pereira Bohrer<\/li>\n<li>Nilvair Pereira de Avila Nunes<\/li>\n<\/ul>\n<p>&nbsp;<\/p>\n","protected":false},"excerpt":{"rendered":"<p>Anais (2015) Regulamento I Semana Integrada (2015) Not\u00edcias Comiss\u00e3o Executiva I CEG Afra Suelene de Sousa \u00c1lvaro Moreira Hypolito Carla Pires Tavares Lemos Carla Rosane Carret Machado Christian Ferreira Mackedanz Equipe de Apoio I CEG Adriane da Silva Behling Daiana San Martins Goulart Dionlei Alves Decker Isac Vergara Jansen Let\u00edcia Demari Antunes Mirian Pereira Bohrer &hellip; <a href=\"https:\/\/wp.ufpel.edu.br\/ceg\/edicoes-anteriores\/i-ceg-2015\/\" class=\"more-link\">Continue lendo <span class=\"screen-reader-text\">I CEG (2015)<\/span> <span class=\"meta-nav\">&rarr;<\/span><\/a><\/p>\n","protected":false},"author":296,"featured_media":0,"parent":411,"menu_order":0,"comment_status":"closed","ping_status":"closed","template":"","meta":{"jetpack_post_was_ever_published":false,"footnotes":"","_links_to":"","_links_to_target":""},"class_list":["post-281","page","type-page","status-publish","hentry"],"jetpack_sharing_enabled":true,"_links":{"self":[{"href":"https:\/\/wp.ufpel.edu.br\/ceg\/wp-json\/wp\/v2\/pages\/281","targetHints":{"allow":["GET"]}}],"collection":[{"href":"https:\/\/wp.ufpel.edu.br\/ceg\/wp-json\/wp\/v2\/pages"}],"about":[{"href":"https:\/\/wp.ufpel.edu.br\/ceg\/wp-json\/wp\/v2\/types\/page"}],"author":[{"embeddable":true,"href":"https:\/\/wp.ufpel.edu.br\/ceg\/wp-json\/wp\/v2\/users\/296"}],"replies":[{"embeddable":true,"href":"https:\/\/wp.ufpel.edu.br\/ceg\/wp-json\/wp\/v2\/comments?post=281"}],"version-history":[{"count":5,"href":"https:\/\/wp.ufpel.edu.br\/ceg\/wp-json\/wp\/v2\/pages\/281\/revisions"}],"predecessor-version":[{"id":390,"href":"https:\/\/wp.ufpel.edu.br\/ceg\/wp-json\/wp\/v2\/pages\/281\/revisions\/390"}],"up":[{"embeddable":true,"href":"https:\/\/wp.ufpel.edu.br\/ceg\/wp-json\/wp\/v2\/pages\/411"}],"wp:attachment":[{"href":"https:\/\/wp.ufpel.edu.br\/ceg\/wp-json\/wp\/v2\/media?parent=281"}],"curies":[{"name":"wp","href":"https:\/\/api.w.org\/{rel}","templated":true}]}}