{"id":16,"date":"2015-04-02T15:41:40","date_gmt":"2015-04-02T18:41:40","guid":{"rendered":"https:\/\/wp.ufpel.edu.br\/ceg\/?page_id=16"},"modified":"2025-05-30T11:43:26","modified_gmt":"2025-05-30T14:43:26","slug":"organizacao","status":"publish","type":"page","link":"https:\/\/wp.ufpel.edu.br\/ceg\/organizacao\/","title":{"rendered":"Organiza\u00e7\u00e3o"},"content":{"rendered":"<h3>Comiss\u00e3o Organizadora XI CEG<\/h3>\n<ul>\n<li>Carine Dahl Corcini<\/li>\n<li>Carla Pires Tavares<\/li>\n<li>Christian Ferreira Mackedanz<\/li>\n<li>Gustavo Madruga Rickes<\/li>\n<\/ul>\n","protected":false},"excerpt":{"rendered":"<p>Comiss\u00e3o Organizadora XI CEG Carine Dahl Corcini Carla Pires Tavares Christian Ferreira Mackedanz Gustavo Madruga Rickes<\/p>\n","protected":false},"author":296,"featured_media":0,"parent":0,"menu_order":0,"comment_status":"closed","ping_status":"closed","template":"","meta":{"jetpack_post_was_ever_published":false,"footnotes":"","_links_to":"","_links_to_target":""},"class_list":["post-16","page","type-page","status-publish","hentry"],"jetpack_sharing_enabled":true,"_links":{"self":[{"href":"https:\/\/wp.ufpel.edu.br\/ceg\/wp-json\/wp\/v2\/pages\/16","targetHints":{"allow":["GET"]}}],"collection":[{"href":"https:\/\/wp.ufpel.edu.br\/ceg\/wp-json\/wp\/v2\/pages"}],"about":[{"href":"https:\/\/wp.ufpel.edu.br\/ceg\/wp-json\/wp\/v2\/types\/page"}],"author":[{"embeddable":true,"href":"https:\/\/wp.ufpel.edu.br\/ceg\/wp-json\/wp\/v2\/users\/296"}],"replies":[{"embeddable":true,"href":"https:\/\/wp.ufpel.edu.br\/ceg\/wp-json\/wp\/v2\/comments?post=16"}],"version-history":[{"count":28,"href":"https:\/\/wp.ufpel.edu.br\/ceg\/wp-json\/wp\/v2\/pages\/16\/revisions"}],"predecessor-version":[{"id":1324,"href":"https:\/\/wp.ufpel.edu.br\/ceg\/wp-json\/wp\/v2\/pages\/16\/revisions\/1324"}],"wp:attachment":[{"href":"https:\/\/wp.ufpel.edu.br\/ceg\/wp-json\/wp\/v2\/media?parent=16"}],"curies":[{"name":"wp","href":"https:\/\/api.w.org\/{rel}","templated":true}]}}