{"id":1312,"date":"2025-03-31T10:19:45","date_gmt":"2025-03-31T13:19:45","guid":{"rendered":"https:\/\/wp.ufpel.edu.br\/ceg\/?page_id=1312"},"modified":"2025-03-31T10:19:45","modified_gmt":"2025-03-31T13:19:45","slug":"programacao","status":"publish","type":"page","link":"https:\/\/wp.ufpel.edu.br\/ceg\/edicoes-anteriores\/x-ceg-2024\/programacao\/","title":{"rendered":"Programa\u00e7\u00e3o"},"content":{"rendered":"<p style=\"text-align: justify;\">Acesse aqui a <strong><span style=\"color: #0000ff;\"><a style=\"color: #0000ff;\" href=\"https:\/\/docs.google.com\/spreadsheets\/d\/e\/2PACX-1vQBWa0uw_W_IGCkyMMykuXZu9R1CkgADNX2k5OOKC0xnGjlaf_ZE8caFFfg_ZyJCfTScnYX3MFjVBn-\/pubhtml\">PROGRAMA\u00c7\u00c3O DE APRESENTA\u00c7\u00d5ES DO CEG 2024<\/a><\/span><\/strong>!<\/p>\n<p style=\"text-align: justify;\"><strong>Aten\u00e7\u00e3o<\/strong>: o cronograma de apresenta\u00e7\u00f5es ainda poder\u00e1 sofrer altera\u00e7\u00f5es, por isso recomendamos que verifique novamente o dia e hor\u00e1rio de sua apresenta\u00e7\u00e3o em data mais pr\u00f3xima ao evento.<\/p>\n<p>As apresenta\u00e7\u00f5es do CEG ocorrer\u00e3o todas no<strong> Bloco A, 4\u00ba andar, do <\/strong><span style=\"color: #0000ff;\"><b><a style=\"color: #0000ff;\" title=\"Localize no mapa\" href=\"http:\/\/goo.gl\/Boi7lb\">CAMPUS PORTO \/ ANGLO<\/a><\/b><\/span> (Rua Gomes Carneiro, n\u00ba 1 &#8211; Centro &#8211; CEP\u00a096010-610).<\/p>\n<p>\u00c9\u00a0 recomendado que a apresenta\u00e7\u00e3o esteja gravada em pendrive, em formato PDF, conforme indicado no Regulamento.<\/p>\n<p>D\u00favidas? Entre em contato conosco atrav\u00e9s do e-mail: <strong>ceg.ufpel@gmail.com<\/strong><\/p>\n","protected":false},"excerpt":{"rendered":"<p>Acesse aqui a PROGRAMA\u00c7\u00c3O DE APRESENTA\u00c7\u00d5ES DO CEG 2024! Aten\u00e7\u00e3o: o cronograma de apresenta\u00e7\u00f5es ainda poder\u00e1 sofrer altera\u00e7\u00f5es, por isso recomendamos que verifique novamente o dia e hor\u00e1rio de sua apresenta\u00e7\u00e3o em data mais pr\u00f3xima ao evento. As apresenta\u00e7\u00f5es do CEG ocorrer\u00e3o todas no Bloco A, 4\u00ba andar, do CAMPUS PORTO \/ ANGLO (Rua Gomes &hellip; <a href=\"https:\/\/wp.ufpel.edu.br\/ceg\/edicoes-anteriores\/x-ceg-2024\/programacao\/\" class=\"more-link\">Continue lendo <span class=\"screen-reader-text\">Programa\u00e7\u00e3o<\/span> <span class=\"meta-nav\">&rarr;<\/span><\/a><\/p>\n","protected":false},"author":20,"featured_media":0,"parent":1306,"menu_order":0,"comment_status":"closed","ping_status":"closed","template":"","meta":{"jetpack_post_was_ever_published":false,"footnotes":"","_links_to":"","_links_to_target":""},"class_list":["post-1312","page","type-page","status-publish","hentry"],"jetpack_sharing_enabled":true,"_links":{"self":[{"href":"https:\/\/wp.ufpel.edu.br\/ceg\/wp-json\/wp\/v2\/pages\/1312","targetHints":{"allow":["GET"]}}],"collection":[{"href":"https:\/\/wp.ufpel.edu.br\/ceg\/wp-json\/wp\/v2\/pages"}],"about":[{"href":"https:\/\/wp.ufpel.edu.br\/ceg\/wp-json\/wp\/v2\/types\/page"}],"author":[{"embeddable":true,"href":"https:\/\/wp.ufpel.edu.br\/ceg\/wp-json\/wp\/v2\/users\/20"}],"replies":[{"embeddable":true,"href":"https:\/\/wp.ufpel.edu.br\/ceg\/wp-json\/wp\/v2\/comments?post=1312"}],"version-history":[{"count":1,"href":"https:\/\/wp.ufpel.edu.br\/ceg\/wp-json\/wp\/v2\/pages\/1312\/revisions"}],"predecessor-version":[{"id":1314,"href":"https:\/\/wp.ufpel.edu.br\/ceg\/wp-json\/wp\/v2\/pages\/1312\/revisions\/1314"}],"up":[{"embeddable":true,"href":"https:\/\/wp.ufpel.edu.br\/ceg\/wp-json\/wp\/v2\/pages\/1306"}],"wp:attachment":[{"href":"https:\/\/wp.ufpel.edu.br\/ceg\/wp-json\/wp\/v2\/media?parent=1312"}],"curies":[{"name":"wp","href":"https:\/\/api.w.org\/{rel}","templated":true}]}}