{"id":1301,"date":"2024-12-06T12:33:13","date_gmt":"2024-12-06T15:33:13","guid":{"rendered":"https:\/\/wp.ufpel.edu.br\/ceg\/?page_id=1301"},"modified":"2026-02-13T10:46:32","modified_gmt":"2026-02-13T13:46:32","slug":"anais-2024","status":"publish","type":"page","link":"https:\/\/wp.ufpel.edu.br\/ceg\/anais\/anais-2024\/","title":{"rendered":"Anais 2024"},"content":{"rendered":"<p><strong>Congresso de Ensino de Gradua\u00e7\u00e3o<\/strong><\/p>\n<p>Editorial:<\/p>\n<p><span style=\"color: #0000ff;\"><a style=\"color: #0000ff;\" href=\"https:\/\/wp.ufpel.edu.br\/ceg\/files\/2025\/12\/Editorial-CEG-2024.pdf\">Editorial CEG 2024<\/a><\/span><\/p>\n<p>Volumes:<\/p>\n<p><span style=\"color: #0000ff;\"><a style=\"color: #0000ff;\" href=\"https:\/\/wp.ufpel.edu.br\/ceg\/files\/2025\/12\/G1-2024.pdf\">Eixo 1: Diversidade no Ensino Superior<\/a><\/span><\/p>\n<p><span style=\"color: #0000ff;\"><a style=\"color: #0000ff;\" href=\"https:\/\/wp.ufpel.edu.br\/ceg\/files\/2025\/12\/G2-2024.pdf\">Eixo 2: Tecnologias Educacionais na Educa\u00e7\u00e3o Superior<\/a><\/span><\/p>\n<p><span style=\"color: #0000ff;\"><a style=\"color: #0000ff;\" href=\"https:\/\/wp.ufpel.edu.br\/ceg\/files\/2025\/12\/G3-2024.pdf\">Eixo 3: Projetos e Programas Institucionais<\/a><\/span><\/p>\n<p><span style=\"color: #0000ff;\"><a style=\"color: #0000ff;\" href=\"https:\/\/wp.ufpel.edu.br\/ceg\/files\/2025\/12\/G4-2024-1.pdf\">Eixo 4: Monitorias<\/a><\/span><\/p>\n<p><span style=\"color: #0000ff;\"><a style=\"color: #0000ff;\" href=\"https:\/\/wp.ufpel.edu.br\/ceg\/files\/2025\/12\/g5-2024.pdf\">Eixo 5: Relato de experi\u00eancia na Gradua\u00e7\u00e3o<\/a><\/span><\/p>\n<p>&nbsp;<\/p>\n","protected":false},"excerpt":{"rendered":"<p>Congresso de Ensino de Gradua\u00e7\u00e3o Editorial: Editorial CEG 2024 Volumes: Eixo 1: Diversidade no Ensino Superior Eixo 2: Tecnologias Educacionais na Educa\u00e7\u00e3o Superior Eixo 3: Projetos e Programas Institucionais Eixo 4: Monitorias Eixo 5: Relato de experi\u00eancia na Gradua\u00e7\u00e3o &nbsp;<\/p>\n","protected":false},"author":20,"featured_media":0,"parent":18,"menu_order":0,"comment_status":"closed","ping_status":"closed","template":"","meta":{"jetpack_post_was_ever_published":false,"footnotes":"","_links_to":"","_links_to_target":""},"class_list":["post-1301","page","type-page","status-publish","hentry"],"jetpack_sharing_enabled":true,"_links":{"self":[{"href":"https:\/\/wp.ufpel.edu.br\/ceg\/wp-json\/wp\/v2\/pages\/1301","targetHints":{"allow":["GET"]}}],"collection":[{"href":"https:\/\/wp.ufpel.edu.br\/ceg\/wp-json\/wp\/v2\/pages"}],"about":[{"href":"https:\/\/wp.ufpel.edu.br\/ceg\/wp-json\/wp\/v2\/types\/page"}],"author":[{"embeddable":true,"href":"https:\/\/wp.ufpel.edu.br\/ceg\/wp-json\/wp\/v2\/users\/20"}],"replies":[{"embeddable":true,"href":"https:\/\/wp.ufpel.edu.br\/ceg\/wp-json\/wp\/v2\/comments?post=1301"}],"version-history":[{"count":3,"href":"https:\/\/wp.ufpel.edu.br\/ceg\/wp-json\/wp\/v2\/pages\/1301\/revisions"}],"predecessor-version":[{"id":1386,"href":"https:\/\/wp.ufpel.edu.br\/ceg\/wp-json\/wp\/v2\/pages\/1301\/revisions\/1386"}],"up":[{"embeddable":true,"href":"https:\/\/wp.ufpel.edu.br\/ceg\/wp-json\/wp\/v2\/pages\/18"}],"wp:attachment":[{"href":"https:\/\/wp.ufpel.edu.br\/ceg\/wp-json\/wp\/v2\/media?parent=1301"}],"curies":[{"name":"wp","href":"https:\/\/api.w.org\/{rel}","templated":true}]}}