{"id":1082,"date":"2022-05-10T10:32:48","date_gmt":"2022-05-10T13:32:48","guid":{"rendered":"https:\/\/wp.ufpel.edu.br\/ceg\/?page_id=1082"},"modified":"2022-05-10T10:45:39","modified_gmt":"2022-05-10T13:45:39","slug":"vii-ceg-2021","status":"publish","type":"page","link":"https:\/\/wp.ufpel.edu.br\/ceg\/edicoes-anteriores\/vii-ceg-2021\/","title":{"rendered":"VII CEG (2021)"},"content":{"rendered":"<p style=\"text-align: center;\"><a href=\"https:\/\/wp.ufpel.edu.br\/ceg\/files\/2021\/06\/cropped-CEG_2021.png\"><img loading=\"lazy\" decoding=\"async\" class=\"aligncenter wp-image-1015 size-large\" src=\"https:\/\/wp.ufpel.edu.br\/ceg\/files\/2021\/06\/cropped-CEG_2021-984x220.png\" alt=\"\" width=\"604\" height=\"135\" \/><\/a><strong>DE 18 A 22 DE OUTUBRO DE 2021, EM FORMATO REMOTO.<\/strong><\/p>\n<ul>\n<li><a href=\"https:\/\/wp.ufpel.edu.br\/ceg\/anais\/anais-2021\/\">Anais 2021<\/a><\/li>\n<li><a href=\"https:\/\/wp.ufpel.edu.br\/ceg\/category\/noticias\/2021\/\">Not\u00edcias<\/a><\/li>\n<\/ul>\n<h3>Trabalhos apresentados (v\u00eddeos):<\/h3>\n<ul>\n<li><a href=\"https:\/\/cti.ufpel.edu.br\/siiepe\/apresentacoes\/2021\/ca\/ceg\">Ci\u00eancias Agr\u00e1rias<\/a><\/li>\n<li><a href=\"https:\/\/cti.ufpel.edu.br\/siiepe\/apresentacoes\/2021\/cb\/ceg\">Ci\u00eancias Biol\u00f3gicas<\/a><\/li>\n<li><a href=\"https:\/\/cti.ufpel.edu.br\/siiepe\/apresentacoes\/2021\/ce\/ceg\">Ci\u00eancias Exatas e da Terra<\/a><\/li>\n<li><a href=\"https:\/\/cti.ufpel.edu.br\/siiepe\/apresentacoes\/2021\/ch\/ceg\">Ci\u00eancias Humanas<\/a><\/li>\n<li><a href=\"https:\/\/cti.ufpel.edu.br\/siiepe\/apresentacoes\/2021\/cs\/ceg\">Ci\u00eancias da Sa\u00fade<\/a><\/li>\n<li><a href=\"https:\/\/cti.ufpel.edu.br\/siiepe\/apresentacoes\/2021\/sa\/ceg\">Ci\u00eancias Sociais Aplicadas<\/a><\/li>\n<li><a href=\"https:\/\/cti.ufpel.edu.br\/siiepe\/apresentacoes\/2021\/en\/ceg\">Engenharias<\/a><\/li>\n<li><a href=\"https:\/\/cti.ufpel.edu.br\/siiepe\/apresentacoes\/2021\/la\/ceg\">Ling\u00fc\u00edstica, Letras e Artes<\/a><\/li>\n<li><a href=\"https:\/\/cti.ufpel.edu.br\/siiepe\/apresentacoes\/2021\/md\/ceg\">Multidisciplinar<\/a><\/li>\n<\/ul>\n<p>&nbsp;<\/p>\n<hr \/>\n<h3>Comiss\u00e3o Organizadora VII CEG<\/h3>\n<ul>\n<li>Carine Dahl Corcini<\/li>\n<li>Carla Pires Tavares<\/li>\n<li>Christian Ferreira Mackedanz<\/li>\n<li>Gustavo Madruga Rickes<\/li>\n<\/ul>\n<p>&nbsp;<\/p>\n","protected":false},"excerpt":{"rendered":"<p>DE 18 A 22 DE OUTUBRO DE 2021, EM FORMATO REMOTO. Anais 2021 Not\u00edcias Trabalhos apresentados (v\u00eddeos): Ci\u00eancias Agr\u00e1rias Ci\u00eancias Biol\u00f3gicas Ci\u00eancias Exatas e da Terra Ci\u00eancias Humanas Ci\u00eancias da Sa\u00fade Ci\u00eancias Sociais Aplicadas Engenharias Ling\u00fc\u00edstica, Letras e Artes Multidisciplinar &nbsp; Comiss\u00e3o Organizadora VII CEG Carine Dahl Corcini Carla Pires Tavares Christian Ferreira Mackedanz Gustavo &hellip; <a href=\"https:\/\/wp.ufpel.edu.br\/ceg\/edicoes-anteriores\/vii-ceg-2021\/\" class=\"more-link\">Continue lendo <span class=\"screen-reader-text\">VII CEG (2021)<\/span> <span class=\"meta-nav\">&rarr;<\/span><\/a><\/p>\n","protected":false},"author":20,"featured_media":0,"parent":411,"menu_order":0,"comment_status":"closed","ping_status":"closed","template":"","meta":{"jetpack_post_was_ever_published":false,"footnotes":"","_links_to":"","_links_to_target":""},"class_list":["post-1082","page","type-page","status-publish","hentry"],"jetpack_sharing_enabled":true,"_links":{"self":[{"href":"https:\/\/wp.ufpel.edu.br\/ceg\/wp-json\/wp\/v2\/pages\/1082","targetHints":{"allow":["GET"]}}],"collection":[{"href":"https:\/\/wp.ufpel.edu.br\/ceg\/wp-json\/wp\/v2\/pages"}],"about":[{"href":"https:\/\/wp.ufpel.edu.br\/ceg\/wp-json\/wp\/v2\/types\/page"}],"author":[{"embeddable":true,"href":"https:\/\/wp.ufpel.edu.br\/ceg\/wp-json\/wp\/v2\/users\/20"}],"replies":[{"embeddable":true,"href":"https:\/\/wp.ufpel.edu.br\/ceg\/wp-json\/wp\/v2\/comments?post=1082"}],"version-history":[{"count":2,"href":"https:\/\/wp.ufpel.edu.br\/ceg\/wp-json\/wp\/v2\/pages\/1082\/revisions"}],"predecessor-version":[{"id":1087,"href":"https:\/\/wp.ufpel.edu.br\/ceg\/wp-json\/wp\/v2\/pages\/1082\/revisions\/1087"}],"up":[{"embeddable":true,"href":"https:\/\/wp.ufpel.edu.br\/ceg\/wp-json\/wp\/v2\/pages\/411"}],"wp:attachment":[{"href":"https:\/\/wp.ufpel.edu.br\/ceg\/wp-json\/wp\/v2\/media?parent=1082"}],"curies":[{"name":"wp","href":"https:\/\/api.w.org\/{rel}","templated":true}]}}