{"id":1009,"date":"2021-05-31T16:29:49","date_gmt":"2021-05-31T19:29:49","guid":{"rendered":"https:\/\/wp.ufpel.edu.br\/ceg\/?page_id=1009"},"modified":"2021-06-15T11:32:06","modified_gmt":"2021-06-15T14:32:06","slug":"vi-ceg-2020","status":"publish","type":"page","link":"https:\/\/wp.ufpel.edu.br\/ceg\/edicoes-anteriores\/vi-ceg-2020\/","title":{"rendered":"VI CEG (2020)"},"content":{"rendered":"<p style=\"text-align: center;\"><img loading=\"lazy\" decoding=\"async\" class=\"alignnone size-large wp-image-960\" src=\"https:\/\/wp.ufpel.edu.br\/ceg\/files\/2020\/08\/CEG-984x220.png\" alt=\"\" width=\"604\" height=\"135\" \/><br \/>\n<strong>DE 23 A 27 DE NOVEMBRO DE 2020, EM FORMATO REMOTO.<\/strong><\/p>\n<ul>\n<li><a href=\"https:\/\/wp.ufpel.edu.br\/ceg\/anais\/anais-2020\/\">Anais 2020<\/a><\/li>\n<li><a href=\"https:\/\/wp.ufpel.edu.br\/ceg\/category\/noticias\/2020\/\">Not\u00edcias<\/a><\/li>\n<\/ul>\n<h3>Trabalhos apresentados (v\u00eddeos):<\/h3>\n<ul>\n<li><a href=\"https:\/\/cti.ufpel.edu.br\/siiepe\/apresentacoes\/2020\/ca\/ceg\">Ci\u00eancias Agr\u00e1rias<\/a><\/li>\n<li><a href=\"https:\/\/cti.ufpel.edu.br\/siiepe\/apresentacoes\/2020\/cb\/ceg\">Ci\u00eancias Biol\u00f3gicas<\/a><\/li>\n<li><a href=\"https:\/\/cti.ufpel.edu.br\/siiepe\/apresentacoes\/2020\/ce\/ceg\">Ci\u00eancias Exatas e da Terra<\/a><\/li>\n<li><a href=\"https:\/\/cti.ufpel.edu.br\/siiepe\/apresentacoes\/2020\/ch\/ceg\">Ci\u00eancias Humanas<\/a><\/li>\n<li><a href=\"https:\/\/cti.ufpel.edu.br\/siiepe\/apresentacoes\/2020\/cs\/ceg\">Ci\u00eancias da Sa\u00fade<\/a><\/li>\n<li><a href=\"https:\/\/cti.ufpel.edu.br\/siiepe\/apresentacoes\/2020\/sa\/ceg\">Ci\u00eancias Sociais Aplicadas<\/a><\/li>\n<li><a href=\"https:\/\/cti.ufpel.edu.br\/siiepe\/apresentacoes\/2020\/en\/ceg\">Engenharias<\/a><\/li>\n<li><a href=\"https:\/\/cti.ufpel.edu.br\/siiepe\/apresentacoes\/2020\/la\/ceg\">Ling\u00fc\u00edstica, Letras e Artes<\/a><\/li>\n<li><a href=\"https:\/\/cti.ufpel.edu.br\/siiepe\/apresentacoes\/2020\/md\/ceg\">Multidisciplinar<\/a><\/li>\n<\/ul>\n<p>&nbsp;<\/p>\n<hr \/>\n<h3>Comit\u00ea Executivo VI CEG<\/h3>\n<ul>\n<li>Carine Dahl Corcini<\/li>\n<li>Carla Pires Tavares<\/li>\n<li>Gustavo Madruga Rickes<\/li>\n<li>Thamisa Ramos Flores dos Santos<\/li>\n<\/ul>\n<p>&nbsp;<\/p>\n","protected":false},"excerpt":{"rendered":"<p>DE 23 A 27 DE NOVEMBRO DE 2020, EM FORMATO REMOTO. Anais 2020 Not\u00edcias Trabalhos apresentados (v\u00eddeos): Ci\u00eancias Agr\u00e1rias Ci\u00eancias Biol\u00f3gicas Ci\u00eancias Exatas e da Terra Ci\u00eancias Humanas Ci\u00eancias da Sa\u00fade Ci\u00eancias Sociais Aplicadas Engenharias Ling\u00fc\u00edstica, Letras e Artes Multidisciplinar &nbsp; Comit\u00ea Executivo VI CEG Carine Dahl Corcini Carla Pires Tavares Gustavo Madruga Rickes Thamisa &hellip; <a href=\"https:\/\/wp.ufpel.edu.br\/ceg\/edicoes-anteriores\/vi-ceg-2020\/\" class=\"more-link\">Continue lendo <span class=\"screen-reader-text\">VI CEG (2020)<\/span> <span class=\"meta-nav\">&rarr;<\/span><\/a><\/p>\n","protected":false},"author":20,"featured_media":0,"parent":411,"menu_order":0,"comment_status":"closed","ping_status":"closed","template":"","meta":{"jetpack_post_was_ever_published":false,"footnotes":"","_links_to":"","_links_to_target":""},"class_list":["post-1009","page","type-page","status-publish","hentry"],"jetpack_sharing_enabled":true,"_links":{"self":[{"href":"https:\/\/wp.ufpel.edu.br\/ceg\/wp-json\/wp\/v2\/pages\/1009","targetHints":{"allow":["GET"]}}],"collection":[{"href":"https:\/\/wp.ufpel.edu.br\/ceg\/wp-json\/wp\/v2\/pages"}],"about":[{"href":"https:\/\/wp.ufpel.edu.br\/ceg\/wp-json\/wp\/v2\/types\/page"}],"author":[{"embeddable":true,"href":"https:\/\/wp.ufpel.edu.br\/ceg\/wp-json\/wp\/v2\/users\/20"}],"replies":[{"embeddable":true,"href":"https:\/\/wp.ufpel.edu.br\/ceg\/wp-json\/wp\/v2\/comments?post=1009"}],"version-history":[{"count":4,"href":"https:\/\/wp.ufpel.edu.br\/ceg\/wp-json\/wp\/v2\/pages\/1009\/revisions"}],"predecessor-version":[{"id":1023,"href":"https:\/\/wp.ufpel.edu.br\/ceg\/wp-json\/wp\/v2\/pages\/1009\/revisions\/1023"}],"up":[{"embeddable":true,"href":"https:\/\/wp.ufpel.edu.br\/ceg\/wp-json\/wp\/v2\/pages\/411"}],"wp:attachment":[{"href":"https:\/\/wp.ufpel.edu.br\/ceg\/wp-json\/wp\/v2\/media?parent=1009"}],"curies":[{"name":"wp","href":"https:\/\/api.w.org\/{rel}","templated":true}]}}