{"id":4,"date":"2022-05-05T10:52:48","date_gmt":"2022-05-05T13:52:48","guid":{"rendered":"https:\/\/wp.ufpel.edu.br\/ceeccso\/?page_id=4"},"modified":"2025-04-14T16:19:20","modified_gmt":"2025-04-14T19:19:20","slug":"sobre-a-cee-ccso","status":"publish","type":"page","link":"https:\/\/wp.ufpel.edu.br\/ceeccso\/sobre-a-cee-ccso\/","title":{"rendered":"Sobre a CEE-CCSO"},"content":{"rendered":"<p>A C\u00e2mara de Ensino e Extens\u00e3o &#8211; CEE do Centro de Ci\u00eancias Socio-Organizacionais &#8211; CCSO foi institu\u00edda pela <a href=\"https:\/\/wp.ufpel.edu.br\/ceeccso\/files\/2025\/03\/SEI_2995979_Portaria_Interna_9.pdf\">PORTARIA N\u00ba 9, DE 21 de mar\u00e7o de 2025<\/a>. Atualmente, a CEE possui a seguinte composi\u00e7\u00e3o:<\/p>\n<p><strong><i>Quadro Docente<\/i>:<\/strong><\/p>\n<p class=\"Texto_Centralizado\"><a href=\"http:\/\/lattes.cnpq.br\/6364821985636513\"><em>Maria da Gra\u00e7a Saraiva Nogueira\u00a0 (Coordenadora) &#8211; Mandato at\u00e9 02\/2026<\/em><\/a><\/p>\n<p class=\"Texto_Centralizado\"><a href=\"http:\/\/lattes.cnpq.br\/0039985271324456\"><em>Caroline Casali\u00a0 &#8211; Mandato at\u00e9 04\/2027<\/em><\/a><\/p>\n<p class=\"Texto_Centralizado\"><a href=\"http:\/\/lattes.cnpq.br\/9200986373972643\"><em>Luciana Nunes Ferreira &#8211; Mandato at\u00e9 04\/2027<\/em><\/a><\/p>\n<p><strong style=\"color: var(--cor-texto); font-family: var(--fonte-corpo);\"><i>Quadro T\u00e9cnico-Administrativo em Educa\u00e7\u00e3o<\/i>:<\/strong><\/p>\n<p><a href=\"http:\/\/lattes.cnpq.br\/6991864202358889\"><em>Sidney Daniel Batista &#8211; Mandato at\u00e9 04\/2027<\/em><\/a><\/p>\n","protected":false},"excerpt":{"rendered":"<p>A C\u00e2mara de Ensino e Extens\u00e3o &#8211; CEE do Centro de Ci\u00eancias Socio-Organizacionais &#8211; CCSO foi institu\u00edda pela PORTARIA N\u00ba 9, DE 21 de mar\u00e7o de 2025. Atualmente, a CEE possui a seguinte composi\u00e7\u00e3o: Quadro Docente: Maria da Gra\u00e7a Saraiva Nogueira\u00a0 (Coordenadora) &#8211; Mandato at\u00e9 02\/2026 Caroline Casali\u00a0 &#8211; Mandato at\u00e9 04\/2027 Luciana Nunes Ferreira [&hellip;]<\/p>\n","protected":false},"author":1230,"featured_media":0,"parent":0,"menu_order":0,"comment_status":"closed","ping_status":"closed","template":"","meta":{"footnotes":""},"class_list":["post-4","page","type-page","status-publish","hentry"],"jetpack_sharing_enabled":false,"_links":{"self":[{"href":"https:\/\/wp.ufpel.edu.br\/ceeccso\/wp-json\/wp\/v2\/pages\/4","targetHints":{"allow":["GET"]}}],"collection":[{"href":"https:\/\/wp.ufpel.edu.br\/ceeccso\/wp-json\/wp\/v2\/pages"}],"about":[{"href":"https:\/\/wp.ufpel.edu.br\/ceeccso\/wp-json\/wp\/v2\/types\/page"}],"author":[{"embeddable":true,"href":"https:\/\/wp.ufpel.edu.br\/ceeccso\/wp-json\/wp\/v2\/users\/1230"}],"replies":[{"embeddable":true,"href":"https:\/\/wp.ufpel.edu.br\/ceeccso\/wp-json\/wp\/v2\/comments?post=4"}],"version-history":[{"count":11,"href":"https:\/\/wp.ufpel.edu.br\/ceeccso\/wp-json\/wp\/v2\/pages\/4\/revisions"}],"predecessor-version":[{"id":452,"href":"https:\/\/wp.ufpel.edu.br\/ceeccso\/wp-json\/wp\/v2\/pages\/4\/revisions\/452"}],"wp:attachment":[{"href":"https:\/\/wp.ufpel.edu.br\/ceeccso\/wp-json\/wp\/v2\/media?parent=4"}],"curies":[{"name":"wp","href":"https:\/\/api.w.org\/{rel}","templated":true}]}}