{"id":388,"date":"2023-03-02T17:04:10","date_gmt":"2023-03-02T20:04:10","guid":{"rendered":"https:\/\/wp.ufpel.edu.br\/ceeccso\/?page_id=388"},"modified":"2023-03-02T17:04:52","modified_gmt":"2023-03-02T20:04:52","slug":"gestao-de-pessoas-uma-investigacao-das-principais-praticas-adotadas-pelas-organizacoes-do-sul-do-estado-do-rio-grande-do-sul","status":"publish","type":"page","link":"https:\/\/wp.ufpel.edu.br\/ceeccso\/gestao-de-pessoas-uma-investigacao-das-principais-praticas-adotadas-pelas-organizacoes-do-sul-do-estado-do-rio-grande-do-sul\/","title":{"rendered":"Gest\u00e3o de Pessoas: uma investiga\u00e7\u00e3o das principais pr\u00e1ticas adotadas pelas organiza\u00e7\u00f5es do Sul do Estado do Rio Grande do Sul"},"content":{"rendered":"<p style=\"text-align: justify;\">O Projeto unificado de pesquisa &#8216;<strong>Gest\u00e3o de Pessoas: uma investiga\u00e7\u00e3o das principais pr\u00e1ticas adotadas pelas organiza\u00e7\u00f5es do Sul do Estado do Rio Grande do Sul<\/strong>&#8216; \u00e9 coordenado pela professora Francielle Molon da Silva e objetiva analisar como as organiza\u00e7\u00f5es adotam as pr\u00e1ticas de gest\u00e3o de pessoas em seus contextos de trabalho. Sua vig\u00eancia \u00e9 de 16 de dezembro de 2020 a 16 de dezembro de 2024.<\/p>\n<p>Nesse projeto, h\u00e1 uma a\u00e7\u00e3o de extens\u00e3o em execu\u00e7\u00e3o:<\/p>\n<ul>\n<li>Pr\u00e1ticas de Gest\u00e3o de Pessoas.<\/li>\n<\/ul>\n","protected":false},"excerpt":{"rendered":"<p>O Projeto unificado de pesquisa &#8216;Gest\u00e3o de Pessoas: uma investiga\u00e7\u00e3o das principais pr\u00e1ticas adotadas pelas organiza\u00e7\u00f5es do Sul do Estado do Rio Grande do Sul&#8216; \u00e9 coordenado pela professora Francielle Molon da Silva e objetiva analisar como as organiza\u00e7\u00f5es adotam as pr\u00e1ticas de gest\u00e3o de pessoas em seus contextos de trabalho. Sua vig\u00eancia \u00e9 de [&hellip;]<\/p>\n","protected":false},"author":1230,"featured_media":0,"parent":0,"menu_order":0,"comment_status":"closed","ping_status":"closed","template":"","meta":{"footnotes":""},"class_list":["post-388","page","type-page","status-publish","hentry"],"jetpack_sharing_enabled":false,"_links":{"self":[{"href":"https:\/\/wp.ufpel.edu.br\/ceeccso\/wp-json\/wp\/v2\/pages\/388","targetHints":{"allow":["GET"]}}],"collection":[{"href":"https:\/\/wp.ufpel.edu.br\/ceeccso\/wp-json\/wp\/v2\/pages"}],"about":[{"href":"https:\/\/wp.ufpel.edu.br\/ceeccso\/wp-json\/wp\/v2\/types\/page"}],"author":[{"embeddable":true,"href":"https:\/\/wp.ufpel.edu.br\/ceeccso\/wp-json\/wp\/v2\/users\/1230"}],"replies":[{"embeddable":true,"href":"https:\/\/wp.ufpel.edu.br\/ceeccso\/wp-json\/wp\/v2\/comments?post=388"}],"version-history":[{"count":1,"href":"https:\/\/wp.ufpel.edu.br\/ceeccso\/wp-json\/wp\/v2\/pages\/388\/revisions"}],"predecessor-version":[{"id":390,"href":"https:\/\/wp.ufpel.edu.br\/ceeccso\/wp-json\/wp\/v2\/pages\/388\/revisions\/390"}],"wp:attachment":[{"href":"https:\/\/wp.ufpel.edu.br\/ceeccso\/wp-json\/wp\/v2\/media?parent=388"}],"curies":[{"name":"wp","href":"https:\/\/api.w.org\/{rel}","templated":true}]}}