{"id":352,"date":"2022-07-13T11:22:23","date_gmt":"2022-07-13T14:22:23","guid":{"rendered":"https:\/\/wp.ufpel.edu.br\/ceeccso\/?page_id=352"},"modified":"2023-03-02T16:13:59","modified_gmt":"2023-03-02T19:13:59","slug":"papo-de-gestao","status":"publish","type":"page","link":"https:\/\/wp.ufpel.edu.br\/ceeccso\/papo-de-gestao\/","title":{"rendered":"Blog &#8220;Papo de Gest\u00e3o&#8221;"},"content":{"rendered":"<p style=\"text-align: justify;\">O projeto &#8216;<strong>Papo de Gest\u00e3o<\/strong>&#8216; tem como coordenador o Prof. Alisson Maehler, e como coordenador adjunto o Prof. Eduardo Ritter. Seu prazo de vig\u00eancia \u00e9 de 13 de mar\u00e7o de 2022 a 31 de dezembro de 2023.\u00a0 Tem como objetivo central desenvolver, atualizar e divulgar o site Papo de Gest\u00e3o com conte\u00fados voltados para gest\u00e3o, finan\u00e7as, marketing e economia, com \u00eanfase na divulga\u00e7\u00e3o cient\u00edfica, t\u00e9cnica, gerencial e acad\u00eamica para toda a comunidade.<\/p>\n<p>Atualmente, o projeto possui quatro a\u00e7\u00f5es cadastradas, a saber:<\/p>\n<ul>\n<li>Cria\u00e7\u00e3o do site;<\/li>\n<li>Lan\u00e7amento do site; e,<\/li>\n<li>Atualiza\u00e7\u00e3o e manuten\u00e7\u00e3o do site.<\/li>\n<\/ul>\n","protected":false},"excerpt":{"rendered":"<p>O projeto &#8216;Papo de Gest\u00e3o&#8216; tem como coordenador o Prof. Alisson Maehler, e como coordenador adjunto o Prof. Eduardo Ritter. Seu prazo de vig\u00eancia \u00e9 de 13 de mar\u00e7o de 2022 a 31 de dezembro de 2023.\u00a0 Tem como objetivo central desenvolver, atualizar e divulgar o site Papo de Gest\u00e3o com conte\u00fados voltados para gest\u00e3o, [&hellip;]<\/p>\n","protected":false},"author":1230,"featured_media":0,"parent":0,"menu_order":0,"comment_status":"closed","ping_status":"closed","template":"","meta":{"footnotes":""},"class_list":["post-352","page","type-page","status-publish","hentry"],"jetpack_sharing_enabled":false,"_links":{"self":[{"href":"https:\/\/wp.ufpel.edu.br\/ceeccso\/wp-json\/wp\/v2\/pages\/352","targetHints":{"allow":["GET"]}}],"collection":[{"href":"https:\/\/wp.ufpel.edu.br\/ceeccso\/wp-json\/wp\/v2\/pages"}],"about":[{"href":"https:\/\/wp.ufpel.edu.br\/ceeccso\/wp-json\/wp\/v2\/types\/page"}],"author":[{"embeddable":true,"href":"https:\/\/wp.ufpel.edu.br\/ceeccso\/wp-json\/wp\/v2\/users\/1230"}],"replies":[{"embeddable":true,"href":"https:\/\/wp.ufpel.edu.br\/ceeccso\/wp-json\/wp\/v2\/comments?post=352"}],"version-history":[{"count":4,"href":"https:\/\/wp.ufpel.edu.br\/ceeccso\/wp-json\/wp\/v2\/pages\/352\/revisions"}],"predecessor-version":[{"id":379,"href":"https:\/\/wp.ufpel.edu.br\/ceeccso\/wp-json\/wp\/v2\/pages\/352\/revisions\/379"}],"wp:attachment":[{"href":"https:\/\/wp.ufpel.edu.br\/ceeccso\/wp-json\/wp\/v2\/media?parent=352"}],"curies":[{"name":"wp","href":"https:\/\/api.w.org\/{rel}","templated":true}]}}