{"id":321,"date":"2022-06-08T12:21:58","date_gmt":"2022-06-08T15:21:58","guid":{"rendered":"https:\/\/wp.ufpel.edu.br\/ceeccso\/?page_id=321"},"modified":"2022-06-16T17:59:09","modified_gmt":"2022-06-16T20:59:09","slug":"mata-sensorial-cuidativa-inspirar-expirar-acao","status":"publish","type":"page","link":"https:\/\/wp.ufpel.edu.br\/ceeccso\/programas-projetos-e-acoes\/acoes\/mata-sensorial-cuidativa-inspirar-expirar-acao\/","title":{"rendered":"Mata Sensorial CuidATIVA: Inspirar Expirar A\u00c7\u00c3O"},"content":{"rendered":"<p style=\"text-align: justify;\">O projeto unificado de extens\u00e3o &#8216;<strong>Mata Sensorial CuidATIVA: Inspirar Expirar A\u00c7\u00c3O<\/strong>&#8216; \u00e9 coordenado pelos professores Julieta Maria Carriconde Fripp (Coordenadora), da Faculdade de Medicina-FAMED, e Mario Duarte Canever (Coordenador adjunto), da Faculdade de Agronomia Eliseu Maciel-FAEM. Seu objetivo \u00e9 implementar a\u00e7\u00f5es de Cuidado Ativo em sa\u00fade no contexto dos Cuidados Paliativos, incluindo atividades de pr\u00e1ticas integrativas e complementares , agroecologia, bot\u00e2nica, paisagem musical, arquitetura, ambientalismo e paisagismo, arte, educa\u00e7\u00e3o terap\u00eautica, saberes originais e espiritualidade, com aplica\u00e7\u00e3o de tecnologias sociais criativas, em ambiente natural na Mata Cuidativa, tendo publico alvo pacientes e familiares em Cuidados Paliativos.<\/p>\n<p style=\"text-align: justify;\">Por seu car\u00e1ter multi, trans e interdisciplinar, o projeto conta com a participa\u00e7\u00e3o de servidores de diferentes unidades da UFPel. O professor <strong>Fabiano Milano Fritzen<\/strong>, <strong>do CCSO<\/strong>, \u00e9 respons\u00e1vel pela a\u00e7\u00e3o <strong>Mata Sensorial e Cuidados Paliativos: sistematiza\u00e7\u00e3o e difus\u00e3o<\/strong> cujos objetivos s\u00e3o:<\/p>\n<ul>\n<li>mapear peri\u00f3dicos cient\u00edficos da UFPel, de outras universidades e de institui\u00e7\u00f5es parceiras com potencial para acolher publica\u00e7\u00f5es que promovam a discuss\u00e3o das a\u00e7\u00f5es do projeto;<\/li>\n<li>promover a divulga\u00e7\u00e3o das oportunidades de publica\u00e7\u00e3o cient\u00edfica entre os membros do projeto;<\/li>\n<li>integrar e guiar os fluxos, processos e sentidos comunicacionais do projeto em sua intera\u00e7\u00e3o com os \u00f3rg\u00e3os de imprensa;<\/li>\n<li>administrar fan pages do projeto em redes sociais;<\/li>\n<li>planejar o processo de mapeamento, cataloga\u00e7\u00e3o e registro de mem\u00f3rias; e,<\/li>\n<li>realizar o mapeamento peri\u00f3dico.<\/li>\n<\/ul>\n","protected":false},"excerpt":{"rendered":"<p>O projeto unificado de extens\u00e3o &#8216;Mata Sensorial CuidATIVA: Inspirar Expirar A\u00c7\u00c3O&#8216; \u00e9 coordenado pelos professores Julieta Maria Carriconde Fripp (Coordenadora), da Faculdade de Medicina-FAMED, e Mario Duarte Canever (Coordenador adjunto), da Faculdade de Agronomia Eliseu Maciel-FAEM. Seu objetivo \u00e9 implementar a\u00e7\u00f5es de Cuidado Ativo em sa\u00fade no contexto dos Cuidados Paliativos, incluindo atividades de pr\u00e1ticas [&hellip;]<\/p>\n","protected":false},"author":1230,"featured_media":0,"parent":60,"menu_order":0,"comment_status":"closed","ping_status":"closed","template":"","meta":{"footnotes":""},"class_list":["post-321","page","type-page","status-publish","hentry"],"jetpack_sharing_enabled":false,"_links":{"self":[{"href":"https:\/\/wp.ufpel.edu.br\/ceeccso\/wp-json\/wp\/v2\/pages\/321","targetHints":{"allow":["GET"]}}],"collection":[{"href":"https:\/\/wp.ufpel.edu.br\/ceeccso\/wp-json\/wp\/v2\/pages"}],"about":[{"href":"https:\/\/wp.ufpel.edu.br\/ceeccso\/wp-json\/wp\/v2\/types\/page"}],"author":[{"embeddable":true,"href":"https:\/\/wp.ufpel.edu.br\/ceeccso\/wp-json\/wp\/v2\/users\/1230"}],"replies":[{"embeddable":true,"href":"https:\/\/wp.ufpel.edu.br\/ceeccso\/wp-json\/wp\/v2\/comments?post=321"}],"version-history":[{"count":2,"href":"https:\/\/wp.ufpel.edu.br\/ceeccso\/wp-json\/wp\/v2\/pages\/321\/revisions"}],"predecessor-version":[{"id":334,"href":"https:\/\/wp.ufpel.edu.br\/ceeccso\/wp-json\/wp\/v2\/pages\/321\/revisions\/334"}],"up":[{"embeddable":true,"href":"https:\/\/wp.ufpel.edu.br\/ceeccso\/wp-json\/wp\/v2\/pages\/60"}],"wp:attachment":[{"href":"https:\/\/wp.ufpel.edu.br\/ceeccso\/wp-json\/wp\/v2\/media?parent=321"}],"curies":[{"name":"wp","href":"https:\/\/api.w.org\/{rel}","templated":true}]}}