{"id":314,"date":"2022-06-08T11:49:23","date_gmt":"2022-06-08T14:49:23","guid":{"rendered":"https:\/\/wp.ufpel.edu.br\/ceeccso\/?page_id=314"},"modified":"2023-03-02T16:56:23","modified_gmt":"2023-03-02T19:56:23","slug":"diversidade-nas-organizacoes-investigacoes-e-reflexoes-sobre-os-discursos-e-as-praticas-de-gestao-que-reconhecem-e-promovem-as-diferencas","status":"publish","type":"page","link":"https:\/\/wp.ufpel.edu.br\/ceeccso\/programas-projetos-e-acoes\/acoes\/diversidade-nas-organizacoes-investigacoes-e-reflexoes-sobre-os-discursos-e-as-praticas-de-gestao-que-reconhecem-e-promovem-as-diferencas\/","title":{"rendered":"Diversidade nas Organiza\u00e7\u00f5es: investiga\u00e7\u00f5es e reflex\u00f5es sobre os discursos e as pr\u00e1ticas de gest\u00e3o que reconhecem e promovem as diferen\u00e7as"},"content":{"rendered":"<p style=\"text-align: justify;\">O projeto unificado de pesquisa &#8216;<strong>Diversidade nas Organiza\u00e7\u00f5es: investiga\u00e7\u00f5es e reflex\u00f5es sobre os discursos e as pr\u00e1ticas de gest\u00e3o que reconhecem e promovem as diferen\u00e7as<\/strong>&#8216; \u00e9 coordenado pelas professora Francielle Molon da Silva (Coordenadora) e Luciana Florentino Novo (Coordenadora adjunta) e objetiva analisar como a discuss\u00e3o e a pr\u00e1tica da diversidade est\u00e3o sendo adotadas pelas organiza\u00e7\u00f5es. Sua vig\u00eancia \u00e9 de 15 de setembro de 2021 a 20 de dezembro de 2024.<\/p>\n<p style=\"text-align: justify;\">Nesse projeto, h\u00e1 uma a\u00e7\u00e3o de extens\u00e3o:<\/p>\n<ul>\n<li style=\"text-align: justify;\"><strong>Documentos ilustrativos para compartilhar os resultados que forem sendo encontrados sobre as pr\u00e1ticas que promovem e reconhecem a diversidade<\/strong>, cujos objetivos s\u00e3o: elaborar documentos ilustrativos sobre as a\u00e7\u00f5es em prol da diversidade; e, divulgar resultados parciais da pesquisa realizada.<\/li>\n<\/ul>\n","protected":false},"excerpt":{"rendered":"<p>O projeto unificado de pesquisa &#8216;Diversidade nas Organiza\u00e7\u00f5es: investiga\u00e7\u00f5es e reflex\u00f5es sobre os discursos e as pr\u00e1ticas de gest\u00e3o que reconhecem e promovem as diferen\u00e7as&#8216; \u00e9 coordenado pelas professora Francielle Molon da Silva (Coordenadora) e Luciana Florentino Novo (Coordenadora adjunta) e objetiva analisar como a discuss\u00e3o e a pr\u00e1tica da diversidade est\u00e3o sendo adotadas pelas [&hellip;]<\/p>\n","protected":false},"author":1230,"featured_media":0,"parent":60,"menu_order":0,"comment_status":"closed","ping_status":"closed","template":"","meta":{"footnotes":""},"class_list":["post-314","page","type-page","status-publish","hentry"],"jetpack_sharing_enabled":false,"_links":{"self":[{"href":"https:\/\/wp.ufpel.edu.br\/ceeccso\/wp-json\/wp\/v2\/pages\/314","targetHints":{"allow":["GET"]}}],"collection":[{"href":"https:\/\/wp.ufpel.edu.br\/ceeccso\/wp-json\/wp\/v2\/pages"}],"about":[{"href":"https:\/\/wp.ufpel.edu.br\/ceeccso\/wp-json\/wp\/v2\/types\/page"}],"author":[{"embeddable":true,"href":"https:\/\/wp.ufpel.edu.br\/ceeccso\/wp-json\/wp\/v2\/users\/1230"}],"replies":[{"embeddable":true,"href":"https:\/\/wp.ufpel.edu.br\/ceeccso\/wp-json\/wp\/v2\/comments?post=314"}],"version-history":[{"count":3,"href":"https:\/\/wp.ufpel.edu.br\/ceeccso\/wp-json\/wp\/v2\/pages\/314\/revisions"}],"predecessor-version":[{"id":386,"href":"https:\/\/wp.ufpel.edu.br\/ceeccso\/wp-json\/wp\/v2\/pages\/314\/revisions\/386"}],"up":[{"embeddable":true,"href":"https:\/\/wp.ufpel.edu.br\/ceeccso\/wp-json\/wp\/v2\/pages\/60"}],"wp:attachment":[{"href":"https:\/\/wp.ufpel.edu.br\/ceeccso\/wp-json\/wp\/v2\/media?parent=314"}],"curies":[{"name":"wp","href":"https:\/\/api.w.org\/{rel}","templated":true}]}}