{"id":309,"date":"2022-06-08T11:37:59","date_gmt":"2022-06-08T14:37:59","guid":{"rendered":"https:\/\/wp.ufpel.edu.br\/ceeccso\/?page_id=309"},"modified":"2023-03-02T16:54:21","modified_gmt":"2023-03-02T19:54:21","slug":"panorama-da-oferta-de-destinos-receptivos-no-rio-grande-do-sul-podr-rs","status":"publish","type":"page","link":"https:\/\/wp.ufpel.edu.br\/ceeccso\/programas-projetos-e-acoes\/acoes\/panorama-da-oferta-de-destinos-receptivos-no-rio-grande-do-sul-podr-rs\/","title":{"rendered":"Panorama da oferta de destinos receptivos no Rio Grande do Sul \u2013 PODR\/RS"},"content":{"rendered":"<p style=\"text-align: justify;\">O projeto unificado de pesquisa &#8216;<strong>Panorama da oferta de destinos receptivos no Rio Grande do Sul \u2013 PODR\/RS<\/strong>&#8216; \u00e9 coordenado pelas professoras Andyara Lima Barbosa (Coordenadora) e Nat\u00e1lia de Souza Aldrigue (Coordenadora Adjunta) e objetiva conhecer os produtos tur\u00edsticos receptivos operacionalizados no Rio Grande do Sul (RS), tanto por ag\u00eancias ga\u00fachas de turismo receptivas, como por ag\u00eancias emissivas que operem no l\u00f3cus do Estado. Sua vig\u00eancia \u00e9 de 10 de junho de 2022 a 31 de mar\u00e7o de 2023.<\/p>\n<p>Nesse projeto, h\u00e1 duas a\u00e7\u00f5es de extens\u00e3o:<\/p>\n<ul>\n<li><strong>A6 &#8211; Evento de socializa\u00e7\u00e3o dos resultados da pesquisa<\/strong>, cujo objetivo \u00e9 divulgar os resultados da pesquisa; e,<\/li>\n<li><strong>A7 &#8211; Publica\u00e7\u00e3o dos resultados da pesquisa no Painel do Turismo &gt; Atlas de Turismo do RS<\/strong>, cujo objetivo \u00e9 socializar os resultados da pesquisa com a finalidade de dar a conhecer o Panorama da Oferta de Turismo Receptivo no RS.<\/li>\n<\/ul>\n","protected":false},"excerpt":{"rendered":"<p>O projeto unificado de pesquisa &#8216;Panorama da oferta de destinos receptivos no Rio Grande do Sul \u2013 PODR\/RS&#8216; \u00e9 coordenado pelas professoras Andyara Lima Barbosa (Coordenadora) e Nat\u00e1lia de Souza Aldrigue (Coordenadora Adjunta) e objetiva conhecer os produtos tur\u00edsticos receptivos operacionalizados no Rio Grande do Sul (RS), tanto por ag\u00eancias ga\u00fachas de turismo receptivas, como [&hellip;]<\/p>\n","protected":false},"author":1230,"featured_media":0,"parent":60,"menu_order":0,"comment_status":"closed","ping_status":"closed","template":"","meta":{"footnotes":""},"class_list":["post-309","page","type-page","status-publish","hentry"],"jetpack_sharing_enabled":false,"_links":{"self":[{"href":"https:\/\/wp.ufpel.edu.br\/ceeccso\/wp-json\/wp\/v2\/pages\/309","targetHints":{"allow":["GET"]}}],"collection":[{"href":"https:\/\/wp.ufpel.edu.br\/ceeccso\/wp-json\/wp\/v2\/pages"}],"about":[{"href":"https:\/\/wp.ufpel.edu.br\/ceeccso\/wp-json\/wp\/v2\/types\/page"}],"author":[{"embeddable":true,"href":"https:\/\/wp.ufpel.edu.br\/ceeccso\/wp-json\/wp\/v2\/users\/1230"}],"replies":[{"embeddable":true,"href":"https:\/\/wp.ufpel.edu.br\/ceeccso\/wp-json\/wp\/v2\/comments?post=309"}],"version-history":[{"count":4,"href":"https:\/\/wp.ufpel.edu.br\/ceeccso\/wp-json\/wp\/v2\/pages\/309\/revisions"}],"predecessor-version":[{"id":385,"href":"https:\/\/wp.ufpel.edu.br\/ceeccso\/wp-json\/wp\/v2\/pages\/309\/revisions\/385"}],"up":[{"embeddable":true,"href":"https:\/\/wp.ufpel.edu.br\/ceeccso\/wp-json\/wp\/v2\/pages\/60"}],"wp:attachment":[{"href":"https:\/\/wp.ufpel.edu.br\/ceeccso\/wp-json\/wp\/v2\/media?parent=309"}],"curies":[{"name":"wp","href":"https:\/\/api.w.org\/{rel}","templated":true}]}}