{"id":253,"date":"2022-05-13T09:01:18","date_gmt":"2022-05-13T12:01:18","guid":{"rendered":"https:\/\/wp.ufpel.edu.br\/ceeccso\/?page_id=253"},"modified":"2022-05-13T09:08:02","modified_gmt":"2022-05-13T12:08:02","slug":"visitas-monitoradas-pelos-predios-da-universidade-federal-de-pelotas-2","status":"publish","type":"page","link":"https:\/\/wp.ufpel.edu.br\/ceeccso\/programas-projetos-e-acoes\/projetos\/extensao\/visitas-monitoradas-pelos-predios-da-universidade-federal-de-pelotas-2\/","title":{"rendered":"Visitas Monitoradas pelos Pr\u00e9dios da Universidade Federal de Pelotas 2"},"content":{"rendered":"<p><strong><img class=\" wp-image-257 alignleft\" src=\"https:\/\/wp.ufpel.edu.br\/ceeccso\/files\/2022\/05\/LOGO-DO-PROJETO-300x400.jpg\" alt=\"\" width=\"255\" height=\"340\" srcset=\"https:\/\/wp.ufpel.edu.br\/ceeccso\/files\/2022\/05\/LOGO-DO-PROJETO-300x400.jpg 300w, https:\/\/wp.ufpel.edu.br\/ceeccso\/files\/2022\/05\/LOGO-DO-PROJETO-768x1024.jpg 768w, https:\/\/wp.ufpel.edu.br\/ceeccso\/files\/2022\/05\/LOGO-DO-PROJETO.jpg 960w\" sizes=\"(max-width: 255px) 100vw, 255px\" \/>Visitas Monitoradas pelos Pr\u00e9dios da Universidade Federal de Pelotas 2<\/strong><\/p>\n<p style=\"font-weight: 400; text-align: justify;\">O projeto\u00a0<strong>\u201cVisitas Monitoradas pelos Pr\u00e9dios da Universidade Federal de Pelotas 2\u201d<\/strong>\u00a0\u00e9 coordenado pela professora Dalila M\u00fcller e foi criado em 2017. Por\u00e9m, desde 2009 as visitas pelos pr\u00e9dios da UFPel j\u00e1 vinham sendo realizadas no \u00e2mbito do projeto de extens\u00e3o \u201cVisitas Pedag\u00f3gicas\u201d, tamb\u00e9m do Curso de Bacharelado em Turismo. O prazo de t\u00e9rmino do projeto \u00e9 31 de mar\u00e7o de 2025.<\/p>\n<p style=\"font-weight: 400; text-align: justify;\">O projeto tem como objetivo geral elaborar e realizar visitas pelo patrim\u00f4nio cultural edificado da Universidade, visando divulgar, valorizar e preservar esse patrim\u00f4nio, pois consideramos que o mesmo deve ser utilizado e apropriado pela sociedade para que esta se sinta pertencente e identificada a ele.<\/p>\n<p style=\"font-weight: 400; text-align: justify;\">Atualmente, conta com duas a\u00e7\u00f5es com \u00eanfase em extens\u00e3o:<\/p>\n<ul style=\"text-align: justify;\">\n<li style=\"font-weight: 400;\">Elabora\u00e7\u00e3o e realiza\u00e7\u00e3o de visitas monitoradas pelos pr\u00e9dios da Universidade Federal de Pelotas, tanto de forma presencial quanto remota a partir do\u00a0<em>Google Earth<\/em>.<\/li>\n<li style=\"font-weight: 400;\">Elabora\u00e7\u00e3o de Podcasts e v\u00eddeos explicativos sobre a hist\u00f3ria dos diferentes pr\u00e9dios da UFPel.<\/li>\n<\/ul>\n<p style=\"font-weight: 400; text-align: justify;\">O projeto possui uma a\u00e7\u00e3o com \u00eanfase na pesquisa:<\/p>\n<ul style=\"text-align: justify;\">\n<li style=\"font-weight: 400;\">Realiza\u00e7\u00e3o de pesquisa bibliogr\u00e1fica e documental em fontes impressas ou imag\u00e9ticas e hist\u00f3ria oral, sobre a hist\u00f3ria dos pr\u00e9dios da UFPel, englobando data de constru\u00e7\u00e3o, uso inicial, hist\u00f3ria do pr\u00e9dio, uso e atividades desenvolvidas atualmente nos mesmos.<\/li>\n<\/ul>\n<p style=\"font-weight: 400; text-align: justify;\">Confira todas as atividades do projeto e o\u00a0<em>Facebook<\/em>\u00a0e\u00a0<em>Instagram<\/em>\u00a0no link:<\/p>\n<ul>\n<li style=\"font-weight: 400; text-align: justify;\"><a href=\"https:\/\/linktr.ee\/projetovisitasmonitoradas\" data-saferedirecturl=\"https:\/\/www.google.com\/url?q=https:\/\/linktr.ee\/projetovisitasmonitoradas&amp;source=gmail&amp;ust=1652529539780000&amp;usg=AOvVaw0c9kt7pN-sf79rhhKJ9Q6F\">https:\/\/linktr.ee\/projetovisitasmonitoradas<\/a>.<\/li>\n<\/ul>\n","protected":false},"excerpt":{"rendered":"<p>Visitas Monitoradas pelos Pr\u00e9dios da Universidade Federal de Pelotas 2 O projeto\u00a0\u201cVisitas Monitoradas pelos Pr\u00e9dios da Universidade Federal de Pelotas 2\u201d\u00a0\u00e9 coordenado pela professora Dalila M\u00fcller e foi criado em 2017. Por\u00e9m, desde 2009 as visitas pelos pr\u00e9dios da UFPel j\u00e1 vinham sendo realizadas no \u00e2mbito do projeto de extens\u00e3o \u201cVisitas Pedag\u00f3gicas\u201d, tamb\u00e9m do Curso [&hellip;]<\/p>\n","protected":false},"author":1230,"featured_media":0,"parent":151,"menu_order":0,"comment_status":"closed","ping_status":"closed","template":"","meta":{"footnotes":""},"class_list":["post-253","page","type-page","status-publish","hentry"],"jetpack_sharing_enabled":false,"_links":{"self":[{"href":"https:\/\/wp.ufpel.edu.br\/ceeccso\/wp-json\/wp\/v2\/pages\/253","targetHints":{"allow":["GET"]}}],"collection":[{"href":"https:\/\/wp.ufpel.edu.br\/ceeccso\/wp-json\/wp\/v2\/pages"}],"about":[{"href":"https:\/\/wp.ufpel.edu.br\/ceeccso\/wp-json\/wp\/v2\/types\/page"}],"author":[{"embeddable":true,"href":"https:\/\/wp.ufpel.edu.br\/ceeccso\/wp-json\/wp\/v2\/users\/1230"}],"replies":[{"embeddable":true,"href":"https:\/\/wp.ufpel.edu.br\/ceeccso\/wp-json\/wp\/v2\/comments?post=253"}],"version-history":[{"count":6,"href":"https:\/\/wp.ufpel.edu.br\/ceeccso\/wp-json\/wp\/v2\/pages\/253\/revisions"}],"predecessor-version":[{"id":262,"href":"https:\/\/wp.ufpel.edu.br\/ceeccso\/wp-json\/wp\/v2\/pages\/253\/revisions\/262"}],"up":[{"embeddable":true,"href":"https:\/\/wp.ufpel.edu.br\/ceeccso\/wp-json\/wp\/v2\/pages\/151"}],"wp:attachment":[{"href":"https:\/\/wp.ufpel.edu.br\/ceeccso\/wp-json\/wp\/v2\/media?parent=253"}],"curies":[{"name":"wp","href":"https:\/\/api.w.org\/{rel}","templated":true}]}}