{"id":242,"date":"2022-05-12T11:00:26","date_gmt":"2022-05-12T14:00:26","guid":{"rendered":"https:\/\/wp.ufpel.edu.br\/ceeccso\/?page_id=242"},"modified":"2022-05-12T11:02:39","modified_gmt":"2022-05-12T14:02:39","slug":"242-2","status":"publish","type":"page","link":"https:\/\/wp.ufpel.edu.br\/ceeccso\/programas-projetos-e-acoes\/projetos\/extensao\/242-2\/","title":{"rendered":"Turismo, Lazer e Museus: di\u00e1logos poss\u00edveis"},"content":{"rendered":"<p><strong>Turismo, Lazer e Museus: di\u00e1logos poss\u00edveis<\/strong><\/p>\n<p style=\"text-align: justify;\">O turismo e os museus s\u00e3o fen\u00f4menos modernos inseridos em processos de transforma\u00e7\u00e3o das cidades. Deste modo, muitas vezes, respondem a sistemas de valores e interesses que intensificam processos de segrega\u00e7\u00e3o s\u00f3cio espacial, conformando novas centralidades urbanas e espa\u00e7os de investimentos que operam pela l\u00f3gica da cidade como mercadoria (o valor de uso sobrepujado pelo valor de troca). No entanto, acreditamos que os museus, o turismo e o lazer como espa\u00e7os de encontro podem representar possibilidades de inclus\u00e3o social e forma\u00e7\u00e3o de cidadania por meio do est\u00edmulo \u00e0 ocupa\u00e7\u00e3o dos espa\u00e7os da cidade. Assim, temos por objetivo pensar e propor a\u00e7\u00f5es que trabalhem essas intera\u00e7\u00f5es entre museus, turismo e lazer como possibilidade de inclus\u00e3o, no qual o indiv\u00edduo se apropria de sua pr\u00f3pria cidade \u2013 reivindicando, assim, seu valor de uso (LEFEBVRE, 2001).<\/p>\n<p style=\"text-align: justify;\">O presente projeto se caracteriza por uma forte inser\u00e7\u00e3o na perspectiva da Museologia Social (s\u00e3o museus em contato permanente com seus territ\u00f3rios, pois s\u00e3o formados e constru\u00eddos por a\u00e7\u00f5es de moradores de favelas e comunidades, ligados e unidos por afetividades), consubstanciada em a\u00e7\u00f5es culturais e educativas relacionadas \u00e0 mem\u00f3ria, ao patrim\u00f4nio e ao lazer com profunda preocupa\u00e7\u00e3o com o desenvolvimento local e com a mudan\u00e7a social de comunidades e territ\u00f3rios, prioritariamente das comunidades, grupos e sujeitos historicamente exclu\u00eddos, a partir de um processo aut\u00f4nomo e de protagonismo comunit\u00e1rio.<\/p>\n<p style=\"text-align: justify;\">Criado em 01 de agosto de 2021, o projeto encontra sob a coordena\u00e7\u00e3o das professoras Dalila Rosa Hallal e Dalila M\u00fcller. Seu prazo de t\u00e9rmino \u00e9 31 de julho de 2025.<\/p>\n<p>Atualmente, conta com as seguintes a\u00e7\u00f5es:<\/p>\n<ul>\n<li style=\"text-align: justify;\">Leituras, debates, apresenta\u00e7\u00f5es, exibi\u00e7\u00e3o e discuss\u00e3o de filmes, document\u00e1rios e literatura;<\/li>\n<li style=\"text-align: justify;\">Viabilizar uma oficina on-line sobre Turismo, Lazer e Museus, enfatizando Experi\u00eancias de Museu comunit\u00e1rios (focados em preservar o direito \u00e0 mem\u00f3ria e \u00e0 luta popular) e Pontos de Memoria no Brasil, onde os membros da comunidade constroem um autoconhecimento coletivo, promovendo reflex\u00e3o, cr\u00edtica e criatividade. Essa iniciativa ajuda a fortalecer a identidade, porque legitima a hist\u00f3ria e seus pr\u00f3prios valores, projetando o modo de vida da comunidade dentro e fora dela;<\/li>\n<li style=\"text-align: justify;\">Dar in\u00edcio a elabora\u00e7\u00e3o de invent\u00e1rios participativos locais; e,<\/li>\n<li style=\"text-align: justify;\">Realiza\u00e7\u00e3o de a\u00e7\u00f5es para compartilhamento e difus\u00e3o das mem\u00f3rias.<\/li>\n<\/ul>\n","protected":false},"excerpt":{"rendered":"<p>Turismo, Lazer e Museus: di\u00e1logos poss\u00edveis O turismo e os museus s\u00e3o fen\u00f4menos modernos inseridos em processos de transforma\u00e7\u00e3o das cidades. Deste modo, muitas vezes, respondem a sistemas de valores e interesses que intensificam processos de segrega\u00e7\u00e3o s\u00f3cio espacial, conformando novas centralidades urbanas e espa\u00e7os de investimentos que operam pela l\u00f3gica da cidade como mercadoria [&hellip;]<\/p>\n","protected":false},"author":1230,"featured_media":0,"parent":151,"menu_order":0,"comment_status":"closed","ping_status":"closed","template":"","meta":{"footnotes":""},"class_list":["post-242","page","type-page","status-publish","hentry"],"jetpack_sharing_enabled":false,"_links":{"self":[{"href":"https:\/\/wp.ufpel.edu.br\/ceeccso\/wp-json\/wp\/v2\/pages\/242","targetHints":{"allow":["GET"]}}],"collection":[{"href":"https:\/\/wp.ufpel.edu.br\/ceeccso\/wp-json\/wp\/v2\/pages"}],"about":[{"href":"https:\/\/wp.ufpel.edu.br\/ceeccso\/wp-json\/wp\/v2\/types\/page"}],"author":[{"embeddable":true,"href":"https:\/\/wp.ufpel.edu.br\/ceeccso\/wp-json\/wp\/v2\/users\/1230"}],"replies":[{"embeddable":true,"href":"https:\/\/wp.ufpel.edu.br\/ceeccso\/wp-json\/wp\/v2\/comments?post=242"}],"version-history":[{"count":3,"href":"https:\/\/wp.ufpel.edu.br\/ceeccso\/wp-json\/wp\/v2\/pages\/242\/revisions"}],"predecessor-version":[{"id":247,"href":"https:\/\/wp.ufpel.edu.br\/ceeccso\/wp-json\/wp\/v2\/pages\/242\/revisions\/247"}],"up":[{"embeddable":true,"href":"https:\/\/wp.ufpel.edu.br\/ceeccso\/wp-json\/wp\/v2\/pages\/151"}],"wp:attachment":[{"href":"https:\/\/wp.ufpel.edu.br\/ceeccso\/wp-json\/wp\/v2\/media?parent=242"}],"curies":[{"name":"wp","href":"https:\/\/api.w.org\/{rel}","templated":true}]}}