{"id":15,"date":"2022-05-05T11:02:14","date_gmt":"2022-05-05T14:02:14","guid":{"rendered":"https:\/\/wp.ufpel.edu.br\/ceeccso\/?page_id=15"},"modified":"2024-08-05T09:47:00","modified_gmt":"2024-08-05T12:47:00","slug":"programas-projetos-e-acoes","status":"publish","type":"page","link":"https:\/\/wp.ufpel.edu.br\/ceeccso\/programas-projetos-e-acoes\/","title":{"rendered":"PROGRAMAS, PROJETOS E A\u00c7\u00d5ES"},"content":{"rendered":"<p style=\"text-align: justify;\">A voca\u00e7\u00e3o do Centro de Ci\u00eancias Socio-Organizacionais para o ensino e a extens\u00e3o remonta \u00e0 Faculdade de Ci\u00eancias Dom\u00e9sticas (FCD), constituinte da cria\u00e7\u00e3o da UFPel, em 1969, e cujo objeto de estudo sempre foi a comunidade de Pelotas e regi\u00e3o, no cotidiano da vida de suas fam\u00edlias e grupos sociais diversos.<\/p>\n<p>Atualmente, o CCSO, por meio da C\u00e2mara de Ensino e Extens\u00e3o &#8211; CEE, busca fomentar a voca\u00e7\u00e3o extensionista de seus docentes, discentes e t\u00e9cnicos adminsitrativos de forma colaborativa e compartilhada.<\/p>\n<p><strong>Clique no nome do servidor para visualizar seus projetos, programas e a\u00e7\u00f5es.<\/strong><\/p>\n<p><a href=\"https:\/\/institucional.ufpel.edu.br\/servidores\/id\/29070#projetos\" target=\"_blank\" rel=\"noopener\">ALEXANDRE XAVIER VIEIRA BRAGA<\/a><\/p>\n<p><a href=\"https:\/\/institucional.ufpel.edu.br\/servidores\/id\/405#projetos\" target=\"_blank\" rel=\"noopener\">ALISSON EDUARDO MAEHLER<\/a><\/p>\n<p><a href=\"https:\/\/institucional.ufpel.edu.br\/servidores\/id\/43560#projetos\" target=\"_blank\" rel=\"noopener\">ANA PAULA LEMOS CENTENO<\/a><\/p>\n<p><a href=\"https:\/\/institucional.ufpel.edu.br\/servidores\/id\/154834#projetos\" target=\"_blank\" rel=\"noopener\">CAROLINE CASALI<\/a><\/p>\n<p><a href=\"https:\/\/institucional.ufpel.edu.br\/servidores\/id\/28256#projetos\" target=\"_blank\" rel=\"noopener\">DALILA MULLER<\/a><\/p>\n<p><a href=\"https:\/\/institucional.ufpel.edu.br\/servidores\/id\/29306#projetos\" target=\"_blank\" rel=\"noopener\">DALILA ROSA HALLAL<\/a><\/p>\n<p><a href=\"https:\/\/institucional.ufpel.edu.br\/servidores\/id\/173964#projetos\" target=\"_blank\" rel=\"noopener\">DANIEL LENA MARCHIORI NETO<\/a><\/p>\n<p><a href=\"https:\/\/institucional.ufpel.edu.br\/servidores\/id\/31937#projetos\" target=\"_blank\" rel=\"noopener\">DARY PRETTO NETO<\/a><\/p>\n<p><a href=\"https:\/\/institucional.ufpel.edu.br\/servidores\/id\/34313#projetos\" target=\"_blank\" rel=\"noopener\">ELVIS SILVEIRA MARTINS<\/a><\/p>\n<p><a href=\"https:\/\/institucional.ufpel.edu.br\/servidores\/id\/32053#projetos\" target=\"_blank\" rel=\"noopener\">FABIANO MILANO FRITZEN<\/a><\/p>\n<p><a href=\"https:\/\/institucional.ufpel.edu.br\/servidores\/id\/27386#projetos\" target=\"_blank\" rel=\"noopener\">FLAVIA BRAGA DE AZAMBUJA<\/a><\/p>\n<p><a href=\"https:\/\/institucional.ufpel.edu.br\/servidores\/id\/981#projetos\" target=\"_blank\" rel=\"noopener\">FRANCIELLE MOLON DA SILVA<\/a><\/p>\n<p><a href=\"https:\/\/institucional.ufpel.edu.br\/servidores\/id\/61993#projetos\" target=\"_blank\" rel=\"noopener\">FRANCINE PINTO DA SILVA JOSEPH<\/a><\/p>\n<p><a href=\"https:\/\/institucional.ufpel.edu.br\/servidores\/id\/139858#projetos\" target=\"_blank\" rel=\"noopener\">GISELE SILVA PEREIRA<\/a><\/p>\n<p><a href=\"https:\/\/institucional.ufpel.edu.br\/servidores\/id\/210427#projetos\">GUILHERME GARCIA VELASQUEZ<\/a><\/p>\n<p><a href=\"https:\/\/institucional.ufpel.edu.br\/servidores\/id\/34390#projetos\">GUSTAVO DA ROSA BORGES<\/a><\/p>\n<p><a href=\"https:\/\/institucional.ufpel.edu.br\/servidores\/id\/27849#projetos\" target=\"_blank\" rel=\"noopener\">ISABEL CRISTINA ROSA BARROS RASIA<\/a><\/p>\n<p><a href=\"https:\/\/institucional.ufpel.edu.br\/servidores\/id\/134841#projetos\" target=\"_blank\" rel=\"noopener\">ISABEL TERESINHA DUTRA SOARES<\/a><\/p>\n<p><a href=\"https:\/\/institucional.ufpel.edu.br\/servidores\/id\/6501#projetos\">LARISSA FERREIRA TAVARES<\/a><\/p>\n<p><a href=\"https:\/\/institucional.ufpel.edu.br\/servidores\/id\/32694#projetos\" target=\"_blank\" rel=\"noopener\">LAURA RUDZEWICZ<\/a><\/p>\n<p><a href=\"https:\/\/institucional.ufpel.edu.br\/servidores\/id\/30589#projetos\" target=\"_blank\" rel=\"noopener\">LUCIANA FLORENTINO NOVO<\/a><\/p>\n<p><a href=\"https:\/\/institucional.ufpel.edu.br\/servidores\/id\/29026#projetos\" target=\"_blank\" rel=\"noopener\">LUCIANA NUNES FERREIRA<\/a><\/p>\n<p><a href=\"https:\/\/institucional.ufpel.edu.br\/servidores\/id\/199940#projetos\">LUCIANO VAZ FERREIRA<\/a><\/p>\n<p><a href=\"https:\/\/institucional.ufpel.edu.br\/servidores\/id\/16462#projetos\">MAIT\u00ca DE SIQUEIRA BRAHM<\/a><\/p>\n<p><a href=\"https:\/\/institucional.ufpel.edu.br\/servidores\/id\/140994#projetos\" target=\"_blank\" rel=\"noopener\">MARCIO BARCELOS<\/a><\/p>\n<p><a href=\"https:\/\/institucional.ufpel.edu.br\/servidores\/id\/36602#projetos\" target=\"_blank\" rel=\"noopener\">MARCIO SILVA RODRIGUES<\/a><\/p>\n<p><a href=\"https:\/\/institucional.ufpel.edu.br\/servidores\/id\/134056#projetos\" target=\"_blank\" rel=\"noopener\">MARI CRISTINA DE FREITAS FAGUNDES<\/a><\/p>\n<p><a href=\"https:\/\/institucional.ufpel.edu.br\/servidores\/id\/26966#projetos\" target=\"_blank\" rel=\"noopener\">MARIA DA GRACA SARAIVA NOGUEIRA<\/a><\/p>\n<p><a href=\"https:\/\/institucional.ufpel.edu.br\/servidores\/id\/30965#projetos\" target=\"_blank\" rel=\"noopener\">MAUREL ROSA DE OLIVEIRA<\/a><\/p>\n<p><a href=\"https:\/\/institucional.ufpel.edu.br\/servidores\/id\/182492#projetos\" target=\"_blank\" rel=\"noopener\">MAURICIO RAGAGNIN PIMENTEL<\/a><\/p>\n<p><a href=\"https:\/\/institucional.ufpel.edu.br\/servidores\/id\/215657#projetos\">PAMELA AMADO TRISTAO<\/a><\/p>\n<p><a href=\"https:\/\/institucional.ufpel.edu.br\/servidores\/id\/4113#projetos\">PATRICIA SCHNEIDER SEVERO<\/a><\/p>\n<p><a href=\"https:\/\/institucional.ufpel.edu.br\/servidores\/id\/145059#projetos\" target=\"_blank\" rel=\"noopener\">PAULO CESAR NEVES BARBOZA<\/a><\/p>\n<p><a href=\"https:\/\/institucional.ufpel.edu.br\/servidores\/id\/170989#projetos\" target=\"_blank\" rel=\"noopener\">PRISCILA NESELLO<\/a><\/p>\n<p><a href=\"https:\/\/institucional.ufpel.edu.br\/servidores\/id\/145509#projetos\" target=\"_blank\" rel=\"noopener\">PRISCILLA TEIXEIRA DA SILVA<\/a><\/p>\n<p><a href=\"https:\/\/institucional.ufpel.edu.br\/servidores\/id\/29423#projetos\" target=\"_blank\" rel=\"noopener\">RODRIGO SERPA PINTO<\/a><\/p>\n<p><a href=\"https:\/\/institucional.ufpel.edu.br\/servidores\/id\/156608#projetos\" target=\"_blank\" rel=\"noopener\">ROSANA DA ROSA PORTELLA TONDOLO<\/a><\/p>\n<p><a href=\"https:\/\/institucional.ufpel.edu.br\/servidores\/id\/200200#projetos\">SIDNEY DANIEL BATISTA<\/a><\/p>\n<p><a href=\"https:\/\/institucional.ufpel.edu.br\/servidores\/id\/27042#projetos\" target=\"_blank\" rel=\"noopener\">SIMONE PORTELLA TEIXEIRA DE MELLO<\/a><\/p>\n<p><a href=\"https:\/\/institucional.ufpel.edu.br\/servidores\/id\/67590#projetos\">TA\u00cdSA GABRIELA SOARES<\/a><\/p>\n<p><a href=\"https:\/\/institucional.ufpel.edu.br\/servidores\/id\/166147#projetos\" target=\"_blank\" rel=\"noopener\">VILMAR ANTONIO GONCALVES TONDOLO<\/a><\/p>\n","protected":false},"excerpt":{"rendered":"<p>A voca\u00e7\u00e3o do Centro de Ci\u00eancias Socio-Organizacionais para o ensino e a extens\u00e3o remonta \u00e0 Faculdade de Ci\u00eancias Dom\u00e9sticas (FCD), constituinte da cria\u00e7\u00e3o da UFPel, em 1969, e cujo objeto de estudo sempre foi a comunidade de Pelotas e regi\u00e3o, no cotidiano da vida de suas fam\u00edlias e grupos sociais diversos. Atualmente, o CCSO, por [&hellip;]<\/p>\n","protected":false},"author":1230,"featured_media":0,"parent":0,"menu_order":2,"comment_status":"closed","ping_status":"closed","template":"","meta":{"footnotes":""},"class_list":["post-15","page","type-page","status-publish","hentry"],"jetpack_sharing_enabled":false,"_links":{"self":[{"href":"https:\/\/wp.ufpel.edu.br\/ceeccso\/wp-json\/wp\/v2\/pages\/15","targetHints":{"allow":["GET"]}}],"collection":[{"href":"https:\/\/wp.ufpel.edu.br\/ceeccso\/wp-json\/wp\/v2\/pages"}],"about":[{"href":"https:\/\/wp.ufpel.edu.br\/ceeccso\/wp-json\/wp\/v2\/types\/page"}],"author":[{"embeddable":true,"href":"https:\/\/wp.ufpel.edu.br\/ceeccso\/wp-json\/wp\/v2\/users\/1230"}],"replies":[{"embeddable":true,"href":"https:\/\/wp.ufpel.edu.br\/ceeccso\/wp-json\/wp\/v2\/comments?post=15"}],"version-history":[{"count":9,"href":"https:\/\/wp.ufpel.edu.br\/ceeccso\/wp-json\/wp\/v2\/pages\/15\/revisions"}],"predecessor-version":[{"id":406,"href":"https:\/\/wp.ufpel.edu.br\/ceeccso\/wp-json\/wp\/v2\/pages\/15\/revisions\/406"}],"wp:attachment":[{"href":"https:\/\/wp.ufpel.edu.br\/ceeccso\/wp-json\/wp\/v2\/media?parent=15"}],"curies":[{"name":"wp","href":"https:\/\/api.w.org\/{rel}","templated":true}]}}