{"id":130,"date":"2022-05-10T12:55:55","date_gmt":"2022-05-10T15:55:55","guid":{"rendered":"https:\/\/wp.ufpel.edu.br\/ceeccso\/?page_id=130"},"modified":"2022-05-12T09:54:36","modified_gmt":"2022-05-12T12:54:36","slug":"revista-eletronica-de-administracao-e-turismo-reat","status":"publish","type":"page","link":"https:\/\/wp.ufpel.edu.br\/ceeccso\/programas-projetos-e-acoes\/projetos\/extensao\/revista-eletronica-de-administracao-e-turismo-reat\/","title":{"rendered":"Revista Eletr\u00f4nica de Administra\u00e7\u00e3o e Turismo \u2013 Reat"},"content":{"rendered":"<p><span style=\"font-size: 14pt;\"><strong>Revista Eletr\u00f4nica de Administra\u00e7\u00e3o e Turismo \u2013 Reat<\/strong><\/span><\/p>\n<p style=\"text-align: justify;\">A Revis<img class=\"alignleft wp-image-132\" style=\"text-align: justify;\" src=\"https:\/\/wp.ufpel.edu.br\/ceeccso\/files\/2022\/05\/ReAT.png\" alt=\"\" width=\"260\" height=\"142\" \/>ta Eletr\u00f4nica de Administra\u00e7\u00e3o e Turismo (ReAT) \u00e9 uma publica\u00e7\u00e3o semestral do Centro de Ci\u00eancias Socio-Organizacionais da Universidade Federal de Pelotas criada no ano de 2012. O projeto objetiva a divulga\u00e7\u00e3o do conhecimento cient\u00edfico e tecnol\u00f3gico em forma de artigos e casos de ensino desde que enquadrados nas seguintes \u00e1reas de Administra\u00e7\u00e3o P\u00fablica e de Empresas, Ci\u00eancias Cont\u00e1beis e Turismo.<\/p>\n<p style=\"text-align: justify;\">Atualmente, o projeto, renovado em 03 de setembro de 2021, tem como coordenador o Prof. Elvis Silveira Martins e, como coordenador adjunto, o Prof. Vilmar Antonio Gon\u00e7alves Tondolo. Seu prazo de t\u00e9rmino \u00e9 03 de setembro de 2025. Al\u00e9m dos professores Vilmar e Elvis, integra tamb\u00e9m a equipe editorial o Prof. Maur\u00edcio Ragagnin Pimentel<\/p>\n<p>Acesse o site da revista para maiores informa\u00e7\u00f5es sobre a chamada de novos artigos:\u00a0<a href=\"https:\/\/periodicos.ufpel.edu.br\/ojs2\/index.php\/AT\/index\" target=\"_blank\" rel=\"noopener\">Revista Eletr\u00f4nica de Administra\u00e7\u00e3o e Turismo<\/a><\/p>\n","protected":false},"excerpt":{"rendered":"<p>Revista Eletr\u00f4nica de Administra\u00e7\u00e3o e Turismo \u2013 Reat A Revista Eletr\u00f4nica de Administra\u00e7\u00e3o e Turismo (ReAT) \u00e9 uma publica\u00e7\u00e3o semestral do Centro de Ci\u00eancias Socio-Organizacionais da Universidade Federal de Pelotas criada no ano de 2012. O projeto objetiva a divulga\u00e7\u00e3o do conhecimento cient\u00edfico e tecnol\u00f3gico em forma de artigos e casos de ensino desde que [&hellip;]<\/p>\n","protected":false},"author":1230,"featured_media":0,"parent":151,"menu_order":0,"comment_status":"closed","ping_status":"closed","template":"","meta":{"footnotes":""},"class_list":["post-130","page","type-page","status-publish","hentry"],"jetpack_sharing_enabled":false,"_links":{"self":[{"href":"https:\/\/wp.ufpel.edu.br\/ceeccso\/wp-json\/wp\/v2\/pages\/130","targetHints":{"allow":["GET"]}}],"collection":[{"href":"https:\/\/wp.ufpel.edu.br\/ceeccso\/wp-json\/wp\/v2\/pages"}],"about":[{"href":"https:\/\/wp.ufpel.edu.br\/ceeccso\/wp-json\/wp\/v2\/types\/page"}],"author":[{"embeddable":true,"href":"https:\/\/wp.ufpel.edu.br\/ceeccso\/wp-json\/wp\/v2\/users\/1230"}],"replies":[{"embeddable":true,"href":"https:\/\/wp.ufpel.edu.br\/ceeccso\/wp-json\/wp\/v2\/comments?post=130"}],"version-history":[{"count":6,"href":"https:\/\/wp.ufpel.edu.br\/ceeccso\/wp-json\/wp\/v2\/pages\/130\/revisions"}],"predecessor-version":[{"id":211,"href":"https:\/\/wp.ufpel.edu.br\/ceeccso\/wp-json\/wp\/v2\/pages\/130\/revisions\/211"}],"up":[{"embeddable":true,"href":"https:\/\/wp.ufpel.edu.br\/ceeccso\/wp-json\/wp\/v2\/pages\/151"}],"wp:attachment":[{"href":"https:\/\/wp.ufpel.edu.br\/ceeccso\/wp-json\/wp\/v2\/media?parent=130"}],"curies":[{"name":"wp","href":"https:\/\/api.w.org\/{rel}","templated":true}]}}