{"id":103,"date":"2022-05-09T15:57:12","date_gmt":"2022-05-09T18:57:12","guid":{"rendered":"https:\/\/wp.ufpel.edu.br\/ceeccso\/?page_id=103"},"modified":"2023-03-02T16:35:45","modified_gmt":"2023-03-02T19:35:45","slug":"103-2","status":"publish","type":"page","link":"https:\/\/wp.ufpel.edu.br\/ceeccso\/programas-projetos-e-acoes\/projetos\/extensao\/103-2\/","title":{"rendered":"Projeto APP Seguro"},"content":{"rendered":"<p style=\"text-align: justify;\"><strong><span style=\"font-size: 14pt;\"><img class=\"wp-image-119 alignleft\" src=\"https:\/\/wp.ufpel.edu.br\/ceeccso\/files\/2022\/05\/Logo-Azul-Transparente-370x400.png\" alt=\"\" width=\"270\" height=\"292\" srcset=\"https:\/\/wp.ufpel.edu.br\/ceeccso\/files\/2022\/05\/Logo-Azul-Transparente-370x400.png 370w, https:\/\/wp.ufpel.edu.br\/ceeccso\/files\/2022\/05\/Logo-Azul-Transparente-946x1024.png 946w, https:\/\/wp.ufpel.edu.br\/ceeccso\/files\/2022\/05\/Logo-Azul-Transparente-768x831.png 768w, https:\/\/wp.ufpel.edu.br\/ceeccso\/files\/2022\/05\/Logo-Azul-Transparente.png 1389w\" sizes=\"(max-width: 270px) 100vw, 270px\" \/>Projeto APP Seguro<\/span><\/strong><\/p>\n<p style=\"text-align: justify;\">O projeto <strong>&#8216;Trabalhadores de Empresas-Aplicativo em Tempos de Covid-19: alternativas e enfrentamentos poss\u00edveis&#8217;<\/strong>, tamb\u00e9m conhecido como Projeto APP Seguro, \u00e9 coordenado pelo Prof. Fabiano Milano Fritzen e foi criado em 08 de junho de 2020. Em 2021, foi renovado pela primeira vez e, em 08 de junho de 2022, foi renovado novamente, sendo seu prazo de t\u00e9rmino 08 de junho de 2024.<\/p>\n<p style=\"text-align: justify;\">Seu objetivo geral \u00e9 oferecer a\u00e7\u00f5es de comunica\u00e7\u00e3o e de suporte aos trabalhadores de empresas-aplicativo de Pelotas e regi\u00e3o voltadas ao enfrentamento dos problemas econ\u00f4micos e sanit\u00e1rios decorrentes da COVID-19.<\/p>\n<p>Atualmente, conta com tr\u00eas a\u00e7\u00f5es de longo prazo:<\/p>\n<ul>\n<li>Guia de Direitos do Trabalhador por Aplicativo;<\/li>\n<li>APP Seguro no Instagram;<\/li>\n<li>Kit APP Seguro Fase 3.<\/li>\n<\/ul>\n<p style=\"padding-left: 280px;\">Confira, tamb\u00e9m, o projeto APP Seguro no Instagram:<\/p>\n<table style=\"width: 100%; border-collapse: collapse;\" border=\"0\">\n<tbody>\n<tr>\n<td style=\"width: 100%;\"><a href=\"https:\/\/www.instagram.com\/app_seguro\/\" target=\"_blank\" rel=\"noopener\"><img class=\"wp-image-207 aligncenter\" src=\"https:\/\/wp.ufpel.edu.br\/ceeccso\/files\/2022\/05\/Instagram-1.png\" alt=\"\" width=\"60\" height=\"62\" \/><\/a><\/td>\n<\/tr>\n<\/tbody>\n<\/table>\n<p>&nbsp;<\/p>\n","protected":false},"excerpt":{"rendered":"<p>Projeto APP Seguro O projeto &#8216;Trabalhadores de Empresas-Aplicativo em Tempos de Covid-19: alternativas e enfrentamentos poss\u00edveis&#8217;, tamb\u00e9m conhecido como Projeto APP Seguro, \u00e9 coordenado pelo Prof. Fabiano Milano Fritzen e foi criado em 08 de junho de 2020. Em 2021, foi renovado pela primeira vez e, em 08 de junho de 2022, foi renovado novamente, [&hellip;]<\/p>\n","protected":false},"author":1230,"featured_media":0,"parent":151,"menu_order":0,"comment_status":"closed","ping_status":"closed","template":"page-sem-sidebar.php","meta":{"footnotes":""},"class_list":["post-103","page","type-page","status-publish","hentry"],"jetpack_sharing_enabled":false,"_links":{"self":[{"href":"https:\/\/wp.ufpel.edu.br\/ceeccso\/wp-json\/wp\/v2\/pages\/103","targetHints":{"allow":["GET"]}}],"collection":[{"href":"https:\/\/wp.ufpel.edu.br\/ceeccso\/wp-json\/wp\/v2\/pages"}],"about":[{"href":"https:\/\/wp.ufpel.edu.br\/ceeccso\/wp-json\/wp\/v2\/types\/page"}],"author":[{"embeddable":true,"href":"https:\/\/wp.ufpel.edu.br\/ceeccso\/wp-json\/wp\/v2\/users\/1230"}],"replies":[{"embeddable":true,"href":"https:\/\/wp.ufpel.edu.br\/ceeccso\/wp-json\/wp\/v2\/comments?post=103"}],"version-history":[{"count":20,"href":"https:\/\/wp.ufpel.edu.br\/ceeccso\/wp-json\/wp\/v2\/pages\/103\/revisions"}],"predecessor-version":[{"id":384,"href":"https:\/\/wp.ufpel.edu.br\/ceeccso\/wp-json\/wp\/v2\/pages\/103\/revisions\/384"}],"up":[{"embeddable":true,"href":"https:\/\/wp.ufpel.edu.br\/ceeccso\/wp-json\/wp\/v2\/pages\/151"}],"wp:attachment":[{"href":"https:\/\/wp.ufpel.edu.br\/ceeccso\/wp-json\/wp\/v2\/media?parent=103"}],"curies":[{"name":"wp","href":"https:\/\/api.w.org\/{rel}","templated":true}]}}