{"id":817,"date":"2013-11-12T11:16:32","date_gmt":"2013-11-12T13:16:32","guid":{"rendered":"https:\/\/wp.ufpel.edu.br\/cee\/?page_id=817"},"modified":"2017-10-10T13:37:16","modified_gmt":"2017-10-10T16:37:16","slug":"estrutura","status":"publish","type":"page","link":"https:\/\/wp.ufpel.edu.br\/cee\/o-curso-de-engenharia-eletronica\/estrutura\/","title":{"rendered":"Estrutura"},"content":{"rendered":"<div><strong>Dirigentes da Institui\u00e7\u00e3o:<\/strong><\/div>\n<div><\/div>\n<div><strong>Reitor:<\/strong>\u00a0Prof. Pedro Rodrigues Curi Hallal<\/div>\n<div><strong>Vice reitor:\u00a0 <\/strong>Prof.\u00a0Lu\u00eds Isa\u00edas Centeno do Amaral<\/div>\n<div><strong>Pr\u00f3-reitora de gradua\u00e7\u00e3o:\u00a0<\/strong>Profa.\u00a0Maria de Fatima Cossio<\/div>\n<div><strong>Pr\u00f3-Reitora de Pesquisa e P\u00f3s-Gradua\u00e7\u00e3o: <\/strong>Prof.\u00a0Flavio Fernando Demarco<\/div>\n<div><\/div>\n<div><strong>Diretor do Centro de Engenharias:\u00a0 <\/strong>Profa.\u00a0Isabela Andrade<\/div>\n<div><strong>Diretor-adjunto do Centro de Engenharias:<\/strong>\u00a0 Profa.\u00a0 Aline Paliga<\/div>\n<div><\/div>\n<div><strong>Coordenador do colegiado:<\/strong>\u00a0Marcelo Lemos Rossi<\/div>\n<div><a href=\"https:\/\/wp.ufpel.edu.br\/cee\/files\/2013\/11\/Docentes-e-titula\u00e7\u00f5es.doc\">Docentes e titula\u00e7\u00f5es<\/a><\/div>\n","protected":false},"excerpt":{"rendered":"<p>Dirigentes da Institui\u00e7\u00e3o: Reitor:\u00a0Prof. Pedro Rodrigues Curi Hallal Vice reitor:\u00a0 Prof.\u00a0Lu\u00eds Isa\u00edas Centeno do Amaral Pr\u00f3-reitora de gradua\u00e7\u00e3o:\u00a0Profa.\u00a0Maria de Fatima Cossio Pr\u00f3-Reitora de Pesquisa e P\u00f3s-Gradua\u00e7\u00e3o: Prof.\u00a0Flavio Fernando Demarco Diretor do Centro de Engenharias:\u00a0 Profa.\u00a0Isabela Andrade Diretor-adjunto do Centro de Engenharias:\u00a0 Profa.\u00a0 Aline Paliga Coordenador do colegiado:\u00a0Marcelo Lemos Rossi Docentes e titula\u00e7\u00f5es<\/p>\n","protected":false},"author":69,"featured_media":0,"parent":13,"menu_order":0,"comment_status":"closed","ping_status":"closed","template":"","meta":{"footnotes":""},"class_list":["post-817","page","type-page","status-publish","hentry"],"_links":{"self":[{"href":"https:\/\/wp.ufpel.edu.br\/cee\/wp-json\/wp\/v2\/pages\/817","targetHints":{"allow":["GET"]}}],"collection":[{"href":"https:\/\/wp.ufpel.edu.br\/cee\/wp-json\/wp\/v2\/pages"}],"about":[{"href":"https:\/\/wp.ufpel.edu.br\/cee\/wp-json\/wp\/v2\/types\/page"}],"author":[{"embeddable":true,"href":"https:\/\/wp.ufpel.edu.br\/cee\/wp-json\/wp\/v2\/users\/69"}],"replies":[{"embeddable":true,"href":"https:\/\/wp.ufpel.edu.br\/cee\/wp-json\/wp\/v2\/comments?post=817"}],"version-history":[{"count":5,"href":"https:\/\/wp.ufpel.edu.br\/cee\/wp-json\/wp\/v2\/pages\/817\/revisions"}],"predecessor-version":[{"id":1553,"href":"https:\/\/wp.ufpel.edu.br\/cee\/wp-json\/wp\/v2\/pages\/817\/revisions\/1553"}],"up":[{"embeddable":true,"href":"https:\/\/wp.ufpel.edu.br\/cee\/wp-json\/wp\/v2\/pages\/13"}],"wp:attachment":[{"href":"https:\/\/wp.ufpel.edu.br\/cee\/wp-json\/wp\/v2\/media?parent=817"}],"curies":[{"name":"wp","href":"https:\/\/api.w.org\/{rel}","templated":true}]}}