{"id":803,"date":"2013-11-01T11:51:36","date_gmt":"2013-11-01T13:51:36","guid":{"rendered":"https:\/\/wp.ufpel.edu.br\/cee\/?page_id=803"},"modified":"2025-10-13T12:26:35","modified_gmt":"2025-10-13T15:26:35","slug":"regulamento-atividades-complementares","status":"publish","type":"page","link":"https:\/\/wp.ufpel.edu.br\/cee\/o-curso-de-engenharia-eletronica\/regulamento-atividades-complementares\/","title":{"rendered":"Portarias e Regulamentos"},"content":{"rendered":"<p><strong>Portaria de reconhecimento:\u00a0<\/strong><a href=\"https:\/\/wp.ufpel.edu.br\/cee\/files\/2013\/11\/Port218-MEC-01nov12-Reconh-Eng-Eletr\u00f4nica.pdf\">Port218-MEC-01nov12-Reconh Eng Eletr\u00f4nica<\/a><\/p>\n<p><strong>Portaria de autoriza\u00e7\u00e3o:\u00a0<\/strong><a href=\"https:\/\/wp.ufpel.edu.br\/cee\/files\/2013\/11\/Port-1562-Portaria_criac\u00e3o_EEL.pdf\">Port-1562-Portaria_criac\u00e3o_EEL<\/a><\/p>\n<p><strong>Regulamento do est\u00e1gio:\u00a0<\/strong><a style=\"font-size: 13px; line-height: 18px;\" href=\"https:\/\/wp.ufpel.edu.br\/cee\/files\/2013\/11\/Reg_Est\u00e1gio_EEL-aprov_COCEPE_11mai2012.pdf\">Reg_Est\u00e1gio_EEL-aprov_COCEPE_11mai2012<\/a><\/p>\n<p><strong>Regulamento do TCC:\u00a0<\/strong><a href=\"https:\/\/wp.ufpel.edu.br\/cee\/files\/2013\/11\/Reg_TCC-EEL-aprov_COCEPE_11mai2012.pdf\">Reg_TCC-EEL-aprov_COCEPE_11mai2012<\/a><\/p>\n<p><strong>Regulamento &#8211; Atividade complementar: <a href=\"https:\/\/wp.ufpel.edu.br\/cee\/files\/2025\/10\/Reg_Ativ_Compl_EEL-aprov_COCEPE_11mai2012.pdf\">Regulamento atividades complementares<\/a><\/strong><\/p>\n","protected":false},"excerpt":{"rendered":"<p>Portaria de reconhecimento:\u00a0Port218-MEC-01nov12-Reconh Eng Eletr\u00f4nica Portaria de autoriza\u00e7\u00e3o:\u00a0Port-1562-Portaria_criac\u00e3o_EEL Regulamento do est\u00e1gio:\u00a0Reg_Est\u00e1gio_EEL-aprov_COCEPE_11mai2012 Regulamento do TCC:\u00a0Reg_TCC-EEL-aprov_COCEPE_11mai2012 Regulamento &#8211; Atividade complementar: Regulamento atividades complementares<\/p>\n","protected":false},"author":69,"featured_media":0,"parent":13,"menu_order":0,"comment_status":"closed","ping_status":"closed","template":"","meta":{"footnotes":""},"class_list":["post-803","page","type-page","status-publish","hentry"],"_links":{"self":[{"href":"https:\/\/wp.ufpel.edu.br\/cee\/wp-json\/wp\/v2\/pages\/803","targetHints":{"allow":["GET"]}}],"collection":[{"href":"https:\/\/wp.ufpel.edu.br\/cee\/wp-json\/wp\/v2\/pages"}],"about":[{"href":"https:\/\/wp.ufpel.edu.br\/cee\/wp-json\/wp\/v2\/types\/page"}],"author":[{"embeddable":true,"href":"https:\/\/wp.ufpel.edu.br\/cee\/wp-json\/wp\/v2\/users\/69"}],"replies":[{"embeddable":true,"href":"https:\/\/wp.ufpel.edu.br\/cee\/wp-json\/wp\/v2\/comments?post=803"}],"version-history":[{"count":3,"href":"https:\/\/wp.ufpel.edu.br\/cee\/wp-json\/wp\/v2\/pages\/803\/revisions"}],"predecessor-version":[{"id":1830,"href":"https:\/\/wp.ufpel.edu.br\/cee\/wp-json\/wp\/v2\/pages\/803\/revisions\/1830"}],"up":[{"embeddable":true,"href":"https:\/\/wp.ufpel.edu.br\/cee\/wp-json\/wp\/v2\/pages\/13"}],"wp:attachment":[{"href":"https:\/\/wp.ufpel.edu.br\/cee\/wp-json\/wp\/v2\/media?parent=803"}],"curies":[{"name":"wp","href":"https:\/\/api.w.org\/{rel}","templated":true}]}}