{"id":20,"date":"2010-08-19T13:57:42","date_gmt":"2010-08-19T13:57:42","guid":{"rendered":"https:\/\/wp.ufpel.edu.br\/cee\/"},"modified":"2013-02-07T11:05:36","modified_gmt":"2013-02-07T11:05:36","slug":"mercado-de-trabalho","status":"publish","type":"page","link":"https:\/\/wp.ufpel.edu.br\/cee\/o-curso-de-engenharia-eletronica\/mercado-de-trabalho\/","title":{"rendered":"Mercado de Trabalho"},"content":{"rendered":"<div>\n<p>Apesar da crise econ\u00f4mica mundial, iniciada em 2008, quem procura  emprego na \u00e1rea de Engenharia Eletr\u00f4nica n\u00e3o encontra dificuldade. Al\u00e9m  das tradicionais \u00e1reas de transmiss\u00e3o e distribui\u00e7\u00e3o de energia  el\u00e9trica, com demanda em todo o Brasil, h\u00e1 procura pelo especialista por  parte de centros de pesquisa e desenvolvimento de empresas e  ind\u00fastrias.<\/p>\n<p dir=\"ltr\">O conte\u00fado curricular proposto \u00e9 bastante coerente quanto \u00e0  sua abrang\u00eancia, por enfatizar tanto o mercado de trabalho presente  quanto futuro, considerando a diversidade de \u00e1reas nas quais o  Engenheiro Eletr\u00f4nico pode vir a atuar na economia moderna, sustentada  pela evolu\u00e7\u00e3o tecnol\u00f3gica das telecomunica\u00e7\u00f5es, da computa\u00e7\u00e3o e dos  controles autom\u00e1ticos. Assim, o objetivo \u00e9 uma s\u00f3lida forma\u00e7\u00e3o geral e  especializada, sempre influenciada pela evolu\u00e7\u00e3o tecnol\u00f3gica, pelo  desenvolvimento da economia e por inovadores instrumentos de  administra\u00e7\u00e3o e ger\u00eancia empresarial.<\/p>\n<p dir=\"ltr\">Desta forma, o egresso do curso de Engenharia Eletr\u00f4nica  estar\u00e1 habilitado a atuar em diversas \u00e1reas, de grande absor\u00e7\u00e3o de m\u00e3o  de obra pelo mercado de trabalho, tais como as \u00e1reas Industrial,  Telecomunica\u00e7\u00f5es, Instrumenta\u00e7\u00e3o Eletr\u00f4nica, Microeletr\u00f4nica, Automa\u00e7\u00e3o,  Engenharia Biom\u00e9dica, Inform\u00e1tica, Dom\u00f3tica, etc.<\/p>\n<p dir=\"ltr\">Na \u00e1rea industrial, o egresso dever\u00e1 projetar equipamentos  eletr\u00f4nicos destinados \u00e0 automa\u00e7\u00e3o de linhas de produ\u00e7\u00e3o industrial, a  desenvolver circuitos eletr\u00f4nicos para aquisi\u00e7\u00e3o de dados (por exemplo,  \u00e1udio, temperatura, umidade, press\u00e3o), transmiss\u00e3o de dados por  radiofreq\u00fc\u00eancia, entre outros, e a atuar no desenvolvimento de  componentes eletroeletr\u00f4nicos em geral.<\/p>\n<p dir=\"ltr\">Nas \u00e1reas de Instrumenta\u00e7\u00e3o e Microeletr\u00f4nica, poder\u00e1  projetar e desenvolver equipamentos para realiza\u00e7\u00e3o de medidas, registro  de dados e atuadores, bem como projetar, fabricar e testar circuitos  integrados (chips) para sistemas de computa\u00e7\u00e3o, telecomunica\u00e7\u00f5es e de  entretenimento, entre outros.<\/p>\n<p dir=\"ltr\">Muitas companhias multinacionais, como a Freescale  Semicondutores, rec\u00e9m-instalada em Campinas, contratam engenheiros  eletr\u00f4nicos para desenvolver e testar novos produtos, al\u00e9m de participar  de processos de gest\u00e3o internos.<\/p>\n<p dir=\"ltr\">Outros dois campos em ascens\u00e3o s\u00e3o o de Telecomunica\u00e7\u00f5es e o  de Tecnologia da Informa\u00e7\u00e3o, aquecidos em raz\u00e3o da chegada da TV  digital ao pa\u00eds e do uso das redes el\u00e9tricas para a transmiss\u00e3o de  dados. Nas empresas de telecomunica\u00e7\u00f5es (desde f\u00e1bricas de celulares at\u00e9  operadores de sistemas de comunica\u00e7\u00e3o), o graduado atuar\u00e1 desenvolvendo  servi\u00e7os de expans\u00e3o de telefonia e de transmiss\u00e3o de dados por imagem e  som, assim como projetando e construindo equipamentos para telefonia e  comunica\u00e7\u00e3o em geral e de processamento digital de sinais.<\/p>\n<p dir=\"ltr\">O Brasil apresenta um vasto potencial para gera\u00e7\u00e3o de  energia renov\u00e1vel, em fun\u00e7\u00e3o da grande incid\u00eancia solar, que propicia a  forma\u00e7\u00e3o, em grande velocidade, de biomassa e de bons ventos. Com a  ratifica\u00e7\u00e3o do protocolo de Kyoto, muitos investimentos estrangeiros  dever\u00e3o ser feitos no pa\u00eds com o objetivo de sequestrar carbono disperso  na atmosfera. Com isso, surgir\u00e3o grandes oportunidades de  emprego\/trabalho para os engenheiros eletr\u00f4nicos, pois toda e adequa\u00e7\u00e3o  da energia el\u00e9trica provinda de fontes alternativas se d\u00e1 por meio de  equipamentos de Eletr\u00f4nica de Pot\u00eancia.<\/p>\n<p dir=\"ltr\">Com a privatiza\u00e7\u00e3o de v\u00e1rios setores, entre eles o das  empresas geradoras e fornecedoras de energia el\u00e9trica e o de  telecomunica\u00e7\u00f5es, o mercado de trabalho tende a aumentar as chances de  coloca\u00e7\u00e3o, tendo em vista a necessidade de renova\u00e7\u00e3o dos quadros  profissionais que atuam nesses setores.<\/p>\n<p dir=\"ltr\">A maioria das vagas encontra-se nas regi\u00f5es Sudeste e Sul,  que contam com polos industriais bastante desenvolvidos. Mas o Norte e o  Nordeste, carentes de m\u00e3o de obra especializada, tamb\u00e9m demandam  profissionais.<\/p>\n<p dir=\"ltr\">O campo de trabalho para os engenheiros eletr\u00f4nicos \u00e9  amplo. O mercado, promissor, inclui empresas das \u00e1reas de constru\u00e7\u00e3o  naval, petr\u00f3leo e g\u00e1s qu\u00edmico, hospitais, empresas comerciais de  equipamentos eletr\u00f4nicos e telecomunica\u00e7\u00f5es, empresas de projetos e  instala\u00e7\u00f5es el\u00e9tricas, parques tem\u00e1ticos, universidades e institui\u00e7\u00f5es  de pesquisa cient\u00edfica.<\/p>\n<p dir=\"ltr\">Especificamente, na regi\u00e3o sul do Rio Grande do Sul, o  desenvolvimento da ind\u00fastria naval dever\u00e1 absorver profissionais  egressos do curso de Engenharia Eletr\u00f4nica da UFPel.<\/p>\n<\/div>\n","protected":false},"excerpt":{"rendered":"<p>Apesar da crise econ\u00f4mica mundial, iniciada em 2008, quem procura emprego na \u00e1rea de Engenharia Eletr\u00f4nica n\u00e3o encontra dificuldade. Al\u00e9m das tradicionais \u00e1reas de transmiss\u00e3o e distribui\u00e7\u00e3o de energia el\u00e9trica, com demanda em todo o Brasil, h\u00e1 procura pelo especialista por parte de centros de pesquisa e desenvolvimento de empresas e ind\u00fastrias. O conte\u00fado curricular&#8230; <\/p>\n<div class=\"link-more\"><a href=\"https:\/\/wp.ufpel.edu.br\/cee\/o-curso-de-engenharia-eletronica\/mercado-de-trabalho\/\">Leia mais<\/a><\/div>\n","protected":false},"author":69,"featured_media":0,"parent":13,"menu_order":0,"comment_status":"closed","ping_status":"closed","template":"","meta":{"footnotes":""},"class_list":["post-20","page","type-page","status-publish","hentry"],"_links":{"self":[{"href":"https:\/\/wp.ufpel.edu.br\/cee\/wp-json\/wp\/v2\/pages\/20","targetHints":{"allow":["GET"]}}],"collection":[{"href":"https:\/\/wp.ufpel.edu.br\/cee\/wp-json\/wp\/v2\/pages"}],"about":[{"href":"https:\/\/wp.ufpel.edu.br\/cee\/wp-json\/wp\/v2\/types\/page"}],"author":[{"embeddable":true,"href":"https:\/\/wp.ufpel.edu.br\/cee\/wp-json\/wp\/v2\/users\/69"}],"replies":[{"embeddable":true,"href":"https:\/\/wp.ufpel.edu.br\/cee\/wp-json\/wp\/v2\/comments?post=20"}],"version-history":[{"count":2,"href":"https:\/\/wp.ufpel.edu.br\/cee\/wp-json\/wp\/v2\/pages\/20\/revisions"}],"predecessor-version":[{"id":542,"href":"https:\/\/wp.ufpel.edu.br\/cee\/wp-json\/wp\/v2\/pages\/20\/revisions\/542"}],"up":[{"embeddable":true,"href":"https:\/\/wp.ufpel.edu.br\/cee\/wp-json\/wp\/v2\/pages\/13"}],"wp:attachment":[{"href":"https:\/\/wp.ufpel.edu.br\/cee\/wp-json\/wp\/v2\/media?parent=20"}],"curies":[{"name":"wp","href":"https:\/\/api.w.org\/{rel}","templated":true}]}}