{"id":116,"date":"2010-10-01T17:29:49","date_gmt":"2010-10-01T20:29:49","guid":{"rendered":"https:\/\/wp.ufpel.edu.br\/cee\/"},"modified":"2025-10-13T12:22:55","modified_gmt":"2025-10-13T15:22:55","slug":"contato","status":"publish","type":"page","link":"https:\/\/wp.ufpel.edu.br\/cee\/contato\/","title":{"rendered":"Contato"},"content":{"rendered":"<p>Colegiado de Curso<\/p>\n<p><strong>Localiza\u00e7\u00e3o<\/strong>: Centro de Engenharias<span style=\"color: #666666;\">, Rua Benjamin Constant, 989 &#8211;\u00a0 sala A309.<\/span><br \/>\n<strong>Coordenador<\/strong>: Prof. Cl\u00e1udio MC Duarte<br \/>\n<strong>Secret\u00e1ria<\/strong>: Jana\u00edna Viana da Rosa<br \/>\n<strong>E-mail<\/strong>: engenhariaeletronicaufpel@gmail.com<br \/>\n<strong>Telefone<\/strong>: (53) 3284-1694<\/p>\n","protected":false},"excerpt":{"rendered":"<p>Colegiado de Curso Localiza\u00e7\u00e3o: Centro de Engenharias, Rua Benjamin Constant, 989 &#8211;\u00a0 sala A309. Coordenador: Prof. Cl\u00e1udio MC Duarte Secret\u00e1ria: Jana\u00edna Viana da Rosa E-mail: engenhariaeletronicaufpel@gmail.com Telefone: (53) 3284-1694<\/p>\n","protected":false},"author":69,"featured_media":0,"parent":0,"menu_order":0,"comment_status":"closed","ping_status":"closed","template":"","meta":{"footnotes":""},"class_list":["post-116","page","type-page","status-publish","hentry"],"_links":{"self":[{"href":"https:\/\/wp.ufpel.edu.br\/cee\/wp-json\/wp\/v2\/pages\/116","targetHints":{"allow":["GET"]}}],"collection":[{"href":"https:\/\/wp.ufpel.edu.br\/cee\/wp-json\/wp\/v2\/pages"}],"about":[{"href":"https:\/\/wp.ufpel.edu.br\/cee\/wp-json\/wp\/v2\/types\/page"}],"author":[{"embeddable":true,"href":"https:\/\/wp.ufpel.edu.br\/cee\/wp-json\/wp\/v2\/users\/69"}],"replies":[{"embeddable":true,"href":"https:\/\/wp.ufpel.edu.br\/cee\/wp-json\/wp\/v2\/comments?post=116"}],"version-history":[{"count":3,"href":"https:\/\/wp.ufpel.edu.br\/cee\/wp-json\/wp\/v2\/pages\/116\/revisions"}],"predecessor-version":[{"id":1824,"href":"https:\/\/wp.ufpel.edu.br\/cee\/wp-json\/wp\/v2\/pages\/116\/revisions\/1824"}],"wp:attachment":[{"href":"https:\/\/wp.ufpel.edu.br\/cee\/wp-json\/wp\/v2\/media?parent=116"}],"curies":[{"name":"wp","href":"https:\/\/api.w.org\/{rel}","templated":true}]}}