{"id":795,"date":"2021-10-20T10:06:23","date_gmt":"2021-10-20T13:06:23","guid":{"rendered":"https:\/\/wp.ufpel.edu.br\/cedepem\/?page_id=795"},"modified":"2025-09-18T16:10:52","modified_gmt":"2025-09-18T19:10:52","slug":"livros","status":"publish","type":"page","link":"https:\/\/wp.ufpel.edu.br\/cedepem\/publicacoes\/livros\/","title":{"rendered":"Livros"},"content":{"rendered":"<p>&nbsp;<\/p>\n<p><a href=\"https:\/\/wp.ufpel.edu.br\/cedepem\/files\/2025\/09\/cover_UFAWRI7F2.png\"><img loading=\"lazy\" decoding=\"async\" class=\"alignnone wp-image-1877\" src=\"https:\/\/wp.ufpel.edu.br\/cedepem\/files\/2025\/09\/cover_UFAWRI7F2.png\" alt=\"\" width=\"273\" height=\"404\" srcset=\"https:\/\/wp.ufpel.edu.br\/cedepem\/files\/2025\/09\/cover_UFAWRI7F2.png 203w, https:\/\/wp.ufpel.edu.br\/cedepem\/files\/2025\/09\/cover_UFAWRI7F2-135x200.png 135w\" sizes=\"auto, (max-width: 273px) 100vw, 273px\" \/><\/a><\/p>\n<p style=\"text-align: justify;\"><strong>Livro GOVERNAN\u00c7A OCE\u00c2NICA E PLANEJAMENTO ESPACIAL MARINHO:<\/strong><br \/>\n<strong>UMA PERSPECTIVA HIST\u00d3RICA<\/strong><br \/>\n\u00c9 com grande satisfa\u00e7\u00e3o que anunciamos o lan\u00e7amento do livro \u201cGovernan\u00e7a Oce\u00e2nica e Planejamento Espacial Marinho: Uma Perspectiva Hist\u00f3rica\u201d, de autoria da Prof.\u00aa Etiene Villela Marroni, publicado pela Editora da UFPel. A obra oferece uma an\u00e1lise hist\u00f3rica sobre a governan\u00e7a dos oceanos e o planejamento espacial marinho, com foco no contexto brasileiro e internacional. \u00c9 tra\u00e7ado um panorama desde as primeiras delimita\u00e7\u00f5es mar\u00edtimas at\u00e9 os complexos acordos diplom\u00e1ticos contempor\u00e2neos, destacando o papel do Brasil como ator estrat\u00e9gico na expans\u00e3o e gest\u00e3o de seus espa\u00e7os marinhos.<br \/>\nO livro aborda temas como:<br \/>\n&#8211; A evolu\u00e7\u00e3o hist\u00f3rica da delimita\u00e7\u00e3o dos espa\u00e7os marinhos;<br \/>\n&#8211; Geopol\u00edtica e geoeconomia dos oceanos;<br \/>\n&#8211; A Conven\u00e7\u00e3o das Na\u00e7\u00f5es Unidas sobre o Direito do Mar (CNUDM);<br \/>\n&#8211; O papel do Brasil na governan\u00e7a oce\u00e2nica global;<br \/>\n&#8211; Planejamento Espacial Marinho (PEM) como pol\u00edtica p\u00fablica.<br \/>\nIdeal para: pesquisadores, estudantes, profissionais de ci\u00eancia pol\u00edtica, rela\u00e7\u00f5es internacionais, direito, geografia, oceanografia, gest\u00e3o ambiental e todos interessados na tem\u00e1tica mar\u00edtima e na sustentabilidade dos oceanos.<br \/>\nDispon\u00edvel em formato digital (PDF) com acesso gratuito atrav\u00e9s do sistema de bibliotecas da UFPel.<br \/>\nSaiba mais e acesse a obra:<br \/>\n<a href=\"http:\/\/guaiaca.ufpel.edu.br\/xmlui\/handle\/prefix\/17479\">http:\/\/guaiaca.ufpel.edu.br\/xmlui\/handle\/prefix\/17479<\/a><br \/>\nPref\u00e1cio por: Juan Luiz Su\u00e1rez de Vivero, refer\u00eancia internacional em<br \/>\nplanejamento espacial marinho.<\/p>\n<p><a href=\"https:\/\/wp.ufpel.edu.br\/cedepem\/files\/2023\/07\/Livro-CONDOMINIO-ATLANTICO.pdf\"><img loading=\"lazy\" decoding=\"async\" class=\"alignnone size-medium wp-image-1429\" src=\"https:\/\/wp.ufpel.edu.br\/cedepem\/files\/2023\/08\/cover_UHYVGZXXT-306x400.png\" alt=\"\" width=\"306\" height=\"400\" srcset=\"https:\/\/wp.ufpel.edu.br\/cedepem\/files\/2023\/08\/cover_UHYVGZXXT-306x400.png 306w, https:\/\/wp.ufpel.edu.br\/cedepem\/files\/2023\/08\/cover_UHYVGZXXT.png 383w\" sizes=\"auto, (max-width: 306px) 100vw, 306px\" \/><\/a><\/p>\n<p>Livro <a href=\"https:\/\/wp.ufpel.edu.br\/cedepem\/files\/2023\/07\/Livro-CONDOMINIO-ATLANTICO.pdf\">Condom\u00ednio Atl\u00e2ntico: estudos e debates.<\/a><\/p>\n<p>&nbsp;<\/p>\n<p><strong>CAP\u00cdTULOS<\/strong><\/p>\n<p><a href=\"https:\/\/wp.ufpel.edu.br\/cedepem\/files\/2023\/07\/1.pdf\">RECURSOS NATURAIS NAS \u00c1REAS AL\u00c9M DA JURISDI\u00c7\u00c3O NACIONAL: PERSPECTIVAS HIST\u00d3RICAS PARA UMA GOVERNAN\u00c7A SUSTENT\u00c1VEL<\/a><\/p>\n<p>Etiene Villela Marroni, Juan Luis Su\u00e1rez de Vivero e Juan Carlos Rodriguez Mateos<\/p>\n<p><a href=\"https:\/\/wp.ufpel.edu.br\/cedepem\/files\/2023\/07\/2.pdf\">O PROGRAMA BRIT\u00c2NICO BLUE BELT (CINTUR\u00c3O AZUL): MUITO AL\u00c9M DA PREOCUPA\u00c7\u00c3O COM O MEIO AMBIENTE MARINHO<\/a><\/p>\n<p>Alexandre Pereira da Silva<\/p>\n<p><a href=\"https:\/\/wp.ufpel.edu.br\/cedepem\/files\/2023\/07\/3.pdf\">PLANEJAMENTO ESPACIAL MARINHO E A DEFESA MILITAR-NAVAL: UM ENSAIO \u00c0 LUZ DA GEOGRAFIA CR\u00cdTICA DE MILTON SANTOS E DAVID HARVEY<\/a><\/p>\n<p>Alexandre Rocha Violante e Eurico de Lima Figueiredo<\/p>\n<p><a href=\"https:\/\/wp.ufpel.edu.br\/cedepem\/files\/2023\/07\/4.pdf\">GEOPOL\u00cdTICA E GOVERNAN\u00c7A OCE\u00c2NICA: PRESSUPOSTOS E LIMITES<\/a><\/p>\n<p>Delmo de Oliveira Torres Arguelhes e Marcella Lopes Guerra<\/p>\n<p><a href=\"https:\/\/wp.ufpel.edu.br\/cedepem\/files\/2023\/07\/5.pdf\">ECONOMIA AZUL, AGENDA 2030 E D\u00c9CADA DO OCEANO<\/a><\/p>\n<p>Thauan Santos<\/p>\n<p><a href=\"https:\/\/wp.ufpel.edu.br\/cedepem\/files\/2023\/07\/6.pdf\">PENSANDO O PLANEJAMENTO ESPACIAL MARINHO NO ESTUDO DAS RELA\u00c7\u00d5ES INTERNACIONAIS: CONTRIBUI\u00c7\u00d5ES CONCEITUAIS E DESAFIOS ANAL\u00cdTICOS<\/a><\/p>\n<p>Carolina Dantas Nogueira<\/p>\n<p><a href=\"https:\/\/wp.ufpel.edu.br\/cedepem\/files\/2023\/07\/7.pdf\">A POLUI\u00c7\u00c3O DO OCEANO: IMPACTOS E POSSIBILIDADES<\/a><\/p>\n<p>F\u00e1tima Ver\u00f4nica Pereira Vila Nova<\/p>\n<p><a href=\"https:\/\/wp.ufpel.edu.br\/cedepem\/files\/2023\/07\/8.pdf\">PERSPECTIVAS E ATUALIDADES DA PESCA ARTESANAL: UM ESTUDO DE CASO NA COMUNIDADE DE FORTE VELHO \u2013 PB<\/a><\/p>\n<p>Jana\u00edna Barbosa da Silva e Cleber Vasconcelos de Oliveira (in memoriam)<\/p>\n<p><a href=\"https:\/\/wp.ufpel.edu.br\/cedepem\/files\/2023\/07\/9.pdf\">BIODIVERSIDADE DE PEIXES CLUPEIFORMES: VIS\u00c3O ESTRAT\u00c9GICA PARA A CONSERVA\u00c7\u00c3O<\/a><\/p>\n<p>Anailza Cristina Galdino da Silva<\/p>\n<p><a href=\"https:\/\/wp.ufpel.edu.br\/cedepem\/files\/2023\/07\/10.pdf\">AS ALGAS MARINHAS E O PLANEJAMENTO ESPACIAL MARINHO<\/a><\/p>\n<p>Danilo Sorato Oliveira Moreira<\/p>\n<p><a href=\"https:\/\/wp.ufpel.edu.br\/cedepem\/files\/2023\/07\/11.pdf\">MINERA\u00c7\u00c3O SALINEIRA NA LAGOA DE ARARUAMA, RJ<\/a><\/p>\n<p>Gustavo Gordo de Freitas<\/p>\n<p><a href=\"https:\/\/wp.ufpel.edu.br\/cedepem\/files\/2023\/07\/12.pdf\">AMAZ\u00d4NIA AZUL: SUA UTILIDADE E SEUS LIMITES<\/a><\/p>\n<p>Sheyla Rosana Oliveira Moraes, Alberto Teixeira da Silva, Vicente Vagner Cruz, Janete de Miranda Marinho, Gerlayne Nascimento Moraes, Izaquiel Mateus Macedo Gomes, Alessandra Amador Santos e Ismael da Silva Barros<\/p>\n<p><a href=\"https:\/\/wp.ufpel.edu.br\/cedepem\/files\/2023\/07\/13.pdf\">ENERGIAS MARINHAS RENOV\u00c1VEIS: UM ENSAIO<\/a><\/p>\n<p>Ariane Ferreira Porto Rosa, Tha\u00eds Cristina Cust\u00f3dio Moreira Ferreira, Rog\u00e9rio Royer, Yasser Jaber Suliman Audeh e Caio Menezes dos Santos<\/p>\n<p><a href=\"https:\/\/wp.ufpel.edu.br\/cedepem\/files\/2023\/07\/14.pdf\">PLANEJAMENTO ESPACIAL MARINHO NA PARADIPLOMACIA E NO DESENVOLVIMENTO URBANO DAS SMARTICITIES<\/a><\/p>\n<p>Wesley S\u00e1 Teles Guerra<\/p>\n<p><a href=\"https:\/\/wp.ufpel.edu.br\/cedepem\/files\/2023\/07\/15.pdf\">PRESERVA\u00c7\u00c3O ANT\u00c1RTICA E DIPLOMACIA: UM OLHAR DECOLONIAL<\/a><\/p>\n<p>Magayo de Mac\u00eado Alves<\/p>\n<p><a href=\"https:\/\/wp.ufpel.edu.br\/cedepem\/files\/2023\/07\/16.pdf\">O ESTADO E AS DISPUTAS BURGUESAS NA DISPUTA PORTU\u00c1RIA: UMA AN\u00c1LISE POULANTZIANA SOBRE A LEI N. 12.815\/2013<\/a><\/p>\n<p>Pedro Henrique Silva de Oliveira<\/p>\n<p><a href=\"https:\/\/wp.ufpel.edu.br\/cedepem\/files\/2023\/07\/17.pdf\">ILHAS OCE\u00c2NICAS DE S\u00c3O TOM\u00c9 E PR\u00cdNCIPE: REFLEX\u00d5ES SOBRE A QUEST\u00c3O AGR\u00c1RIA E A PROBLEM\u00c1TICA AMBIENTAL<\/a><\/p>\n<p>Ayols\u00e9 Andrade Pires dos Santos e Renata Medeiros Paoliello<\/p>\n<p><a href=\"https:\/\/wp.ufpel.edu.br\/cedepem\/files\/2023\/07\/18.pdf\">POL\u00cdTICA EXTERNA E POL\u00cdTICA DE DEFESA: APROXIMA\u00c7\u00d5ES CONCEITUAIS NA ERA CARDOSO E NA ERA LULA (1995-2010)<\/a><\/p>\n<p>Roberta Carneiro de Melo e V\u00edtor Gomes de Freitas<\/p>\n<p><a href=\"https:\/\/wp.ufpel.edu.br\/cedepem\/files\/2023\/07\/19.pdf\">TARTUS: UMA AN\u00c1LISE DO CONFLITO S\u00cdRIO SOB A PERSPECTIVA MAR\u00cdTIMA<\/a><\/p>\n<p>Diego Rabelo Nonato<\/p>\n<p><a href=\"https:\/\/wp.ufpel.edu.br\/cedepem\/files\/2023\/07\/20.pdf\">OPERACIONES OFFSHORE AL BORDE DE \u201cFRONTERAS\u201d ARBITRARIAS: AN\u00c1LISIS COMPARADO ENTRE LOS CASOS DEL L\u00cdBANO E ISRAEL \u2013 VENEZUELA Y GUYANA<\/a><\/p>\n<p>Ricardo Salvador De Toma-Garc\u00eda<\/p>\n<p><a href=\"https:\/\/wp.ufpel.edu.br\/cedepem\/files\/2023\/07\/21.pdf\">A CONTRIBUI\u00c7\u00c3O DO BRASIL E DA ARGENTINA PARA A DESNUCLEARIZA\u00c7\u00c3O DO ATL\u00c2NTICO SUL: UM CASO DE LAWFARE DEFENSIVO?<\/a><\/p>\n<p>Guilherme Berriel e Jansen Coli Calil N. A. de Oliveira<\/p>\n<p><a href=\"https:\/\/wp.ufpel.edu.br\/cedepem\/files\/2023\/07\/22-1.pdf\">O DESAFIO DA MARINHA DO BRASIL NA GOVERNAN\u00c7A OR\u00c7AMENT\u00c1RIA DA AMAZ\u00d4NIA AZUL<\/a><\/p>\n<p>Thiago Silva e Souza<\/p>\n<p><a href=\"https:\/\/wp.ufpel.edu.br\/cedepem\/files\/2023\/07\/23.pdf\">SOBRE A REGULA\u00c7\u00c3O JUR\u00cdDICA DA SA\u00daDE MENTAL LABORAL PARA A GENTE DO MAR<\/a><\/p>\n<p>Antonio Elian Lawand Junior e Marcelo dos Santos Mata<\/p>\n<p>&nbsp;<\/p>\n<p><a href=\"https:\/\/wp.ufpel.edu.br\/cedepem\/files\/2023\/08\/cover_UXUH35ZDT.png\"><img loading=\"lazy\" decoding=\"async\" class=\"alignnone size-medium wp-image-1458\" src=\"https:\/\/wp.ufpel.edu.br\/cedepem\/files\/2023\/08\/cover_UXUH35ZDT-306x400.png\" alt=\"\" width=\"306\" height=\"400\" srcset=\"https:\/\/wp.ufpel.edu.br\/cedepem\/files\/2023\/08\/cover_UXUH35ZDT-306x400.png 306w, https:\/\/wp.ufpel.edu.br\/cedepem\/files\/2023\/08\/cover_UXUH35ZDT.png 383w\" sizes=\"auto, (max-width: 306px) 100vw, 306px\" \/><\/a><\/p>\n<p>Livro <a href=\"https:\/\/wp.ufpel.edu.br\/cedepem\/files\/2021\/10\/Dialogos_na_Cooperacao_Sul-Sul_ebook.pdf\">Di\u00e1logos na Coopera\u00e7\u00e3o Sul-Sul (1995-2018), Brasil, Cabo Verde e S\u00e3o Tom\u00e9 e Pr\u00edncipe<\/a><\/p>\n<p style=\"text-align: right;\"><a href=\"https:\/\/wp.ufpel.edu.br\/cedepem\/\">Voltar<\/a><\/p>\n","protected":false},"excerpt":{"rendered":"<p>&nbsp; Livro GOVERNAN\u00c7A OCE\u00c2NICA E PLANEJAMENTO ESPACIAL MARINHO: UMA PERSPECTIVA HIST\u00d3RICA \u00c9 com grande satisfa\u00e7\u00e3o que anunciamos o lan\u00e7amento do livro \u201cGovernan\u00e7a Oce\u00e2nica e Planejamento Espacial Marinho:&hellip; <span class=\"read-more\"><a class=\"more-link\" href=\"https:\/\/wp.ufpel.edu.br\/cedepem\/publicacoes\/livros\/\" rel=\"bookmark\">Leia Mais <span class=\"screen-reader-text\">&#8220;Livros&#8221;<\/span><\/a><\/span><\/p>\n","protected":false},"author":1128,"featured_media":0,"parent":405,"menu_order":0,"comment_status":"closed","ping_status":"closed","template":"","meta":{"footnotes":""},"class_list":["post-795","page","type-page","status-publish","hentry"],"_links":{"self":[{"href":"https:\/\/wp.ufpel.edu.br\/cedepem\/wp-json\/wp\/v2\/pages\/795","targetHints":{"allow":["GET"]}}],"collection":[{"href":"https:\/\/wp.ufpel.edu.br\/cedepem\/wp-json\/wp\/v2\/pages"}],"about":[{"href":"https:\/\/wp.ufpel.edu.br\/cedepem\/wp-json\/wp\/v2\/types\/page"}],"author":[{"embeddable":true,"href":"https:\/\/wp.ufpel.edu.br\/cedepem\/wp-json\/wp\/v2\/users\/1128"}],"replies":[{"embeddable":true,"href":"https:\/\/wp.ufpel.edu.br\/cedepem\/wp-json\/wp\/v2\/comments?post=795"}],"version-history":[{"count":3,"href":"https:\/\/wp.ufpel.edu.br\/cedepem\/wp-json\/wp\/v2\/pages\/795\/revisions"}],"predecessor-version":[{"id":1881,"href":"https:\/\/wp.ufpel.edu.br\/cedepem\/wp-json\/wp\/v2\/pages\/795\/revisions\/1881"}],"up":[{"embeddable":true,"href":"https:\/\/wp.ufpel.edu.br\/cedepem\/wp-json\/wp\/v2\/pages\/405"}],"wp:attachment":[{"href":"https:\/\/wp.ufpel.edu.br\/cedepem\/wp-json\/wp\/v2\/media?parent=795"}],"curies":[{"name":"wp","href":"https:\/\/api.w.org\/{rel}","templated":true}]}}