{"id":682,"date":"2021-06-29T15:58:08","date_gmt":"2021-06-29T18:58:08","guid":{"rendered":"https:\/\/wp.ufpel.edu.br\/cedepem\/?page_id=682"},"modified":"2021-06-29T16:14:18","modified_gmt":"2021-06-29T19:14:18","slug":"contato-2","status":"publish","type":"page","link":"https:\/\/wp.ufpel.edu.br\/cedepem\/publicacoes\/revista-cedepem\/contato-2\/","title":{"rendered":"CONTATO"},"content":{"rendered":"<div><b>Revista CEDEPEM<\/b><\/div>\n<div><b>Centro de Estudos Estrat\u00e9gicos e Planejamento Espacial Marinho<\/b><\/div>\n<div><b>Programa de P\u00f3s-Gradua\u00e7\u00e3o em Ci\u00eancia Pol\u00edtica<\/b><\/div>\n<div><b>Universidade Federal de Pelotas<\/b><\/div>\n<div>Rua Coronel Alberto Rosa, 154 3\u00ba andar, sala 302<\/div>\n<div>96010-770 &#8211; Pelotas, RS<\/div>\n<div>(53)\u00a03284-3195<\/div>\n<div style=\"text-align: right\"><a href=\"https:\/\/wp.ufpel.edu.br\/cedepem\/publicacoes\/revista-cedepem\/\">Voltar<\/a><\/div>\n","protected":false},"excerpt":{"rendered":"<p>Revista CEDEPEM Centro de Estudos Estrat\u00e9gicos e Planejamento Espacial Marinho Programa de P\u00f3s-Gradua\u00e7\u00e3o em Ci\u00eancia Pol\u00edtica Universidade Federal de Pelotas Rua Coronel Alberto Rosa, 154 3\u00ba andar,&hellip; <span class=\"read-more\"><a class=\"more-link\" href=\"https:\/\/wp.ufpel.edu.br\/cedepem\/publicacoes\/revista-cedepem\/contato-2\/\" rel=\"bookmark\">Leia Mais <span class=\"screen-reader-text\">&#8220;CONTATO&#8221;<\/span><\/a><\/span><\/p>\n","protected":false},"author":1128,"featured_media":0,"parent":419,"menu_order":0,"comment_status":"closed","ping_status":"closed","template":"","meta":{"footnotes":""},"class_list":["post-682","page","type-page","status-publish","hentry"],"_links":{"self":[{"href":"https:\/\/wp.ufpel.edu.br\/cedepem\/wp-json\/wp\/v2\/pages\/682","targetHints":{"allow":["GET"]}}],"collection":[{"href":"https:\/\/wp.ufpel.edu.br\/cedepem\/wp-json\/wp\/v2\/pages"}],"about":[{"href":"https:\/\/wp.ufpel.edu.br\/cedepem\/wp-json\/wp\/v2\/types\/page"}],"author":[{"embeddable":true,"href":"https:\/\/wp.ufpel.edu.br\/cedepem\/wp-json\/wp\/v2\/users\/1128"}],"replies":[{"embeddable":true,"href":"https:\/\/wp.ufpel.edu.br\/cedepem\/wp-json\/wp\/v2\/comments?post=682"}],"version-history":[{"count":4,"href":"https:\/\/wp.ufpel.edu.br\/cedepem\/wp-json\/wp\/v2\/pages\/682\/revisions"}],"predecessor-version":[{"id":689,"href":"https:\/\/wp.ufpel.edu.br\/cedepem\/wp-json\/wp\/v2\/pages\/682\/revisions\/689"}],"up":[{"embeddable":true,"href":"https:\/\/wp.ufpel.edu.br\/cedepem\/wp-json\/wp\/v2\/pages\/419"}],"wp:attachment":[{"href":"https:\/\/wp.ufpel.edu.br\/cedepem\/wp-json\/wp\/v2\/media?parent=682"}],"curies":[{"name":"wp","href":"https:\/\/api.w.org\/{rel}","templated":true}]}}