{"id":587,"date":"2021-04-29T18:25:49","date_gmt":"2021-04-29T21:25:49","guid":{"rendered":"https:\/\/wp.ufpel.edu.br\/cedepem\/?page_id=587"},"modified":"2023-08-01T22:41:27","modified_gmt":"2023-08-02T01:41:27","slug":"projetos-e-acoes","status":"publish","type":"page","link":"https:\/\/wp.ufpel.edu.br\/cedepem\/acoes\/projetos-e-acoes\/","title":{"rendered":"PROJETOS E A\u00c7\u00d5ES"},"content":{"rendered":"<p style=\"text-align: justify;\"><span style=\"font-weight: 400;\">Os projetos e a\u00e7\u00f5es desenvolvidos pelo CEDEPEM est\u00e3o estruturados em tr\u00eas eixos, s\u00e3o eles: Panorama do Espa\u00e7o Costeiro-marinho Brasileiro, Educa\u00e7\u00e3o para o Espa\u00e7o Costeiro-marinho Brasileiro e Restaura\u00e7\u00e3o e Conserva\u00e7\u00e3o do Espa\u00e7o Costeiro-marinho Brasileiro.<\/span><\/p>\n<p>&nbsp;<\/p>\n<p><b>Panorama do Espa\u00e7o Costeiro-marinho Brasileiro<\/b><\/p>\n<p style=\"text-align: justify;\"><span style=\"font-weight: 400;\">Este eixo visa o desenvolvimento e divulga\u00e7\u00e3o de pesquisas, forma\u00e7\u00e3o de base de dados e materiais cartogr\u00e1ficos sobre o espa\u00e7o costeiro-marinho, em temas como demografia, energias renov\u00e1veis, pensamento estrat\u00e9gico, recursos naturais, biodiversidade, sustentabilidade, democracia, educa\u00e7\u00e3o pol\u00edtica e mudan\u00e7as clim\u00e1ticas.<\/span><\/p>\n<p><b>Educa\u00e7\u00e3o para o Espa\u00e7o Costeiro-marinho Brasileiro<\/b><\/p>\n<p style=\"text-align: justify;\"><span style=\"font-weight: 400;\">Este eixo objetiva a produ\u00e7\u00e3o de recursos educacionais e a\u00e7\u00f5es que fortale\u00e7am a mentalidade mar\u00edtima e responsabilidade dos cidad\u00e3os no processo de planejamento, discuss\u00e3o e execu\u00e7\u00e3o de pol\u00edticas ambientais do espa\u00e7o costeiro-marinho brasileiro.<\/span><\/p>\n<p><b>Restaura\u00e7\u00e3o e Conserva\u00e7\u00e3o do Espa\u00e7o Costeiro-marinho Brasileiro<\/b><\/p>\n<p style=\"text-align: justify;\"><span style=\"font-weight: 400;\">Este eixo tem como finalidade a mobiliza\u00e7\u00e3o com os diversos segmentos da sociedade e da economia para a elabora\u00e7\u00e3o e execu\u00e7\u00e3o de a\u00e7\u00f5es em prol da restaura\u00e7\u00e3o e conserva\u00e7\u00e3o do espa\u00e7o costeiro-marinho brasileiro.<\/span><\/p>\n<p style=\"text-align: right;\"><a href=\"https:\/\/wp.ufpel.edu.br\/cedepem\/\">Voltar<\/a><\/p>\n","protected":false},"excerpt":{"rendered":"<p>Os projetos e a\u00e7\u00f5es desenvolvidos pelo CEDEPEM est\u00e3o estruturados em tr\u00eas eixos, s\u00e3o eles: Panorama do Espa\u00e7o Costeiro-marinho Brasileiro, Educa\u00e7\u00e3o para o Espa\u00e7o Costeiro-marinho Brasileiro e Restaura\u00e7\u00e3o&hellip; <span class=\"read-more\"><a class=\"more-link\" href=\"https:\/\/wp.ufpel.edu.br\/cedepem\/acoes\/projetos-e-acoes\/\" rel=\"bookmark\">Leia Mais <span class=\"screen-reader-text\">&#8220;PROJETOS E A\u00c7\u00d5ES&#8221;<\/span><\/a><\/span><\/p>\n","protected":false},"author":1128,"featured_media":0,"parent":432,"menu_order":0,"comment_status":"closed","ping_status":"closed","template":"","meta":{"footnotes":""},"class_list":["post-587","page","type-page","status-publish","hentry"],"_links":{"self":[{"href":"https:\/\/wp.ufpel.edu.br\/cedepem\/wp-json\/wp\/v2\/pages\/587","targetHints":{"allow":["GET"]}}],"collection":[{"href":"https:\/\/wp.ufpel.edu.br\/cedepem\/wp-json\/wp\/v2\/pages"}],"about":[{"href":"https:\/\/wp.ufpel.edu.br\/cedepem\/wp-json\/wp\/v2\/types\/page"}],"author":[{"embeddable":true,"href":"https:\/\/wp.ufpel.edu.br\/cedepem\/wp-json\/wp\/v2\/users\/1128"}],"replies":[{"embeddable":true,"href":"https:\/\/wp.ufpel.edu.br\/cedepem\/wp-json\/wp\/v2\/comments?post=587"}],"version-history":[{"count":12,"href":"https:\/\/wp.ufpel.edu.br\/cedepem\/wp-json\/wp\/v2\/pages\/587\/revisions"}],"predecessor-version":[{"id":1422,"href":"https:\/\/wp.ufpel.edu.br\/cedepem\/wp-json\/wp\/v2\/pages\/587\/revisions\/1422"}],"up":[{"embeddable":true,"href":"https:\/\/wp.ufpel.edu.br\/cedepem\/wp-json\/wp\/v2\/pages\/432"}],"wp:attachment":[{"href":"https:\/\/wp.ufpel.edu.br\/cedepem\/wp-json\/wp\/v2\/media?parent=587"}],"curies":[{"name":"wp","href":"https:\/\/api.w.org\/{rel}","templated":true}]}}