{"id":465,"date":"2021-04-28T21:27:12","date_gmt":"2021-04-29T00:27:12","guid":{"rendered":"https:\/\/wp.ufpel.edu.br\/cedepem\/?page_id=465"},"modified":"2025-07-17T08:57:19","modified_gmt":"2025-07-17T11:57:19","slug":"expediente","status":"publish","type":"page","link":"https:\/\/wp.ufpel.edu.br\/cedepem\/publicacoes\/revista-cedepem\/expediente\/","title":{"rendered":"EXPEDIENTE"},"content":{"rendered":"<p><b>Conselho Editorial<\/b><\/p>\n<p><span style=\"font-weight: 400;\">Alexandre Pereira da Silva (Universidade de Wuhan, China)<\/span><\/p>\n<p><span style=\"font-weight: 400;\">Carolina Dantas Nogueira (PUC-MG)<\/span><\/p>\n<p><span style=\"font-weight: 400;\">Delmo de Oliveira Torres Arguelhes (NEA\/UFF)<\/span><\/p>\n<p><span style=\"font-weight: 400;\">Etiene Villela Marroni (UFPel)\u00a0<\/span><\/p>\n<p>Eurico de Lima Figueiredo (UFF)<\/p>\n<p><span style=\"font-weight: 400;\">F\u00e1tima Ver\u00f4nica Pereira Vila Nova (IFPE)<\/span><\/p>\n<p><span style=\"font-weight: 400;\">Juan Luis Su\u00e1rez de Vivero (Universidade de Sevilha)<\/span><\/p>\n<p><span style=\"font-weight: 400;\">Maria Fernanda Abrantes Torres (UFPE)<\/span><\/p>\n<p><span style=\"font-weight: 400;\">Oswaldo Giovannini J\u00fanior (UFPB)<\/span><\/p>\n<p>Silvana Schimanski (UFPel)<\/p>\n<p>William Daldegan de Freitas\u00a0(UFPel)<\/p>\n<p><strong>Periodicidade:<\/strong> trimestral<\/p>\n<p><strong>Autor Coorporativo:<\/strong> Programa de P\u00f3s-Gradua\u00e7\u00e3o em Ci\u00eancia Pol\u00edtica<br \/>\nEndere\u00e7o Rua Coronel Alberto Rosa, 154 3\u00ba andar, sala 302 CEP: 96010-770<br \/>\nPelotas \u2013 Rio Grande do Sul<\/p>\n<p style=\"text-align: right;\"><a href=\"https:\/\/wp.ufpel.edu.br\/cedepem\/publicacoes\/revista-cedepem\/\">Voltar<\/a><\/p>\n","protected":false},"excerpt":{"rendered":"<p>Conselho Editorial Alexandre Pereira da Silva (Universidade de Wuhan, China) Carolina Dantas Nogueira (PUC-MG) Delmo de Oliveira Torres Arguelhes (NEA\/UFF) Etiene Villela Marroni (UFPel)\u00a0 Eurico de Lima&hellip; <span class=\"read-more\"><a class=\"more-link\" href=\"https:\/\/wp.ufpel.edu.br\/cedepem\/publicacoes\/revista-cedepem\/expediente\/\" rel=\"bookmark\">Leia Mais <span class=\"screen-reader-text\">&#8220;EXPEDIENTE&#8221;<\/span><\/a><\/span><\/p>\n","protected":false},"author":1128,"featured_media":0,"parent":419,"menu_order":0,"comment_status":"closed","ping_status":"closed","template":"","meta":{"footnotes":""},"class_list":["post-465","page","type-page","status-publish","hentry"],"_links":{"self":[{"href":"https:\/\/wp.ufpel.edu.br\/cedepem\/wp-json\/wp\/v2\/pages\/465","targetHints":{"allow":["GET"]}}],"collection":[{"href":"https:\/\/wp.ufpel.edu.br\/cedepem\/wp-json\/wp\/v2\/pages"}],"about":[{"href":"https:\/\/wp.ufpel.edu.br\/cedepem\/wp-json\/wp\/v2\/types\/page"}],"author":[{"embeddable":true,"href":"https:\/\/wp.ufpel.edu.br\/cedepem\/wp-json\/wp\/v2\/users\/1128"}],"replies":[{"embeddable":true,"href":"https:\/\/wp.ufpel.edu.br\/cedepem\/wp-json\/wp\/v2\/comments?post=465"}],"version-history":[{"count":14,"href":"https:\/\/wp.ufpel.edu.br\/cedepem\/wp-json\/wp\/v2\/pages\/465\/revisions"}],"predecessor-version":[{"id":1873,"href":"https:\/\/wp.ufpel.edu.br\/cedepem\/wp-json\/wp\/v2\/pages\/465\/revisions\/1873"}],"up":[{"embeddable":true,"href":"https:\/\/wp.ufpel.edu.br\/cedepem\/wp-json\/wp\/v2\/pages\/419"}],"wp:attachment":[{"href":"https:\/\/wp.ufpel.edu.br\/cedepem\/wp-json\/wp\/v2\/media?parent=465"}],"curies":[{"name":"wp","href":"https:\/\/api.w.org\/{rel}","templated":true}]}}