{"id":463,"date":"2021-04-28T21:26:32","date_gmt":"2021-04-29T00:26:32","guid":{"rendered":"https:\/\/wp.ufpel.edu.br\/cedepem\/?page_id=463"},"modified":"2025-07-16T21:33:27","modified_gmt":"2025-07-17T00:33:27","slug":"normas-para-submissao-de-artigos-revista-cedepem","status":"publish","type":"page","link":"https:\/\/wp.ufpel.edu.br\/cedepem\/publicacoes\/revista-cedepem\/normas-para-submissao-de-artigos-revista-cedepem\/","title":{"rendered":"Normas para Submiss\u00e3o de Artigos \u2013 Revista CEDEPEM"},"content":{"rendered":"<p style=\"text-align: justify;\"><span style=\"font-size: 14pt;\"><strong>Escopo e Foco<\/strong><\/span><br \/>\nA Revista CEDEPEM \u00e9 uma publica\u00e7\u00e3o cient\u00edfica, vinculada ao Centro de Estudos Estrat\u00e9gicos e Planejamento Espacial Marinho (CEDEPEM), com \u00eanfase nas \u00e1reas de Ci\u00eancia Pol\u00edtica e Rela\u00e7\u00f5es Internacionais.<br \/>\nA revista tem como foco central a divulga\u00e7\u00e3o de pesquisas voltadas \u00e0s humanidades, \u00e0 geopol\u00edtica e \u00e0s rela\u00e7\u00f5es entre pol\u00edtica e o ecossistema oce\u00e2nico, buscando fomentar abordagens cr\u00edticas e inovadoras sobre din\u00e2micas socioambientais, estrat\u00e9gias de poder e governan\u00e7a global. No entanto, tamb\u00e9m s\u00e3o aceitas contribui\u00e7\u00f5es gerais nas \u00e1reas de CP&amp;RI, desde que se enquadrem nos crit\u00e9rios de qualidade e relev\u00e2ncia definidos pelo Conselho Editorial.<\/p>\n<p style=\"text-align: justify;\">A Revista CEDEPEM adota a publica\u00e7\u00e3o de dossi\u00eas tem\u00e1ticos, organizados periodicamente com base em demandas de grupos de pesquisa e tem\u00e1ticas emergentes, com o objetivo de incentivar o debate acad\u00eamico qualificado e plural.<\/p>\n<p style=\"text-align: justify;\">S\u00e3o aceitos para avalia\u00e7\u00e3o textos originais e in\u00e9ditos, nas seguintes categorias: artigos cient\u00edficos, ensaios te\u00f3ricos, revis\u00f5es sistem\u00e1ticas, estudos de caso, resenhas cr\u00edticas. Os trabalhos podem ser submetidos em portugu\u00eas ou espanhol, observando as diretrizes formais da revista.<\/p>\n<p style=\"text-align: justify;\"><span style=\"font-size: 14pt;\"><strong>Crit\u00e9rios Gerais para Submiss\u00e3o<br \/>\n<\/strong><\/span>Os textos devem ser in\u00e9ditos no Brasil e n\u00e3o podem estar em processo de avalia\u00e7\u00e3o por outra publica\u00e7\u00e3o.<\/p>\n<p style=\"text-align: justify;\">O envio implica na cess\u00e3o dos direitos autorais \u00e0 Revista CEDEPEM em caso de aceita\u00e7\u00e3o. Autores e coautores devem possuir v\u00ednculo institucional e forma\u00e7\u00e3o m\u00ednima de gradua\u00e7\u00e3o (ou comprovar produ\u00e7\u00e3o acad\u00eamica relevante em casos excepcionais).<\/p>\n<p style=\"text-align: justify;\">M\u00e1ximo de 5 autores por artigo.<\/p>\n<p style=\"text-align: justify;\"><strong>Formata\u00e7\u00e3o dos Manuscritos<\/strong><br \/>\nOs arquivos devem ser enviados em formato .doc ou .docx e seguir as normas a seguir:<\/p>\n<p style=\"text-align: justify;\"><strong>Estrutura do Artigo<br \/>\n<\/strong>T\u00edtulo: Centralizado, em negrito, com at\u00e9 20 palavras, em portugu\u00eas e ingl\u00eas.<br \/>\nResumo: At\u00e9 250 palavras, em portugu\u00eas e ingl\u00eas (ou espanhol), com 3 a 5 palavras-chave.<br \/>\nTexto principal: Introdu\u00e7\u00e3o, Desenvolvimento (metodologia, an\u00e1lise, resultados),<br \/>\nConsidera\u00e7\u00f5es finais e Refer\u00eancias.<br \/>\nNotas de rodap\u00e9: Apenas explicativas, reduzidas ao m\u00ednimo necess\u00e1rio.<br \/>\nCita\u00e7\u00f5es diretas: Com mais de 3 linhas, destacadas com recuo e fonte menor.<br \/>\nRefer\u00eancias: Ao final, conforme ABNT NBR 6023\/2018.<\/p>\n<p><strong>Diretrizes T\u00e9cnicas<br \/>\n<\/strong>Fonte: Times New Roman, tamanho 12.<br \/>\nEspa\u00e7amento: 1,5 entre linhas.<br \/>\nMargens: 2,5 cm (superior, inferior, direita e esquerda).<br \/>\nAlinhamento: Justificado.<br \/>\nExtens\u00e3o: Artigos entre 12 e 25 p\u00e1ginas, incluindo refer\u00eancias; resenhas entre 4 e 6 p\u00e1ginas.<\/p>\n<p><strong>Refer\u00eancias<\/strong><br \/>\n&#8211; Livro: Sobrenome, primeiro nome do autor. T\u00edtulo. Local de publica\u00e7\u00e3o: Editora, ano de publica\u00e7\u00e3o.<br \/>\n&#8211; Teses e Disserta\u00e7\u00f5es: Sobrenome, primeiro nome do autor. T\u00edtulo. Ano de publica\u00e7\u00e3o. N\u00famero de folhas ou volumes. Categoria (\u00e1rea de concentra\u00e7\u00e3o) &#8211; Institui\u00e7\u00e3o, Local, ano de defesa.<br \/>\n&#8211; Revista ou jornal: Sobrenome, primeiro nome do autor. T\u00edtulo do artigo. Nome da Revista, Local de publica\u00e7\u00e3o, n\u00famero do volume, p\u00e1ginas, m\u00eas e ano de publica\u00e7\u00e3o. [DOI ou Link de acesso].<br \/>\n&#8211; Site: Sobrenome, primeiro nome do autor. T\u00edtulo da mat\u00e9ria. Nome do site, ano. Dispon\u00edvel em: link de acesso. Acesso em: data de acesso.<\/p>\n<p style=\"text-align: justify;\"><span style=\"font-size: 14pt;\"><strong>Avalia\u00e7\u00e3o por Pares<\/strong><\/span><br \/>\nTodos os trabalhos submetidos ser\u00e3o avaliados por dois pareceristas ad hoc, no sistema duplo-cego. Em caso de pareceres divergentes, um terceiro avaliador ser\u00e1 consultado.<\/p>\n<p style=\"text-align: justify;\"><span style=\"font-size: 14pt;\"><strong> Crit\u00e9rios avaliativos<\/strong><\/span><br \/>\nOriginalidade e relev\u00e2ncia do tema; clareza metodol\u00f3gica e rigor cient\u00edfico; qualidade da reda\u00e7\u00e3o; adequa\u00e7\u00e3o \u00e0s normas da revista.<\/p>\n<p><span style=\"font-size: 14pt;\"><strong>Direitos Autorais e Licen\u00e7a<\/strong><\/span><br \/>\nOs artigos publicados na Revista CEDEPEM s\u00e3o de inteira responsabilidade de seus autores, n\u00e3o refletindo, necessariamente, a opini\u00e3o do Conselho Editorial ou da institui\u00e7\u00e3o.<\/p>\n<p><span style=\"font-size: 14pt;\"><strong>Submiss\u00e3o<\/strong><\/span><br \/>\nA submiss\u00e3o dos artigos deve ser feita exclusivamente pelo sistema eletr\u00f4nico da revista:<br \/>\n[em breve o sistema ser\u00e1 informado para novas submiss\u00f5es]\n<p style=\"text-align: justify;\"><span style=\"font-size: 14pt;\"><strong>Contato<\/strong><\/span><br \/>\nPara d\u00favidas e informa\u00e7\u00f5es: cedepem@ufpel.edu.br<\/p>\n<p style=\"text-align: right;\"><a href=\"https:\/\/wp.ufpel.edu.br\/cedepem\/publicacoes\/revista-cedepem\/\">Voltar<\/a><\/p>\n","protected":false},"excerpt":{"rendered":"<p>Escopo e Foco A Revista CEDEPEM \u00e9 uma publica\u00e7\u00e3o cient\u00edfica, vinculada ao Centro de Estudos Estrat\u00e9gicos e Planejamento Espacial Marinho (CEDEPEM), com \u00eanfase nas \u00e1reas de Ci\u00eancia&hellip; <span class=\"read-more\"><a class=\"more-link\" href=\"https:\/\/wp.ufpel.edu.br\/cedepem\/publicacoes\/revista-cedepem\/normas-para-submissao-de-artigos-revista-cedepem\/\" rel=\"bookmark\">Leia Mais <span class=\"screen-reader-text\">&#8220;Normas para Submiss\u00e3o de Artigos \u2013 Revista CEDEPEM&#8221;<\/span><\/a><\/span><\/p>\n","protected":false},"author":1128,"featured_media":0,"parent":419,"menu_order":0,"comment_status":"closed","ping_status":"closed","template":"","meta":{"footnotes":""},"class_list":["post-463","page","type-page","status-publish","hentry"],"_links":{"self":[{"href":"https:\/\/wp.ufpel.edu.br\/cedepem\/wp-json\/wp\/v2\/pages\/463","targetHints":{"allow":["GET"]}}],"collection":[{"href":"https:\/\/wp.ufpel.edu.br\/cedepem\/wp-json\/wp\/v2\/pages"}],"about":[{"href":"https:\/\/wp.ufpel.edu.br\/cedepem\/wp-json\/wp\/v2\/types\/page"}],"author":[{"embeddable":true,"href":"https:\/\/wp.ufpel.edu.br\/cedepem\/wp-json\/wp\/v2\/users\/1128"}],"replies":[{"embeddable":true,"href":"https:\/\/wp.ufpel.edu.br\/cedepem\/wp-json\/wp\/v2\/comments?post=463"}],"version-history":[{"count":8,"href":"https:\/\/wp.ufpel.edu.br\/cedepem\/wp-json\/wp\/v2\/pages\/463\/revisions"}],"predecessor-version":[{"id":1872,"href":"https:\/\/wp.ufpel.edu.br\/cedepem\/wp-json\/wp\/v2\/pages\/463\/revisions\/1872"}],"up":[{"embeddable":true,"href":"https:\/\/wp.ufpel.edu.br\/cedepem\/wp-json\/wp\/v2\/pages\/419"}],"wp:attachment":[{"href":"https:\/\/wp.ufpel.edu.br\/cedepem\/wp-json\/wp\/v2\/media?parent=463"}],"curies":[{"name":"wp","href":"https:\/\/api.w.org\/{rel}","templated":true}]}}