{"id":1834,"date":"2025-05-27T19:10:26","date_gmt":"2025-05-27T22:10:26","guid":{"rendered":"https:\/\/wp.ufpel.edu.br\/cedepem\/?page_id=1834"},"modified":"2025-05-27T23:04:00","modified_gmt":"2025-05-28T02:04:00","slug":"podcast-cedepem","status":"publish","type":"page","link":"https:\/\/wp.ufpel.edu.br\/cedepem\/podcast-cedepem\/","title":{"rendered":"Podcast CEDEPEM"},"content":{"rendered":"<div class=\"gmail_attr\" dir=\"ltr\">\n<p><a href=\"https:\/\/open.spotify.com\/episode\/6u5HMSMZm6d44sO4Wd0Oyc?si=3TE4kljxRYCmyGK-Lp7v7A&amp;nd=1&amp;dlsi=e2c6d6a88dd746c2\"><img loading=\"lazy\" decoding=\"async\" class=\"size-medium wp-image-1835 aligncenter\" src=\"https:\/\/wp.ufpel.edu.br\/cedepem\/files\/2025\/05\/Capa-PODCAST-CEDEPEM-400x226.png\" alt=\"\" width=\"400\" height=\"226\" srcset=\"https:\/\/wp.ufpel.edu.br\/cedepem\/files\/2025\/05\/Capa-PODCAST-CEDEPEM-400x226.png 400w, https:\/\/wp.ufpel.edu.br\/cedepem\/files\/2025\/05\/Capa-PODCAST-CEDEPEM-1024x579.png 1024w, https:\/\/wp.ufpel.edu.br\/cedepem\/files\/2025\/05\/Capa-PODCAST-CEDEPEM-768x434.png 768w, https:\/\/wp.ufpel.edu.br\/cedepem\/files\/2025\/05\/Capa-PODCAST-CEDEPEM-354x200.png 354w, https:\/\/wp.ufpel.edu.br\/cedepem\/files\/2025\/05\/Capa-PODCAST-CEDEPEM.png 1472w\" sizes=\"auto, (max-width: 400px) 100vw, 400px\" \/><\/a><\/p>\n<p style=\"text-align: justify;\">O\u00a0Podcast CEDEPEM &#8211; Centro de Estudos Estrat\u00e9gicos e Planejamento Espacial Marinho\u00a0constitui uma iniciativa acad\u00eamica voltada \u00e0 dissemina\u00e7\u00e3o qualificada de conhecimentos sobre as din\u00e2micas pol\u00edticas e ambientais que conformam a governan\u00e7a dos espa\u00e7os marinhos. Vinculado institucionalmente ao Programa de P\u00f3s-Gradua\u00e7\u00e3o em Ci\u00eancia Pol\u00edtica da Universidade Federal de Pelotas (UFPel), este projeto de comunica\u00e7\u00e3o cient\u00edfica deriva das pesquisas desenvolvidas por docentes, discentes e colaboradores, consolidando-se como plataforma de reflex\u00e3o interdisciplinar sobre os desafios contempor\u00e2neos do planejamento e gest\u00e3o de \u00e1reas oce\u00e2nicas.<\/p>\n<p style=\"text-align: justify;\">Atrav\u00e9s de uma abordagem que integra as perspectivas da Ci\u00eancia Pol\u00edtica, Rela\u00e7\u00f5es Internacionais, Direito do Mar, Geografia, Sociologia e Oceanografia, o podcast promove an\u00e1lises cr\u00edticas sobre os regimes internacionais de governan\u00e7a oce\u00e2nica, os processos de formula\u00e7\u00e3o de pol\u00edticas marinhas e as interfaces entre seguran\u00e7a mar\u00edtima e desenvolvimento sustent\u00e1vel. Cada epis\u00f3dio resulta de rigorosa pesquisa acad\u00eamica, oferecendo conte\u00fado especializado que contribui tanto para o avan\u00e7o do debate cient\u00edfico quanto para a qualifica\u00e7\u00e3o de tomadores de decis\u00e3o e atores sociais envolvidos com quest\u00f5es oce\u00e2nicas.<\/p>\n<p style=\"text-align: justify;\">Como instrumento de extens\u00e3o universit\u00e1ria, o Podcast CEDEPEM cumpre fun\u00e7\u00e3o estrat\u00e9gica ao estabelecer pontes entre a produ\u00e7\u00e3o acad\u00eamica especializada e diversos setores da sociedade, promovendo a transfer\u00eancia de conhecimento e fomentando o di\u00e1logo entre pesquisadores, gestores p\u00fablicos, organiza\u00e7\u00f5es n\u00e3o-governamentais e demais interessados na tem\u00e1tica oce\u00e2nica. Sua programa\u00e7\u00e3o contempla desde discuss\u00f5es te\u00f3rico-conceituais at\u00e9 an\u00e1lises de casos emp\u00edricos, sempre com o compromisso de excel\u00eancia acad\u00eamica que caracteriza as atividades do Centro.<\/p>\n<p style=\"text-align: justify;\">Esta iniciativa representa significativa contribui\u00e7\u00e3o para a consolida\u00e7\u00e3o de uma cultura de Planejamento Espacial Marinho no Brasil, alinhada aos Objetivos de Desenvolvimento Sustent\u00e1vel da ONU e aos desafios da D\u00e9cada da Ci\u00eancia Oce\u00e2nica, disponibilizando conhecimento especializado em formato acess\u00edvel sem renunciar do rigor cient\u00edfico. O Podcast CEDEPEM est\u00e1 dispon\u00edvel nas principais plataformas de streaming, constituindo-se como recurso indispens\u00e1vel para profissionais, pesquisadores e estudantes engajados com as complexas quest\u00f5es que envolvem os espa\u00e7os oce\u00e2nicos no s\u00e9culo XXI.<\/p>\n<\/div>\n<div class=\"yj6qo\"><\/div>\n<div class=\"gmail_attr adL\" dir=\"ltr\"><\/div>\n<div class=\"gmail_attr adL\" dir=\"ltr\"><\/div>\n","protected":false},"excerpt":{"rendered":"<p>O\u00a0Podcast CEDEPEM &#8211; Centro de Estudos Estrat\u00e9gicos e Planejamento Espacial Marinho\u00a0constitui uma iniciativa acad\u00eamica voltada \u00e0 dissemina\u00e7\u00e3o qualificada de conhecimentos sobre as din\u00e2micas pol\u00edticas e ambientais que&hellip; <span class=\"read-more\"><a class=\"more-link\" href=\"https:\/\/wp.ufpel.edu.br\/cedepem\/podcast-cedepem\/\" rel=\"bookmark\">Leia Mais <span class=\"screen-reader-text\">&#8220;Podcast CEDEPEM&#8221;<\/span><\/a><\/span><\/p>\n","protected":false},"author":1128,"featured_media":0,"parent":0,"menu_order":0,"comment_status":"closed","ping_status":"closed","template":"","meta":{"footnotes":""},"class_list":["post-1834","page","type-page","status-publish","hentry"],"_links":{"self":[{"href":"https:\/\/wp.ufpel.edu.br\/cedepem\/wp-json\/wp\/v2\/pages\/1834","targetHints":{"allow":["GET"]}}],"collection":[{"href":"https:\/\/wp.ufpel.edu.br\/cedepem\/wp-json\/wp\/v2\/pages"}],"about":[{"href":"https:\/\/wp.ufpel.edu.br\/cedepem\/wp-json\/wp\/v2\/types\/page"}],"author":[{"embeddable":true,"href":"https:\/\/wp.ufpel.edu.br\/cedepem\/wp-json\/wp\/v2\/users\/1128"}],"replies":[{"embeddable":true,"href":"https:\/\/wp.ufpel.edu.br\/cedepem\/wp-json\/wp\/v2\/comments?post=1834"}],"version-history":[{"count":2,"href":"https:\/\/wp.ufpel.edu.br\/cedepem\/wp-json\/wp\/v2\/pages\/1834\/revisions"}],"predecessor-version":[{"id":1841,"href":"https:\/\/wp.ufpel.edu.br\/cedepem\/wp-json\/wp\/v2\/pages\/1834\/revisions\/1841"}],"wp:attachment":[{"href":"https:\/\/wp.ufpel.edu.br\/cedepem\/wp-json\/wp\/v2\/media?parent=1834"}],"curies":[{"name":"wp","href":"https:\/\/api.w.org\/{rel}","templated":true}]}}