{"id":1744,"date":"2025-04-14T20:19:52","date_gmt":"2025-04-14T23:19:52","guid":{"rendered":"https:\/\/wp.ufpel.edu.br\/cedepem\/?page_id=1744"},"modified":"2025-04-14T20:19:52","modified_gmt":"2025-04-14T23:19:52","slug":"volume-4-numero-2-2024","status":"publish","type":"page","link":"https:\/\/wp.ufpel.edu.br\/cedepem\/volume-4-numero-2-2024\/","title":{"rendered":"Volume 4 \u2013 N\u00famero 2 \u2013 2024"},"content":{"rendered":"<p><strong><span style=\"font-size: 14pt;\">Volume 4 &#8211; N\u00famero 2 &#8211; 2024<br \/>\n<\/span><\/strong>ISSN : 2763-8111<\/p>\n<p><a href=\"https:\/\/wp.ufpel.edu.br\/cedepem\/files\/2025\/04\/cover_UZZ4NH64X.png\"><img loading=\"lazy\" decoding=\"async\" class=\"alignnone size-medium wp-image-1743\" src=\"https:\/\/wp.ufpel.edu.br\/cedepem\/files\/2025\/04\/cover_UZZ4NH64X-306x400.png\" alt=\"\" width=\"306\" height=\"400\" srcset=\"https:\/\/wp.ufpel.edu.br\/cedepem\/files\/2025\/04\/cover_UZZ4NH64X-306x400.png 306w, https:\/\/wp.ufpel.edu.br\/cedepem\/files\/2025\/04\/cover_UZZ4NH64X.png 383w\" sizes=\"auto, (max-width: 306px) 100vw, 306px\" \/><\/a><\/p>\n<p><a href=\"https:\/\/wp.ufpel.edu.br\/cedepem\/files\/2025\/04\/Expediente.pdf\">EXPEDIENTE<\/a><\/p>\n<p><a href=\"https:\/\/wp.ufpel.edu.br\/cedepem\/files\/2025\/04\/Editorial.pdf\">EDITORIAL<\/a><\/p>\n<p style=\"text-align: justify;\"><a href=\"https:\/\/wp.ufpel.edu.br\/cedepem\/files\/2025\/04\/artigo_1_Peguy-Ndaya-Moloway.pdf\">DESAFIOS DA EDUCA\u00c7\u00c3O AMBIENTAL NA REP\u00daBLICA DEMOCR\u00c1TICA DO CONGO\u00a0<\/a><br \/>\n<em>The challenges of environmental education in the Democratic Republic of the Congo (DRC)<\/em><br \/>\n<strong>Peguy Ndaya Moloway<\/strong><\/p>\n<p style=\"text-align: justify;\">\n<a href=\"https:\/\/wp.ufpel.edu.br\/cedepem\/files\/2025\/04\/artigo_2_Roddyguez-Mafuta-Lukuama_Mauricio-Pinto-da-Silva.pdf\">\u00c1GUA E SANEAMENTO AMBIENTAL UM ESTUDO SOBRE KINSHASA (REP\u00daBLICA DEMOCR\u00c1TICA DO CONGO)<\/a><br \/>\n<em>Water and Environmental Sanitation: A Study on Kinshasa (Democratic Republic of the Congo)<\/em><br \/>\n<strong>Roddyguez Mafuta Lukuama e Maur\u00edcio Pinto da Silva<\/strong><\/p>\n<p style=\"text-align: justify;\">\n<a href=\"https:\/\/wp.ufpel.edu.br\/cedepem\/files\/2025\/04\/artigo_3_Aguiar-Afonso-Mariano_Andreza-de-Brito-Leal_Celia-Artemisa-Rodrigues-Gomes-Miranda.pdf\">DESAFIOS SOCIOAMBIENTAIS NA \u00c1FRICA LUS\u00d3FONA E O PAPEL DO MELHORAMENTO DE PLANTAS PARA A SUSTENTABILIDADE AGR\u00cdCOLA NO PER\u00cdODO P\u00d3S-INDEPEND\u00caNCIA\u00a0<\/a><br \/>\n<em>The socio-environmental challenges in lusophone Africa and the role of plant breeding for agricultural sustainability in the post-independence period<\/em><br \/>\n<strong>Aguiar Afonso Mariano, Andreza de Brito Leal e C\u00e9lia Artemisa Rodrigues Gomes Miranda<\/strong><\/p>\n<p><strong>ARTIGO DE REVIS\u00c3O<\/strong><\/p>\n<p style=\"text-align: justify;\">\n<a href=\"https:\/\/wp.ufpel.edu.br\/cedepem\/files\/2025\/04\/artigo_de_revisao_Delmo-de-Oliveira-Torres-Arguelhes.pdf\">A DIAL\u00c9TICA DA DESCOLONIZA\u00c7\u00c3O COMO UM SONHO M\u00cdTICO: A GARAGEM HERM\u00c9TICA DE MOEBIUS\u00a0<\/a><br \/>\n<em>The dialectic of decolonization as a mythical dream: Moebius&#8217; The Airtight Garage<\/em><br \/>\n<strong>Delmo de Oliveira Torres Arguelhes<\/strong><\/p>\n<p>&nbsp;<\/p>\n","protected":false},"excerpt":{"rendered":"<p>Volume 4 &#8211; N\u00famero 2 &#8211; 2024 ISSN : 2763-8111 EXPEDIENTE EDITORIAL DESAFIOS DA EDUCA\u00c7\u00c3O AMBIENTAL NA REP\u00daBLICA DEMOCR\u00c1TICA DO CONGO\u00a0 The challenges of environmental education in&hellip; <span class=\"read-more\"><a class=\"more-link\" href=\"https:\/\/wp.ufpel.edu.br\/cedepem\/volume-4-numero-2-2024\/\" rel=\"bookmark\">Leia Mais <span class=\"screen-reader-text\">&#8220;Volume 4 \u2013 N\u00famero 2 \u2013 2024&#8221;<\/span><\/a><\/span><\/p>\n","protected":false},"author":1128,"featured_media":0,"parent":0,"menu_order":0,"comment_status":"closed","ping_status":"closed","template":"","meta":{"footnotes":""},"class_list":["post-1744","page","type-page","status-publish","hentry"],"_links":{"self":[{"href":"https:\/\/wp.ufpel.edu.br\/cedepem\/wp-json\/wp\/v2\/pages\/1744","targetHints":{"allow":["GET"]}}],"collection":[{"href":"https:\/\/wp.ufpel.edu.br\/cedepem\/wp-json\/wp\/v2\/pages"}],"about":[{"href":"https:\/\/wp.ufpel.edu.br\/cedepem\/wp-json\/wp\/v2\/types\/page"}],"author":[{"embeddable":true,"href":"https:\/\/wp.ufpel.edu.br\/cedepem\/wp-json\/wp\/v2\/users\/1128"}],"replies":[{"embeddable":true,"href":"https:\/\/wp.ufpel.edu.br\/cedepem\/wp-json\/wp\/v2\/comments?post=1744"}],"version-history":[{"count":1,"href":"https:\/\/wp.ufpel.edu.br\/cedepem\/wp-json\/wp\/v2\/pages\/1744\/revisions"}],"predecessor-version":[{"id":1752,"href":"https:\/\/wp.ufpel.edu.br\/cedepem\/wp-json\/wp\/v2\/pages\/1744\/revisions\/1752"}],"wp:attachment":[{"href":"https:\/\/wp.ufpel.edu.br\/cedepem\/wp-json\/wp\/v2\/media?parent=1744"}],"curies":[{"name":"wp","href":"https:\/\/api.w.org\/{rel}","templated":true}]}}