{"id":1689,"date":"2024-06-11T18:23:38","date_gmt":"2024-06-11T21:23:38","guid":{"rendered":"https:\/\/wp.ufpel.edu.br\/cedepem\/?page_id=1689"},"modified":"2025-04-24T20:23:38","modified_gmt":"2025-04-24T23:23:38","slug":"recursos-educacionais-digitais-reds","status":"publish","type":"page","link":"https:\/\/wp.ufpel.edu.br\/cedepem\/recursos-educacionais-digitais-reds\/","title":{"rendered":"Recursos Educacionais Digitais (REDs)"},"content":{"rendered":"<p><strong>Recursos Educacionais Digitais (REDs)<\/strong><\/p>\n<p>&nbsp;<\/p>\n<p><a href=\"https:\/\/wp.ufpel.edu.br\/cedepem\/files\/2025\/04\/ATLAS_Populacao-Costeira-do-Brasil.pdf\"><img loading=\"lazy\" decoding=\"async\" class=\"alignnone size-medium wp-image-1740\" src=\"https:\/\/wp.ufpel.edu.br\/cedepem\/files\/2025\/04\/cover_U6LBHDJ6Z-306x400.png\" alt=\"\" width=\"306\" height=\"400\" srcset=\"https:\/\/wp.ufpel.edu.br\/cedepem\/files\/2025\/04\/cover_U6LBHDJ6Z-306x400.png 306w, https:\/\/wp.ufpel.edu.br\/cedepem\/files\/2025\/04\/cover_U6LBHDJ6Z.png 383w\" sizes=\"auto, (max-width: 306px) 100vw, 306px\" \/><\/a><\/p>\n<p class=\"has-text-align-justify\" style=\"text-align: justify;\">O Atlas da Popula\u00e7\u00e3o Costeira do Brasil tem como objetivo fornecer uma vis\u00e3o detalhada e sistematizada sobre a distribui\u00e7\u00e3o, evolu\u00e7\u00e3o e caracter\u00edsticas demogr\u00e1ficas das popula\u00e7\u00f5es que habitam o litoral brasileiro. Com base nos dados do Censo Demogr\u00e1fico de 2022, divulgados pelo Instituto Brasileiro de Geografia e Estat\u00edstica (IBGE), o Atlas apresenta an\u00e1lises que permitem compreender, de forma atualizada, a din\u00e2mica populacional dessa regi\u00e3o estrat\u00e9gica para o pa\u00eds.<\/p>\n<p class=\"has-text-align-justify\" style=\"text-align: justify;\">A publica\u00e7\u00e3o foi produzida pelo\u00a0<strong>Grupo de Pesquisa em Biodiversidade, Meio Ambiente e Sustentabilidade (BIOMAS)<\/strong>,\u00a0<strong>Grupo de Pesquisa Biogeografia e Meio Ambiente (BIOMA) e pelo Centro de Estudos Estrat\u00e9gicos e Planejamento Espacial Marinho (CEDEPEM)<\/strong>, organizada pelas professoras pesquisadoras\u00a0<strong>F\u00e1tima Ver\u00f4nica Pereira Vila Nova<\/strong>,\u00a0<strong>Maria Fernanda Abrantes Torres<\/strong>\u00a0e\u00a0<strong>Etiene Villela Marroni<\/strong>. O trabalho re\u00fane contribui\u00e7\u00f5es de autores e autoras vinculados a diversas institui\u00e7\u00f5es de ensino e pesquisa do Brasil, promovendo uma abordagem colaborativa e interdisciplinar.<\/p>\n<p>O Atlas pode ser baixado clicando <a href=\"https:\/\/wp.ufpel.edu.br\/cedepem\/files\/2025\/04\/ATLAS_Populacao-Costeira-do-Brasil.pdf\">aqui<\/a>.<\/p>\n<p><a href=\"https:\/\/zenodo.org\/records\/12015556\">O Oceano em Tirinhas<\/a><\/p>\n<p><a href=\"https:\/\/www.youtube.com\/watch?v=6IgjUV6mngM\">Explorando o Mundo Oce\u00e2nico<\/a><\/p>\n<p><a href=\"https:\/\/zenodo.org\/records\/12666424\">Desmitificando o Oceano<\/a><\/p>\n<p><a href=\"https:\/\/www.youtube.com\/watch?v=67T2z6EbKT0\">Descobrindo as Ra\u00edzes: hist\u00f3ria da oceanografia<\/a><\/p>\n<p class=\"has-text-align-justify\" style=\"text-align: justify;\">\n","protected":false},"excerpt":{"rendered":"<p>Recursos Educacionais Digitais (REDs) &nbsp; O Atlas da Popula\u00e7\u00e3o Costeira do Brasil tem como objetivo fornecer uma vis\u00e3o detalhada e sistematizada sobre a distribui\u00e7\u00e3o, evolu\u00e7\u00e3o e caracter\u00edsticas&hellip; <span class=\"read-more\"><a class=\"more-link\" href=\"https:\/\/wp.ufpel.edu.br\/cedepem\/recursos-educacionais-digitais-reds\/\" rel=\"bookmark\">Leia Mais <span class=\"screen-reader-text\">&#8220;Recursos Educacionais Digitais (REDs)&#8221;<\/span><\/a><\/span><\/p>\n","protected":false},"author":1128,"featured_media":0,"parent":0,"menu_order":0,"comment_status":"closed","ping_status":"closed","template":"","meta":{"footnotes":""},"class_list":["post-1689","page","type-page","status-publish","hentry"],"_links":{"self":[{"href":"https:\/\/wp.ufpel.edu.br\/cedepem\/wp-json\/wp\/v2\/pages\/1689","targetHints":{"allow":["GET"]}}],"collection":[{"href":"https:\/\/wp.ufpel.edu.br\/cedepem\/wp-json\/wp\/v2\/pages"}],"about":[{"href":"https:\/\/wp.ufpel.edu.br\/cedepem\/wp-json\/wp\/v2\/types\/page"}],"author":[{"embeddable":true,"href":"https:\/\/wp.ufpel.edu.br\/cedepem\/wp-json\/wp\/v2\/users\/1128"}],"replies":[{"embeddable":true,"href":"https:\/\/wp.ufpel.edu.br\/cedepem\/wp-json\/wp\/v2\/comments?post=1689"}],"version-history":[{"count":12,"href":"https:\/\/wp.ufpel.edu.br\/cedepem\/wp-json\/wp\/v2\/pages\/1689\/revisions"}],"predecessor-version":[{"id":1757,"href":"https:\/\/wp.ufpel.edu.br\/cedepem\/wp-json\/wp\/v2\/pages\/1689\/revisions\/1757"}],"wp:attachment":[{"href":"https:\/\/wp.ufpel.edu.br\/cedepem\/wp-json\/wp\/v2\/media?parent=1689"}],"curies":[{"name":"wp","href":"https:\/\/api.w.org\/{rel}","templated":true}]}}