{"id":1687,"date":"2024-06-11T18:20:19","date_gmt":"2024-06-11T21:20:19","guid":{"rendered":"https:\/\/wp.ufpel.edu.br\/cedepem\/?page_id=1687"},"modified":"2024-06-11T18:24:55","modified_gmt":"2024-06-11T21:24:55","slug":"formar","status":"publish","type":"page","link":"https:\/\/wp.ufpel.edu.br\/cedepem\/formar\/","title":{"rendered":"ForMar"},"content":{"rendered":"<p><strong>O PROJETO FORMAR<\/strong><\/p>\n<p style=\"text-align: justify;\">O Grupo de Pesquisa em Biodiversidade, Meio Ambiente e Sustentabilidade do Instituto Federal de Pernambuco (IFPE) &#8211; Campus Caruaru e o Centro de Estudos Estrat\u00e9gicos e Planejamento Espacial Marinho da Universidade Federal de Pelotas (UFPel) estabeleceram uma parceria inovadora e estrat\u00e9gica. Esta colabora\u00e7\u00e3o visa desenvolver e disseminar conhecimentos essenciais, al\u00e9m de criar recursos educacionais digitais que contribuam para o fortalecimento da Cultura Oce\u00e2nica.<\/p>\n<p style=\"text-align: justify;\">Nosso objetivo \u00e9 n\u00e3o apenas ampliar a compreens\u00e3o sobre a biodiversidade marinha e as quest\u00f5es ambientais, mas tamb\u00e9m capacitar indiv\u00edduos e comunidades com as habilidades, valores e comportamentos necess\u00e1rios para promover a sustentabilidade dos oceanos. Acreditamos que, atrav\u00e9s da educa\u00e7\u00e3o e do desenvolvimento de uma consci\u00eancia ambiental robusta, podemos incentivar pr\u00e1ticas que protejam e preservem nossos ecossistemas marinhos para as futuras gera\u00e7\u00f5es.<\/p>\n<p>Este projeto envolve uma s\u00e9rie de iniciativas, incluindo:<\/p>\n<p style=\"text-align: justify;\"><strong>Pesquisa e Desenvolvimento:<\/strong> Investiga\u00e7\u00f5es cient\u00edficas conjuntas para explorar e documentar a biodiversidade marinha, bem como os impactos das atividades humanas nos ecossistemas oce\u00e2nicos.<\/p>\n<p style=\"text-align: justify;\"><a href=\"https:\/\/wp.ufpel.edu.br\/cedepem\/recursos-educacionais-digitais-reds\/\"><strong>Recursos Educacionais Digitais (REDs):<\/strong><\/a> Cria\u00e7\u00e3o de materiais did\u00e1ticos inovadores e acess\u00edveis, como v\u00eddeos, infogr\u00e1ficos, aplicativos interativos e cursos online, para difundir o conhecimento sobre a Cultura Oce\u00e2nica.<\/p>\n<p style=\"text-align: justify;\"><strong>Capacita\u00e7\u00e3o e Forma\u00e7\u00e3o:<\/strong> Programas de treinamento e workshops para estudantes, professores, gestores e o p\u00fablico em geral, visando fomentar habilidades pr\u00e1ticas e te\u00f3ricas necess\u00e1rias para a sustentabilidade ambiental.<\/p>\n<p style=\"text-align: justify;\"><strong>Divulga\u00e7\u00e3o e Sensibiliza\u00e7\u00e3o:<\/strong> Campanhas de conscientiza\u00e7\u00e3o e eventos comunit\u00e1rios para engajar diferentes p\u00fablicos na import\u00e2ncia da preserva\u00e7\u00e3o dos oceanos e na ado\u00e7\u00e3o de comportamentos sustent\u00e1veis.<\/p>\n<p>&nbsp;<\/p>\n<p>&nbsp;<\/p>\n<p>&nbsp;<\/p>\n<p>&nbsp;<\/p>\n","protected":false},"excerpt":{"rendered":"<p>O PROJETO FORMAR O Grupo de Pesquisa em Biodiversidade, Meio Ambiente e Sustentabilidade do Instituto Federal de Pernambuco (IFPE) &#8211; Campus Caruaru e o Centro de Estudos&hellip; <span class=\"read-more\"><a class=\"more-link\" href=\"https:\/\/wp.ufpel.edu.br\/cedepem\/formar\/\" rel=\"bookmark\">Leia Mais <span class=\"screen-reader-text\">&#8220;ForMar&#8221;<\/span><\/a><\/span><\/p>\n","protected":false},"author":1128,"featured_media":0,"parent":0,"menu_order":0,"comment_status":"closed","ping_status":"closed","template":"","meta":{"footnotes":""},"class_list":["post-1687","page","type-page","status-publish","hentry"],"_links":{"self":[{"href":"https:\/\/wp.ufpel.edu.br\/cedepem\/wp-json\/wp\/v2\/pages\/1687","targetHints":{"allow":["GET"]}}],"collection":[{"href":"https:\/\/wp.ufpel.edu.br\/cedepem\/wp-json\/wp\/v2\/pages"}],"about":[{"href":"https:\/\/wp.ufpel.edu.br\/cedepem\/wp-json\/wp\/v2\/types\/page"}],"author":[{"embeddable":true,"href":"https:\/\/wp.ufpel.edu.br\/cedepem\/wp-json\/wp\/v2\/users\/1128"}],"replies":[{"embeddable":true,"href":"https:\/\/wp.ufpel.edu.br\/cedepem\/wp-json\/wp\/v2\/comments?post=1687"}],"version-history":[{"count":2,"href":"https:\/\/wp.ufpel.edu.br\/cedepem\/wp-json\/wp\/v2\/pages\/1687\/revisions"}],"predecessor-version":[{"id":1691,"href":"https:\/\/wp.ufpel.edu.br\/cedepem\/wp-json\/wp\/v2\/pages\/1687\/revisions\/1691"}],"wp:attachment":[{"href":"https:\/\/wp.ufpel.edu.br\/cedepem\/wp-json\/wp\/v2\/media?parent=1687"}],"curies":[{"name":"wp","href":"https:\/\/api.w.org\/{rel}","templated":true}]}}