{"id":1634,"date":"2023-12-19T11:05:30","date_gmt":"2023-12-19T14:05:30","guid":{"rendered":"https:\/\/wp.ufpel.edu.br\/cedepem\/?page_id=1634"},"modified":"2023-12-19T11:07:16","modified_gmt":"2023-12-19T14:07:16","slug":"volume-3-numero-3-2023","status":"publish","type":"page","link":"https:\/\/wp.ufpel.edu.br\/cedepem\/volume-3-numero-3-2023\/","title":{"rendered":"Volume 3 &#8211; N\u00famero 3 &#8211; 2023"},"content":{"rendered":"<p><strong>Volume 3 \u2013 N\u00famero 3 \u2013 2023<br \/>\n<\/strong>DOI: 10.5281\/zenodo.10406119<\/p>\n<p><a href=\"https:\/\/wp.ufpel.edu.br\/cedepem\/files\/2023\/12\/CAPA_3D.png\"><img loading=\"lazy\" decoding=\"async\" class=\"alignnone size-medium wp-image-1635\" src=\"https:\/\/wp.ufpel.edu.br\/cedepem\/files\/2023\/12\/CAPA_3D-306x400.png\" alt=\"\" width=\"306\" height=\"400\" srcset=\"https:\/\/wp.ufpel.edu.br\/cedepem\/files\/2023\/12\/CAPA_3D-306x400.png 306w, https:\/\/wp.ufpel.edu.br\/cedepem\/files\/2023\/12\/CAPA_3D-600x784.png 600w, https:\/\/wp.ufpel.edu.br\/cedepem\/files\/2023\/12\/CAPA_3D.png 607w\" sizes=\"auto, (max-width: 306px) 100vw, 306px\" \/><\/a><\/p>\n<p><strong>Expediente<\/strong><\/p>\n<p><a href=\"https:\/\/wp.ufpel.edu.br\/cedepem\/files\/2023\/12\/Capa-e-Expediente.pdf\">PDF<\/a><\/p>\n<p style=\"font-weight: 400; text-align: justify;\"><strong>EDITORIAL: SOCIEDADE E EMERG\u00caNCIA CLIM\u00c1TICA NO RIO GRANDE DO SUL<br \/>\n<\/strong><em>Etiene Villela Marroni (UFPel), Carlos Alberto Seifert Jr (FURG), Alfredo Alejandro Gugliano (UFRGS),<br \/>\nGuilherme de Queiroz Stein (Universidade de M\u00fcnster), Magayo de Mac\u00eado Alves (UFPel) \u2012 ORGANIZADORES<\/em><\/p>\n<p style=\"text-align: justify;\"><a href=\"https:\/\/wp.ufpel.edu.br\/cedepem\/files\/2023\/12\/Editorial-e-Realizacao.pdf\">PDF<\/a><\/p>\n<p style=\"font-weight: 400; text-align: justify;\"><strong>\u00a0<\/strong><strong>MUDAN\u00c7AS CLIM\u00c1TICAS NO RIO GRANDE DO SUL<br \/>\n<\/strong><em>Climate Change in Rio Grande do Sul<br \/>\n<\/em><strong>Tha\u00eds Cristina Cust\u00f3dio Moreira Ferreira<\/strong><\/p>\n<p style=\"font-weight: 400; text-align: justify;\"><a href=\"https:\/\/wp.ufpel.edu.br\/cedepem\/files\/2023\/12\/THAIS.pdf\">PDF<\/a><\/p>\n<p style=\"font-weight: 400; text-align: justify;\"><strong>CHUVA QUE TRAZIA TRANQUILIDADE; CHUVA QUE TRAZ MEDO<br \/>\n<\/strong><em>Rain that Brought Tranquility, Rain that Brought Fear<br \/>\n<\/em><strong>Gustavo Gordo de Freitas<\/strong><\/p>\n<p style=\"font-weight: 400; text-align: justify;\"><a href=\"https:\/\/wp.ufpel.edu.br\/cedepem\/files\/2023\/12\/Gustavo.pdf\">PDF<\/a><\/p>\n<p style=\"font-weight: 400; text-align: justify;\"><strong>MUDAN\u00c7AS CLIM\u00c1TICAS GLOBAIS: UM RELATO A PARTIR DO SUL GA\u00daCHO<br \/>\n<\/strong><em>Global Climate Changes: A Report from the South of Rio Grande do Sul<br \/>\n<\/em><strong>Magayo de Mac\u00eado Alves<\/strong><\/p>\n<p style=\"font-weight: 400; text-align: justify;\"><a href=\"https:\/\/wp.ufpel.edu.br\/cedepem\/files\/2023\/12\/Magayo.pdf\">PDF<\/a><\/p>\n<p style=\"font-weight: 400; text-align: justify;\"><strong>RELATO DE UM ESTUDANTE ESTRANGEIRO SOBRE O CICLONE DE 2023<br \/>\n<\/strong><em>Report from a Foreign Student About the 2023 Cyclone<br \/>\n<\/em><strong>Ayols\u00e9 Andrade Pires dos Santos<\/strong><\/p>\n<p style=\"font-weight: 400; text-align: justify;\"><a href=\"https:\/\/wp.ufpel.edu.br\/cedepem\/files\/2023\/12\/Ayolse.pdf\">PDF<\/a><\/p>\n<p style=\"font-weight: 400; text-align: justify;\"><strong>A HIST\u00d3RIA DE UM CICLONE E A DEMOCRACIA DOS PEQUENOS<br \/>\n<\/strong><em>The Story of a Cyclone and the Democracy of Small People<br \/>\n<\/em><strong>Etiene Villela Marroni<\/strong><\/p>\n<p style=\"font-weight: 400; text-align: justify;\"><a href=\"https:\/\/wp.ufpel.edu.br\/cedepem\/files\/2023\/12\/Etiene.pdf\">PDF<\/a><\/p>\n<p style=\"font-weight: 400; text-align: justify;\"><strong>VESTINDO BRANCO PARA O FIM DO ANO OU PARA O FIM DO MUNDO?<br \/>\n<\/strong><em>Wearing White for the End of the Year or the End of the World?<br \/>\n<\/em><strong>Caio Menezes dos Santos<\/strong><\/p>\n<p style=\"font-weight: 400; text-align: justify;\"><a href=\"https:\/\/wp.ufpel.edu.br\/cedepem\/files\/2023\/12\/Caio-UFPEL.pdf\">PDF<\/a><\/p>\n<p style=\"font-weight: 400; text-align: justify;\"><strong>EVENTOS CLIM\u00c1TICOS EXTREMOS: RELATO DE EXPERI\u00caNCIA DA CHUVA DE GRANIZO EM BAG\u00c9\/RS<br \/>\n<\/strong><em>Extreme Weather Events: Hailstorm Experience Report in Bag\u00e9\/RS<br \/>\n<\/em><strong>Andressa Prates e Maritza Costa<\/strong><\/p>\n<p style=\"font-weight: 400; text-align: justify;\"><a href=\"https:\/\/wp.ufpel.edu.br\/cedepem\/files\/2023\/12\/Andressa.pdf\">PDF<\/a><\/p>\n<p style=\"font-weight: 400; text-align: justify;\"><strong>IMPLICA\u00c7\u00d5ES DOS EVENTOS CLIM\u00c1TICOS SOBRE ORGANIZA\u00c7\u00d5ES DE CATADORES(AS) NO RIO GRANDE DO SUL<br \/>\n<\/strong><em>Implications of Climate Events on Waste Picker Organizations in Rio Grande do Sul\/RS<br \/>\n<\/em><strong>Michele Barros de Deus Chuquel da Silva e Carlos Alberto Seifert Jr.<\/strong><\/p>\n<p style=\"font-weight: 400; text-align: justify;\"><a href=\"https:\/\/wp.ufpel.edu.br\/cedepem\/files\/2023\/12\/Michele.pdf\">PDF<\/a><\/p>\n<p style=\"font-weight: 400; text-align: justify;\"><strong>A URG\u00caNCIA DE POL\u00cdTICAS P\u00daBLICAS QUANDO DE EMERG\u00caNCIAS CLIM\u00c1TICAS FOCADAS \u00c0 REALIDADE DA PESCA ARTESANAL: UM RELATO SOBRE O ESTU\u00c1RIO DA LAGOA DOS PATOS\/RS<br \/>\n<\/strong><em>The Urgency of Public Policies when Climate Emergencies Focused on the Reality of Artisanal Fishing: A Report on the Lagoa dos Patos Estuary<br \/>\n<\/em><strong>Tatiana Walter; Liandra P. Caldasso; Ederson P. Silva; Caio Floriano dos Santos; Indira Santos;<br \/>\nMar\u00edlia Costa; Bianca Caetano; Juliana Hubner; Leon Gon\u00e7alves; J\u00falia L. Ribeiro e Nahome Santos<\/strong><\/p>\n<p style=\"font-weight: 400; text-align: justify;\"><a href=\"https:\/\/wp.ufpel.edu.br\/cedepem\/files\/2023\/12\/Tatiana.pdf\">PDF<\/a><\/p>\n<p style=\"font-weight: 400; text-align: justify;\"><strong>AGRICULTURA FAMILIAR EM S\u00c3O LOUREN\u00c7O DO SUL\/RS CASO DE RESILI\u00caNCIA FRENTE \u00c0S MUDAN\u00c7AS CLIM\u00c1TICAS<br \/>\n<\/strong><em>Family Farming in S\u00e3o Louren\u00e7o do Sul\/RS Case of Resilience in the Face of Climate Change<br \/>\n<\/em><strong>Hariani Nunes Krack e Carlos Alberto Seifert Junior<\/strong><\/p>\n<p style=\"font-weight: 400; text-align: justify;\"><a href=\"https:\/\/wp.ufpel.edu.br\/cedepem\/files\/2023\/12\/Hariani.pdf\">PDF<\/a><\/p>\n<p style=\"font-weight: 400; text-align: justify;\"><strong>MUDAN\u00c7AS NO CLIMA: OLHARES DE UMA JUVENTUDE PERIF\u00c9RICA<br \/>\n<\/strong><em>Changes in the Climate: Views from Peripheral Youth<br \/>\n<\/em><strong>Jonathan Santos Pereira Feij\u00f3<\/strong><\/p>\n<p style=\"font-weight: 400; text-align: justify;\"><a href=\"https:\/\/wp.ufpel.edu.br\/cedepem\/files\/2023\/12\/Jonathan.pdf\">PDF<\/a><\/p>\n<p style=\"font-weight: 400; text-align: justify;\"><strong>OS DESASTRES AMBIENTAIS NO RIO GRANDE DO SUL E O DISCURSO DA ENERGIA VERDE: APONTAMENTOS SOBRE A ENERGIA E\u00d3LICA E O HIDROG\u00caNIO VERDE<br \/>\n<\/strong><em>Environmental Disasters in Rio Grande do Sul and the Discourse on Green Energy: Notes on Wind Energy and Green Hydrogen<br \/>\n<\/em><strong>Caio Floriano dos Santos; J\u00falia Gomes Ilha e Giulia Assun\u00e7\u00e3o Sichelero<\/strong><\/p>\n<p style=\"font-weight: 400; text-align: justify;\"><a href=\"https:\/\/wp.ufpel.edu.br\/cedepem\/files\/2023\/12\/Caio-Floriano.pdf\">PDF<\/a><\/p>\n<p style=\"font-weight: 400; text-align: justify;\"><strong>A GOVERNAN\u00c7A MULTIN\u00cdVEL E OS OBJETIVOS DO DESENVOLVIMENTO SUSTENT\u00c1VEL NO CONTEXTO DOS EVENTOS CLIM\u00c1TICOS<br \/>\n<\/strong><em>Multi-Level Governance and Sustainable Development Objectives in the Context of Climate Events<br \/>\n<\/em><strong>Silvana Schimanski<\/strong><\/p>\n<p style=\"font-weight: 400; text-align: justify;\"><a href=\"https:\/\/wp.ufpel.edu.br\/cedepem\/files\/2023\/12\/Silvana.pdf\">PDF<\/a><\/p>\n<p style=\"font-weight: 400; text-align: justify;\"><strong>A PERSPECTIVA DA ADMINISTRA\u00c7\u00c3O P\u00daBLICA MUNICIPAL DE PELOTAS\/RS, DIANTE DE DESASTRES E EVENTOS CLIM\u00c1TICOS-AMBIENTAIS: UM RELATO DE EXPERI\u00caNCIA<br \/>\n<\/strong><em>The Perspective of Municipal Public Administration of Pelotas\/RS, in the Face of Disasters and Environmental Climate Events: An Experience Report<br \/>\n<\/em><strong>Aline Crochemore de Maic\u00e1, Esmeralda Canhada de G\u00f3z Faria e Paula Schild Mascarenhas<\/strong><\/p>\n<p style=\"font-weight: 400; text-align: justify;\"><a href=\"https:\/\/wp.ufpel.edu.br\/cedepem\/files\/2023\/12\/Aline.pdf\">PDF<\/a><\/p>\n<p style=\"font-weight: 400; text-align: justify;\"><strong>SOBRE INTERVEN\u00c7\u00c3O NO VALE DO TAQUARI\/RS<br \/>\n<\/strong><em>About Intervention in the Vale do Taquari\/RS<br \/>\n<\/em><strong>Evelin Maria Dillemburg Martil<\/strong><\/p>\n<p style=\"font-weight: 400; text-align: justify;\"><a href=\"https:\/\/wp.ufpel.edu.br\/cedepem\/files\/2023\/12\/Evelin.pdf\">PDF<\/a><\/p>\n<p style=\"font-weight: 400; text-align: justify;\"><strong>DESASTRES CLIM\u00c1TICOS E SA\u00daDE MENTAL: RELATO DE EXPERI\u00caNCIA DE UMA PSIQUIATRA NAS ENCHENTES DO VALE DO TAQUARI\/RS<br \/>\n<\/strong><em>Climate Disasters and Mental Health: Report of a Psychiatrist\u2019s Experience During the Floods in Vale do Taquari\/RS<br \/>\n<\/em><strong>Clara Rohrsetzer Sfoggia, Ana Sfoggia e Olga Garcia Falceto<\/strong><\/p>\n<p style=\"font-weight: 400; text-align: justify;\"><a href=\"https:\/\/wp.ufpel.edu.br\/cedepem\/files\/2023\/12\/Clara.pdf\">PDF<\/a><\/p>\n<p style=\"font-weight: 400; text-align: justify;\"><strong>PEDAGOGIA DE EMERG\u00caNCIA NO VALE DO TAQUARI\/RS<br \/>\n<\/strong><em>Emergency Pedagogy in Vale do Taquari\/RS<br \/>\n<\/em><strong>William Fernando Boudakian de Oliveira<\/strong><\/p>\n<p style=\"text-align: justify;\"><a href=\"https:\/\/wp.ufpel.edu.br\/cedepem\/files\/2023\/12\/William.pdf\">PDF<\/a><\/p>\n","protected":false},"excerpt":{"rendered":"<p>Volume 3 \u2013 N\u00famero 3 \u2013 2023 DOI: 10.5281\/zenodo.10406119 Expediente PDF EDITORIAL: SOCIEDADE E EMERG\u00caNCIA CLIM\u00c1TICA NO RIO GRANDE DO SUL Etiene Villela Marroni (UFPel), Carlos Alberto&hellip; <span class=\"read-more\"><a class=\"more-link\" href=\"https:\/\/wp.ufpel.edu.br\/cedepem\/volume-3-numero-3-2023\/\" rel=\"bookmark\">Leia Mais <span class=\"screen-reader-text\">&#8220;Volume 3 &#8211; N\u00famero 3 &#8211; 2023&#8221;<\/span><\/a><\/span><\/p>\n","protected":false},"author":1128,"featured_media":0,"parent":0,"menu_order":0,"comment_status":"closed","ping_status":"closed","template":"","meta":{"footnotes":""},"class_list":["post-1634","page","type-page","status-publish","hentry"],"_links":{"self":[{"href":"https:\/\/wp.ufpel.edu.br\/cedepem\/wp-json\/wp\/v2\/pages\/1634","targetHints":{"allow":["GET"]}}],"collection":[{"href":"https:\/\/wp.ufpel.edu.br\/cedepem\/wp-json\/wp\/v2\/pages"}],"about":[{"href":"https:\/\/wp.ufpel.edu.br\/cedepem\/wp-json\/wp\/v2\/types\/page"}],"author":[{"embeddable":true,"href":"https:\/\/wp.ufpel.edu.br\/cedepem\/wp-json\/wp\/v2\/users\/1128"}],"replies":[{"embeddable":true,"href":"https:\/\/wp.ufpel.edu.br\/cedepem\/wp-json\/wp\/v2\/comments?post=1634"}],"version-history":[{"count":2,"href":"https:\/\/wp.ufpel.edu.br\/cedepem\/wp-json\/wp\/v2\/pages\/1634\/revisions"}],"predecessor-version":[{"id":1656,"href":"https:\/\/wp.ufpel.edu.br\/cedepem\/wp-json\/wp\/v2\/pages\/1634\/revisions\/1656"}],"wp:attachment":[{"href":"https:\/\/wp.ufpel.edu.br\/cedepem\/wp-json\/wp\/v2\/media?parent=1634"}],"curies":[{"name":"wp","href":"https:\/\/api.w.org\/{rel}","templated":true}]}}