{"id":1541,"date":"2023-08-22T21:21:53","date_gmt":"2023-08-23T00:21:53","guid":{"rendered":"https:\/\/wp.ufpel.edu.br\/cedepem\/?page_id=1541"},"modified":"2023-09-23T15:25:51","modified_gmt":"2023-09-23T18:25:51","slug":"policy-brief","status":"publish","type":"page","link":"https:\/\/wp.ufpel.edu.br\/cedepem\/policy-brief\/","title":{"rendered":"Policy Brief"},"content":{"rendered":"<p><strong>Policy Brief CEDEPEM, V. 1, N. 3, 2023.<\/strong><\/p>\n<p><a href=\"https:\/\/wp.ufpel.edu.br\/cedepem\/files\/2023\/09\/PB3.png\"><img loading=\"lazy\" decoding=\"async\" class=\"alignnone size-medium wp-image-1580\" src=\"https:\/\/wp.ufpel.edu.br\/cedepem\/files\/2023\/09\/PB3-320x400.png\" alt=\"\" width=\"320\" height=\"400\" srcset=\"https:\/\/wp.ufpel.edu.br\/cedepem\/files\/2023\/09\/PB3-320x400.png 320w, https:\/\/wp.ufpel.edu.br\/cedepem\/files\/2023\/09\/PB3-768x960.png 768w, https:\/\/wp.ufpel.edu.br\/cedepem\/files\/2023\/09\/PB3-600x750.png 600w, https:\/\/wp.ufpel.edu.br\/cedepem\/files\/2023\/09\/PB3.png 800w\" sizes=\"auto, (max-width: 320px) 100vw, 320px\" \/><\/a><\/p>\n<p style=\"text-align: justify;\"><a href=\"https:\/\/wp.ufpel.edu.br\/cedepem\/files\/2023\/09\/Policy-Brief_CEDEPEM-3.pdf\"><strong>MARINE AREAS BEYOND NATIONAL JURISDICTION, GEOPOLITICS AND INTERNATIONAL RELATIONS: THE GEOGRAPHICAL STRUCTURE OF THE HIGH SEAS AND THE SEABED<\/strong><\/a><br \/>\n<em>\u00c1REAS MARINHAS PARA AL\u00c9M DA JURISDI\u00c7\u00c3O NACIONAL, GEOPOL\u00cdTICA E RELA\u00c7\u00d5ES INTERNACIONAIS: A ESTRUTURA GEOGR\u00c1FICA DO ALTO MAR E DOS FUNDOS MARINHOS<\/em><\/p>\n<p>Juan Luis Su\u00e1rez de Vivero<\/p>\n<p>&nbsp;<\/p>\n<p><strong>Policy Brief CEDEPEM, V. 1, N. 2, 2023.<\/strong><\/p>\n<p><a href=\"https:\/\/wp.ufpel.edu.br\/cedepem\/files\/2023\/08\/Policy-Brief_CEDEPEM-2-2.pdf\"><img loading=\"lazy\" decoding=\"async\" class=\"alignnone size-medium wp-image-1561\" src=\"https:\/\/wp.ufpel.edu.br\/cedepem\/files\/2023\/08\/cover_U6NNUKCL4-320x400.png\" alt=\"\" width=\"320\" height=\"400\" srcset=\"https:\/\/wp.ufpel.edu.br\/cedepem\/files\/2023\/08\/cover_U6NNUKCL4-320x400.png 320w, https:\/\/wp.ufpel.edu.br\/cedepem\/files\/2023\/08\/cover_U6NNUKCL4-768x960.png 768w, https:\/\/wp.ufpel.edu.br\/cedepem\/files\/2023\/08\/cover_U6NNUKCL4-600x750.png 600w, https:\/\/wp.ufpel.edu.br\/cedepem\/files\/2023\/08\/cover_U6NNUKCL4.png 800w\" sizes=\"auto, (max-width: 320px) 100vw, 320px\" \/><\/a><\/p>\n<p><a href=\"https:\/\/wp.ufpel.edu.br\/cedepem\/files\/2023\/08\/Policy-Brief_CEDEPEM-2-2.pdf\"><strong>A EXPANS\u00c3O DO BRICS: DESAFIOS E INCERTEZAS<\/strong><\/a><br \/>\n<em>THE EXPANSION OF BRICS: CHALLENGES AND UNCERTAINTIES<\/em><\/p>\n<p>William Daldegan<\/p>\n<p>&nbsp;<\/p>\n<p><strong>Policy Brief CEDEPEM, V. 1, N. 1, 2023.<\/strong><\/p>\n<p><a href=\"https:\/\/wp.ufpel.edu.br\/cedepem\/files\/2023\/08\/Policy-Brief_CEDEPEM-1.pdf\"><img loading=\"lazy\" decoding=\"async\" class=\"alignnone size-medium wp-image-1562\" src=\"https:\/\/wp.ufpel.edu.br\/cedepem\/files\/2023\/08\/cover_UK6EVMKAX-320x400.png\" alt=\"\" width=\"320\" height=\"400\" srcset=\"https:\/\/wp.ufpel.edu.br\/cedepem\/files\/2023\/08\/cover_UK6EVMKAX-320x400.png 320w, https:\/\/wp.ufpel.edu.br\/cedepem\/files\/2023\/08\/cover_UK6EVMKAX-768x960.png 768w, https:\/\/wp.ufpel.edu.br\/cedepem\/files\/2023\/08\/cover_UK6EVMKAX-600x750.png 600w, https:\/\/wp.ufpel.edu.br\/cedepem\/files\/2023\/08\/cover_UK6EVMKAX.png 800w\" sizes=\"auto, (max-width: 320px) 100vw, 320px\" \/><\/a><\/p>\n<p><a href=\"https:\/\/wp.ufpel.edu.br\/cedepem\/files\/2023\/08\/Policy-Brief_CEDEPEM-1.pdf\"><strong>MARINE SPATIAL PLANNING AND GEOGRAPHICALLY AND ECONOMICALLY DISADVANTAGED STATES<\/strong><\/a><br \/>\n<em>PLANEJAMENTO ESPACIAL MARINHO E OS ESTADOS GEOGRAFICAMENTE E ECONOMICAMENTE DESFAVORECIDOS<\/em><\/p>\n<p>Juan Luis Su\u00e1rez de Vivero<\/p>\n","protected":false},"excerpt":{"rendered":"<p>Policy Brief CEDEPEM, V. 1, N. 3, 2023. MARINE AREAS BEYOND NATIONAL JURISDICTION, GEOPOLITICS AND INTERNATIONAL RELATIONS: THE GEOGRAPHICAL STRUCTURE OF THE HIGH SEAS AND THE SEABED&hellip; <span class=\"read-more\"><a class=\"more-link\" href=\"https:\/\/wp.ufpel.edu.br\/cedepem\/policy-brief\/\" rel=\"bookmark\">Leia Mais <span class=\"screen-reader-text\">&#8220;Policy Brief&#8221;<\/span><\/a><\/span><\/p>\n","protected":false},"author":1128,"featured_media":0,"parent":0,"menu_order":0,"comment_status":"closed","ping_status":"closed","template":"","meta":{"footnotes":""},"class_list":["post-1541","page","type-page","status-publish","hentry"],"_links":{"self":[{"href":"https:\/\/wp.ufpel.edu.br\/cedepem\/wp-json\/wp\/v2\/pages\/1541","targetHints":{"allow":["GET"]}}],"collection":[{"href":"https:\/\/wp.ufpel.edu.br\/cedepem\/wp-json\/wp\/v2\/pages"}],"about":[{"href":"https:\/\/wp.ufpel.edu.br\/cedepem\/wp-json\/wp\/v2\/types\/page"}],"author":[{"embeddable":true,"href":"https:\/\/wp.ufpel.edu.br\/cedepem\/wp-json\/wp\/v2\/users\/1128"}],"replies":[{"embeddable":true,"href":"https:\/\/wp.ufpel.edu.br\/cedepem\/wp-json\/wp\/v2\/comments?post=1541"}],"version-history":[{"count":11,"href":"https:\/\/wp.ufpel.edu.br\/cedepem\/wp-json\/wp\/v2\/pages\/1541\/revisions"}],"predecessor-version":[{"id":1583,"href":"https:\/\/wp.ufpel.edu.br\/cedepem\/wp-json\/wp\/v2\/pages\/1541\/revisions\/1583"}],"wp:attachment":[{"href":"https:\/\/wp.ufpel.edu.br\/cedepem\/wp-json\/wp\/v2\/media?parent=1541"}],"curies":[{"name":"wp","href":"https:\/\/api.w.org\/{rel}","templated":true}]}}