{"id":1423,"date":"2023-08-02T13:41:55","date_gmt":"2023-08-02T16:41:55","guid":{"rendered":"https:\/\/wp.ufpel.edu.br\/cedepem\/?page_id=1423"},"modified":"2023-08-11T23:48:10","modified_gmt":"2023-08-12T02:48:10","slug":"relatorios","status":"publish","type":"page","link":"https:\/\/wp.ufpel.edu.br\/cedepem\/relatorios\/","title":{"rendered":"RELAT\u00d3RIOS"},"content":{"rendered":"<p><strong><span style=\"font-size: 14pt;\">Relat\u00f3rios<\/span><\/strong><\/p>\n<p><strong>2022<\/strong><\/p>\n<p><strong>Os Estudos Estrat\u00e9gicos e as Ci\u00eancias do Mar<\/strong><\/p>\n<p><a href=\"https:\/\/wp.ufpel.edu.br\/cedepem\/files\/2023\/08\/CEDEPEM_Relatorio-2022.pdf\"><img loading=\"lazy\" decoding=\"async\" class=\"alignnone size-medium wp-image-1460\" src=\"https:\/\/wp.ufpel.edu.br\/cedepem\/files\/2023\/08\/cover_UBCYBATV3-306x400.png\" alt=\"\" width=\"306\" height=\"400\" srcset=\"https:\/\/wp.ufpel.edu.br\/cedepem\/files\/2023\/08\/cover_UBCYBATV3-306x400.png 306w, https:\/\/wp.ufpel.edu.br\/cedepem\/files\/2023\/08\/cover_UBCYBATV3.png 383w\" sizes=\"auto, (max-width: 306px) 100vw, 306px\" \/><\/a><\/p>\n<p><strong>2021<\/strong><\/p>\n<p><strong>A Identidade Brasileira no Estudo do Planejamento Espacial Marinho<\/strong><\/p>\n<p><a href=\"https:\/\/wp.ufpel.edu.br\/cedepem\/files\/2023\/08\/CEDEPEM_relatorio-2021.pdf\"><img loading=\"lazy\" decoding=\"async\" class=\"alignnone size-medium wp-image-1447\" src=\"https:\/\/wp.ufpel.edu.br\/cedepem\/files\/2023\/08\/cover_UJHPTG8KA-306x400.png\" alt=\"\" width=\"306\" height=\"400\" srcset=\"https:\/\/wp.ufpel.edu.br\/cedepem\/files\/2023\/08\/cover_UJHPTG8KA-306x400.png 306w, https:\/\/wp.ufpel.edu.br\/cedepem\/files\/2023\/08\/cover_UJHPTG8KA.png 383w\" sizes=\"auto, (max-width: 306px) 100vw, 306px\" \/><\/a><\/p>\n<p><strong>2020<\/strong><\/p>\n<p><strong>As Fronteiras do Mar em um Mar de Fronteiras: Humanidades e Ci\u00eancias Oce\u00e2nicas\u00a0<\/strong><\/p>\n<p><a href=\"https:\/\/wp.ufpel.edu.br\/cedepem\/files\/2023\/08\/relatorio-2020-9.pdf\"><img loading=\"lazy\" decoding=\"async\" class=\"alignnone size-medium wp-image-1424\" src=\"https:\/\/wp.ufpel.edu.br\/cedepem\/files\/2023\/08\/cover_UHKXJBFSJ-306x400.png\" alt=\"\" width=\"306\" height=\"400\" srcset=\"https:\/\/wp.ufpel.edu.br\/cedepem\/files\/2023\/08\/cover_UHKXJBFSJ-306x400.png 306w, https:\/\/wp.ufpel.edu.br\/cedepem\/files\/2023\/08\/cover_UHKXJBFSJ.png 383w\" sizes=\"auto, (max-width: 306px) 100vw, 306px\" \/><\/a><\/p>\n<p>&nbsp;<\/p>\n<p>&nbsp;<\/p>\n","protected":false},"excerpt":{"rendered":"<p>Relat\u00f3rios 2022 Os Estudos Estrat\u00e9gicos e as Ci\u00eancias do Mar 2021 A Identidade Brasileira no Estudo do Planejamento Espacial Marinho 2020 As Fronteiras do Mar em um&hellip; <span class=\"read-more\"><a class=\"more-link\" href=\"https:\/\/wp.ufpel.edu.br\/cedepem\/relatorios\/\" rel=\"bookmark\">Leia Mais <span class=\"screen-reader-text\">&#8220;RELAT\u00d3RIOS&#8221;<\/span><\/a><\/span><\/p>\n","protected":false},"author":1128,"featured_media":0,"parent":0,"menu_order":0,"comment_status":"closed","ping_status":"closed","template":"","meta":{"footnotes":""},"class_list":["post-1423","page","type-page","status-publish","hentry"],"_links":{"self":[{"href":"https:\/\/wp.ufpel.edu.br\/cedepem\/wp-json\/wp\/v2\/pages\/1423","targetHints":{"allow":["GET"]}}],"collection":[{"href":"https:\/\/wp.ufpel.edu.br\/cedepem\/wp-json\/wp\/v2\/pages"}],"about":[{"href":"https:\/\/wp.ufpel.edu.br\/cedepem\/wp-json\/wp\/v2\/types\/page"}],"author":[{"embeddable":true,"href":"https:\/\/wp.ufpel.edu.br\/cedepem\/wp-json\/wp\/v2\/users\/1128"}],"replies":[{"embeddable":true,"href":"https:\/\/wp.ufpel.edu.br\/cedepem\/wp-json\/wp\/v2\/comments?post=1423"}],"version-history":[{"count":8,"href":"https:\/\/wp.ufpel.edu.br\/cedepem\/wp-json\/wp\/v2\/pages\/1423\/revisions"}],"predecessor-version":[{"id":1462,"href":"https:\/\/wp.ufpel.edu.br\/cedepem\/wp-json\/wp\/v2\/pages\/1423\/revisions\/1462"}],"wp:attachment":[{"href":"https:\/\/wp.ufpel.edu.br\/cedepem\/wp-json\/wp\/v2\/media?parent=1423"}],"curies":[{"name":"wp","href":"https:\/\/api.w.org\/{rel}","templated":true}]}}