{"id":1378,"date":"2023-07-27T21:45:32","date_gmt":"2023-07-28T00:45:32","guid":{"rendered":"https:\/\/wp.ufpel.edu.br\/cedepem\/?page_id=1378"},"modified":"2023-08-03T23:08:38","modified_gmt":"2023-08-04T02:08:38","slug":"volume-1-numero-3-2021","status":"publish","type":"page","link":"https:\/\/wp.ufpel.edu.br\/cedepem\/volume-1-numero-3-2021\/","title":{"rendered":"Volume 1 &#8211; N\u00famero 3 &#8211; 2021"},"content":{"rendered":"<p><strong><span style=\"font-size: 14pt;\">Volume 1 &#8211; N\u00famero 3 &#8211; 2021<br \/>\n<\/span><\/strong><span style=\"font-size: 14pt;\">ISSN: 2763-8111<br \/>\nDOI: 10.5281\/zenodo.7086042<\/span><strong><span style=\"font-size: 14pt;\"><br \/>\n<\/span><\/strong><\/p>\n<p>&nbsp;<\/p>\n<p><a href=\"https:\/\/wp.ufpel.edu.br\/cedepem\/files\/2023\/08\/cover_UBRBLA38L.png\"><img loading=\"lazy\" decoding=\"async\" class=\"alignnone size-medium wp-image-1433\" src=\"https:\/\/wp.ufpel.edu.br\/cedepem\/files\/2023\/08\/cover_UBRBLA38L-306x400.png\" alt=\"\" width=\"306\" height=\"400\" srcset=\"https:\/\/wp.ufpel.edu.br\/cedepem\/files\/2023\/08\/cover_UBRBLA38L-306x400.png 306w, https:\/\/wp.ufpel.edu.br\/cedepem\/files\/2023\/08\/cover_UBRBLA38L.png 383w\" sizes=\"auto, (max-width: 306px) 100vw, 306px\" \/><\/a><\/p>\n<p><strong><span style=\"font-family: arial, helvetica, sans-serif;\">Expediente<\/span><\/strong><\/p>\n<p><a href=\"https:\/\/wp.ufpel.edu.br\/cedepem\/files\/2023\/07\/Expediente-2.pdf\">PDF<\/a><\/p>\n<p><strong><span style=\"font-family: arial, helvetica, sans-serif;\">EDITORIAL<\/span><\/strong><\/p>\n<p><a href=\"https:\/\/wp.ufpel.edu.br\/cedepem\/files\/2023\/07\/Editorial-1-1.pdf\">PDF<\/a><\/p>\n<p style=\"text-align: justify;\"><strong><span style=\"font-family: arial, helvetica, sans-serif;\">MAPEAMENTO DO PESCADO NO ESTADO DO AMAP\u00c1<br \/>\n<\/span><\/strong><span style=\"font-family: arial, helvetica, sans-serif;\">Alana dos Santos Ten\u00f3rio, Danilo Sorato Oliveira Moreira e Paula Isabelle Oliveira Moreira<\/span><\/p>\n<p style=\"text-align: justify;\"><a href=\"https:\/\/wp.ufpel.edu.br\/cedepem\/files\/2023\/07\/Mapeamento.pdf\">PDF<\/a><\/p>\n<p style=\"text-align: justify;\"><span style=\"font-family: arial, helvetica, sans-serif;\"><strong>AMAZ\u00d4NIA GEOPOL\u00cdTICA, SOCIOBIODIVERSIDADE E COSTA FLUVIO-OCE\u00c2NICA<\/strong><br \/>\n<\/span><span style=\"font-family: arial, helvetica, sans-serif;\">Alberto Teixera da Silva<\/span><\/p>\n<p style=\"text-align: justify;\"><a href=\"https:\/\/wp.ufpel.edu.br\/cedepem\/files\/2023\/07\/Amazonia_Azul.pdf\">PDF<\/a><\/p>\n<p style=\"text-align: justify;\"><span style=\"font-family: arial, helvetica, sans-serif;\"><strong>O CONCEITO DE GOVERNAN\u00c7A GLOBAL DOS OCE\u00c2NOS NA \u00c9POCA DO ANTROPOCENO<\/strong><br \/>\n<\/span><span style=\"font-family: arial, helvetica, sans-serif;\">Sheyla Moraes e Ismael da Silva Barros<\/span><\/p>\n<p style=\"text-align: justify;\"><a href=\"https:\/\/wp.ufpel.edu.br\/cedepem\/files\/2023\/07\/Sheila.pdf\">PDF<\/a><\/p>\n<p style=\"text-align: justify;\"><span style=\"font-family: arial, helvetica, sans-serif;\"><strong>PAISAGEM DO PONTO DE VISTA DA ANTROPOLOGIA<\/strong><br \/>\n<\/span><span style=\"font-family: arial, helvetica, sans-serif;\">Oswaldo Giovannini<\/span><\/p>\n<p style=\"text-align: justify;\"><a href=\"https:\/\/wp.ufpel.edu.br\/cedepem\/files\/2023\/07\/Paisagem.pdf\">PDF<\/a><\/p>\n<p style=\"text-align: justify;\"><strong><span style=\"font-family: arial, helvetica, sans-serif;\">O COMANDANTE DIANTE DO ESPELHO, OU LANGSDORFF N\u00c3O JOGAVA POKER: T\u00c1TICA MILITAR E <\/span><\/strong><span style=\"font-family: arial, helvetica, sans-serif;\"><strong>INTERSUBJECTIVIDADE<\/strong><br \/>\n<\/span><span style=\"font-family: arial, helvetica, sans-serif;\">Delmo de Oliveira Torres Arguelhes<\/span><\/p>\n<p style=\"text-align: justify;\"><a href=\"https:\/\/wp.ufpel.edu.br\/cedepem\/files\/2023\/07\/Delmo.pdf\">PDF<\/a><\/p>\n<p style=\"text-align: justify;\"><span style=\"font-family: arial, helvetica, sans-serif;\"><strong>A IMPORT\u00c2NCIA DAS ILHAS E ARQUIP\u00c9LAGOS PARA A SEGURAN\u00c7A E DEFESA DA AMAZ\u00d4NIA AZUL<\/strong><br \/>\n<\/span><span style=\"font-family: arial, helvetica, sans-serif;\">Fabricio Robson de Oliveira<\/span><\/p>\n<p style=\"text-align: justify;\"><a href=\"https:\/\/wp.ufpel.edu.br\/cedepem\/files\/2023\/07\/Fabricio.pdf\">PDF<\/a><\/p>\n<p style=\"text-align: justify;\"><strong><span style=\"font-family: arial, helvetica, sans-serif;\">PLANEJAMENTO, REGULA\u00c7\u00c3O, EXPLORA\u00c7\u00c3O ECON\u00d4MICA, SOBERANIA, FACETAS DA SEGURAN\u00c7A E <\/span><\/strong><span style=\"font-family: arial, helvetica, sans-serif;\"><strong>DEFESA DA FRONTEIRA LESTE<\/strong><br \/>\n<\/span><span style=\"font-family: arial, helvetica, sans-serif;\">Luiz Ant\u00f4nio Pazos Moraes<\/span><\/p>\n<p style=\"text-align: justify;\"><a href=\"https:\/\/wp.ufpel.edu.br\/cedepem\/files\/2023\/07\/Luiz.pdf\">PDF<\/a><\/p>\n<p style=\"text-align: justify;\"><span style=\"font-family: arial, helvetica, sans-serif;\"><strong>CABOS OC\u00caANICOS A IMPORT\u00c2NCIA DO MAR NA ERA DIGITAL E REVOLU\u00c7\u00c3O 4.0<\/strong><br \/>\n<\/span><span style=\"font-family: arial, helvetica, sans-serif;\">Wesley S\u00e1 Teles Guerra<\/span><\/p>\n<p style=\"text-align: justify;\"><a href=\"https:\/\/wp.ufpel.edu.br\/cedepem\/files\/2023\/07\/Wesley-1.pdf\">PDF<\/a><\/p>\n<p style=\"text-align: right;\">\n","protected":false},"excerpt":{"rendered":"<p>Volume 1 &#8211; N\u00famero 3 &#8211; 2021 ISSN: 2763-8111 DOI: 10.5281\/zenodo.7086042 &nbsp; Expediente PDF EDITORIAL PDF MAPEAMENTO DO PESCADO NO ESTADO DO AMAP\u00c1 Alana dos Santos Ten\u00f3rio,&hellip; <span class=\"read-more\"><a class=\"more-link\" href=\"https:\/\/wp.ufpel.edu.br\/cedepem\/volume-1-numero-3-2021\/\" rel=\"bookmark\">Leia Mais <span class=\"screen-reader-text\">&#8220;Volume 1 &#8211; N\u00famero 3 &#8211; 2021&#8221;<\/span><\/a><\/span><\/p>\n","protected":false},"author":1128,"featured_media":0,"parent":0,"menu_order":0,"comment_status":"closed","ping_status":"closed","template":"","meta":{"footnotes":""},"class_list":["post-1378","page","type-page","status-publish","hentry"],"_links":{"self":[{"href":"https:\/\/wp.ufpel.edu.br\/cedepem\/wp-json\/wp\/v2\/pages\/1378","targetHints":{"allow":["GET"]}}],"collection":[{"href":"https:\/\/wp.ufpel.edu.br\/cedepem\/wp-json\/wp\/v2\/pages"}],"about":[{"href":"https:\/\/wp.ufpel.edu.br\/cedepem\/wp-json\/wp\/v2\/types\/page"}],"author":[{"embeddable":true,"href":"https:\/\/wp.ufpel.edu.br\/cedepem\/wp-json\/wp\/v2\/users\/1128"}],"replies":[{"embeddable":true,"href":"https:\/\/wp.ufpel.edu.br\/cedepem\/wp-json\/wp\/v2\/comments?post=1378"}],"version-history":[{"count":3,"href":"https:\/\/wp.ufpel.edu.br\/cedepem\/wp-json\/wp\/v2\/pages\/1378\/revisions"}],"predecessor-version":[{"id":1438,"href":"https:\/\/wp.ufpel.edu.br\/cedepem\/wp-json\/wp\/v2\/pages\/1378\/revisions\/1438"}],"wp:attachment":[{"href":"https:\/\/wp.ufpel.edu.br\/cedepem\/wp-json\/wp\/v2\/media?parent=1378"}],"curies":[{"name":"wp","href":"https:\/\/api.w.org\/{rel}","templated":true}]}}