{"id":1360,"date":"2023-07-26T13:21:23","date_gmt":"2023-07-26T16:21:23","guid":{"rendered":"https:\/\/wp.ufpel.edu.br\/cedepem\/?page_id=1360"},"modified":"2023-08-03T22:58:18","modified_gmt":"2023-08-04T01:58:18","slug":"volume-1-numero-2-2021","status":"publish","type":"page","link":"https:\/\/wp.ufpel.edu.br\/cedepem\/volume-1-numero-2-2021\/","title":{"rendered":"Volume 1 &#8211; N\u00famero 2 &#8211; 2021"},"content":{"rendered":"<p><span style=\"font-size: 14pt;\"><strong>Volume 1 &#8211; N\u00famero 2 &#8211; 2021<br \/>\n<\/strong><\/span>ISSN : 2763-8111<\/p>\n<p><a href=\"https:\/\/wp.ufpel.edu.br\/cedepem\/files\/2023\/08\/cover_UBQEEDW6I.png\"><img loading=\"lazy\" decoding=\"async\" class=\"alignnone size-medium wp-image-1434\" src=\"https:\/\/wp.ufpel.edu.br\/cedepem\/files\/2023\/08\/cover_UBQEEDW6I-306x400.png\" alt=\"\" width=\"306\" height=\"400\" srcset=\"https:\/\/wp.ufpel.edu.br\/cedepem\/files\/2023\/08\/cover_UBQEEDW6I-306x400.png 306w, https:\/\/wp.ufpel.edu.br\/cedepem\/files\/2023\/08\/cover_UBQEEDW6I.png 383w\" sizes=\"auto, (max-width: 306px) 100vw, 306px\" \/><\/a><\/p>\n<p><strong><span style=\"font-family: arial, helvetica, sans-serif;\">Expediente<\/span><\/strong><\/p>\n<p><a href=\"https:\/\/wp.ufpel.edu.br\/cedepem\/files\/2023\/07\/Expediente-3.pdf\">PDF<\/a><\/p>\n<p><strong><span style=\"font-family: arial, helvetica, sans-serif;\">EDITORIAL<\/span><\/strong><\/p>\n<p><a href=\"https:\/\/wp.ufpel.edu.br\/cedepem\/files\/2023\/07\/Editorial-1.pdf\">PDF<\/a><\/p>\n<p style=\"text-align: justify;\"><span style=\"font-family: arial, helvetica, sans-serif;\"><strong>O MAR: A NOVA FRONTEIRA DA TRANSI\u00c7\u00c3O ENERG\u00c9TICA<\/strong><br \/>\n<\/span><span style=\"font-family: arial, helvetica, sans-serif;\">Wesley S\u00e1 Teles Guerra<\/span><\/p>\n<p style=\"text-align: justify;\"><a href=\"https:\/\/wp.ufpel.edu.br\/cedepem\/files\/2023\/07\/Wesley.pdf\">PDF<\/a><\/p>\n<p style=\"text-align: justify;\"><strong><span style=\"font-family: arial, helvetica, sans-serif;\">A ARGENTINA NO PLANEJAMENTO ESPACIAL MARINHO: A NOVA DEMARCA\u00c7\u00c3O DA PLATAFORMA <\/span><\/strong><span style=\"font-family: arial, helvetica, sans-serif;\"><strong>CONTINENTAL ARGENTINA<\/strong><br \/>\n<\/span><span style=\"font-family: arial, helvetica, sans-serif;\">Danilo Sorato Oliveira Moreira<\/span><\/p>\n<p style=\"text-align: justify;\"><a href=\"https:\/\/wp.ufpel.edu.br\/cedepem\/files\/2023\/07\/Danilo.pdf\">PDF<\/a><\/p>\n<p style=\"text-align: justify;\"><span style=\"font-family: arial, helvetica, sans-serif;\"><strong>ESTUDOS DE G\u00caNERO E MAR &#8211; T\u00d3PICO DE PROBLEMAS SOCIOECON\u00d4MICOS E AMBIENTAIS<\/strong><br \/>\n<\/span><span style=\"font-family: arial, helvetica, sans-serif;\">Beth\u00e2nia Machado Figueiredo e Pedro Henrique Silva de Oliveira<\/span><\/p>\n<p style=\"text-align: justify;\"><a href=\"https:\/\/wp.ufpel.edu.br\/cedepem\/files\/2023\/07\/Betania_Pedro.pdf\">PDF<\/a><\/p>\n<p style=\"text-align: justify;\"><strong><span style=\"font-family: arial, helvetica, sans-serif;\">A GENTE E O MAR: IMPACTOS SOCIOECON\u00d4MICOS DOS ACIDENTES DA IND\u00daSTRIA DE PETR\u00d3LEO E <\/span><\/strong><span style=\"font-family: arial, helvetica, sans-serif;\"><strong>G\u00c1S NAS \u00c1GUAS BRASILEIRAS<\/strong><br \/>\n<\/span><span style=\"font-family: arial, helvetica, sans-serif;\">Andressa Carolina da Costa Viana<\/span><\/p>\n<p style=\"text-align: justify;\"><a href=\"https:\/\/wp.ufpel.edu.br\/cedepem\/files\/2023\/07\/Andressa.pdf\">PDF<\/a><\/p>\n<p style=\"text-align: justify;\"><span style=\"font-family: arial, helvetica, sans-serif;\"><strong>ASSINATURA ENERG\u00c9TICA DOS MANGUEZAIS DO ESTADO DE PERNAMBUCO<\/strong><br \/>\n<\/span><span style=\"font-family: arial, helvetica, sans-serif;\">Janaina Barbosa da Silva e Maria Fernanda Abrantes Torres<\/span><\/p>\n<p style=\"text-align: justify;\"><a href=\"https:\/\/wp.ufpel.edu.br\/cedepem\/files\/2023\/07\/Janaina_Maria.pdf\">PDF<\/a><\/p>\n<p style=\"text-align: justify;\"><span style=\"font-family: arial, helvetica, sans-serif;\"><strong>DIFEREN\u00c7AS ENTRE CONSERVA\u00c7\u00c3O E PROTE\u00c7\u00c3O<\/strong><br \/>\n<\/span><span style=\"font-family: arial, helvetica, sans-serif;\">Beth\u00e2nia Machado Figueiredo<\/span><\/p>\n<p style=\"text-align: justify;\"><a href=\"https:\/\/wp.ufpel.edu.br\/cedepem\/files\/2023\/07\/Bethania.pdf\">PDF<\/a><\/p>\n<p style=\"text-align: justify;\"><span style=\"font-family: arial, helvetica, sans-serif;\"><strong>A GUERRA AC\u00daSTICA APLICADA \u00c0 DEFESA DA AMAZ\u00d4NIA AZUL<\/strong><br \/>\n<\/span><span style=\"font-family: arial, helvetica, sans-serif;\">Marcelo Nava<\/span><\/p>\n<p style=\"text-align: justify;\"><a href=\"https:\/\/wp.ufpel.edu.br\/cedepem\/files\/2023\/07\/Marcelo.pdf\">PDF<\/a><\/p>\n<p style=\"text-align: justify;\"><span style=\"font-family: arial, helvetica, sans-serif;\"><strong>GEOPOL\u00cdTICA DOS OCEANOS E PLANEJAMENTO ESPACIAL MARINHO<\/strong><br \/>\n<\/span><span style=\"font-family: arial, helvetica, sans-serif;\">Bruno de Seixas Carvalho e Em\u00edlio Reis Coelho<\/span><\/p>\n<p style=\"text-align: justify;\"><a href=\"https:\/\/wp.ufpel.edu.br\/cedepem\/files\/2023\/07\/Bruno_Emilio.pdf\">PDF<\/a><\/p>\n<p style=\"text-align: justify;\"><span style=\"font-family: arial, helvetica, sans-serif;\"><strong>A PRODU\u00c7\u00c3O DE SAL MARINHO NA LAGOA DE ARARUAMA, RJ<\/strong><br \/>\n<\/span><span style=\"font-family: arial, helvetica, sans-serif;\">Gustavo Gordo<\/span><\/p>\n<p><a href=\"https:\/\/wp.ufpel.edu.br\/cedepem\/files\/2023\/07\/Gustavo-1.pdf\">PDF<\/a><\/p>\n<p>&nbsp;<\/p>\n","protected":false},"excerpt":{"rendered":"<p>Volume 1 &#8211; N\u00famero 2 &#8211; 2021 ISSN : 2763-8111 Expediente PDF EDITORIAL PDF O MAR: A NOVA FRONTEIRA DA TRANSI\u00c7\u00c3O ENERG\u00c9TICA Wesley S\u00e1 Teles Guerra PDF&hellip; <span class=\"read-more\"><a class=\"more-link\" href=\"https:\/\/wp.ufpel.edu.br\/cedepem\/volume-1-numero-2-2021\/\" rel=\"bookmark\">Leia Mais <span class=\"screen-reader-text\">&#8220;Volume 1 &#8211; N\u00famero 2 &#8211; 2021&#8221;<\/span><\/a><\/span><\/p>\n","protected":false},"author":1128,"featured_media":0,"parent":0,"menu_order":0,"comment_status":"closed","ping_status":"closed","template":"","meta":{"footnotes":""},"class_list":["post-1360","page","type-page","status-publish","hentry"],"_links":{"self":[{"href":"https:\/\/wp.ufpel.edu.br\/cedepem\/wp-json\/wp\/v2\/pages\/1360","targetHints":{"allow":["GET"]}}],"collection":[{"href":"https:\/\/wp.ufpel.edu.br\/cedepem\/wp-json\/wp\/v2\/pages"}],"about":[{"href":"https:\/\/wp.ufpel.edu.br\/cedepem\/wp-json\/wp\/v2\/types\/page"}],"author":[{"embeddable":true,"href":"https:\/\/wp.ufpel.edu.br\/cedepem\/wp-json\/wp\/v2\/users\/1128"}],"replies":[{"embeddable":true,"href":"https:\/\/wp.ufpel.edu.br\/cedepem\/wp-json\/wp\/v2\/comments?post=1360"}],"version-history":[{"count":2,"href":"https:\/\/wp.ufpel.edu.br\/cedepem\/wp-json\/wp\/v2\/pages\/1360\/revisions"}],"predecessor-version":[{"id":1437,"href":"https:\/\/wp.ufpel.edu.br\/cedepem\/wp-json\/wp\/v2\/pages\/1360\/revisions\/1437"}],"wp:attachment":[{"href":"https:\/\/wp.ufpel.edu.br\/cedepem\/wp-json\/wp\/v2\/media?parent=1360"}],"curies":[{"name":"wp","href":"https:\/\/api.w.org\/{rel}","templated":true}]}}