{"id":1321,"date":"2023-07-24T22:30:28","date_gmt":"2023-07-25T01:30:28","guid":{"rendered":"https:\/\/wp.ufpel.edu.br\/cedepem\/?page_id=1321"},"modified":"2023-08-03T23:21:24","modified_gmt":"2023-08-04T02:21:24","slug":"volume-2-numero-2-2022","status":"publish","type":"page","link":"https:\/\/wp.ufpel.edu.br\/cedepem\/volume-2-numero-2-2022\/","title":{"rendered":"Volume 2 &#8211; N\u00famero 2 &#8211; 2022"},"content":{"rendered":"<p><span style=\"font-size: 14pt;\"><strong>Volume 2 &#8211; N\u00famero 2 &#8211; 2022<br \/>\n<\/strong>DOI: 10.5281\/zenodo.7916468<strong><br \/>\n<\/strong><\/span><\/p>\n<p><a href=\"https:\/\/wp.ufpel.edu.br\/cedepem\/files\/2023\/08\/cover_UB7IQIEAS-1.png\"><img loading=\"lazy\" decoding=\"async\" class=\"alignnone size-medium wp-image-1444\" src=\"https:\/\/wp.ufpel.edu.br\/cedepem\/files\/2023\/08\/cover_UB7IQIEAS-1-306x400.png\" alt=\"\" width=\"306\" height=\"400\" srcset=\"https:\/\/wp.ufpel.edu.br\/cedepem\/files\/2023\/08\/cover_UB7IQIEAS-1-306x400.png 306w, https:\/\/wp.ufpel.edu.br\/cedepem\/files\/2023\/08\/cover_UB7IQIEAS-1.png 383w\" sizes=\"auto, (max-width: 306px) 100vw, 306px\" \/><\/a><\/p>\n<p><span style=\"font-family: arial, helvetica, sans-serif; font-size: 12pt;\"><strong>Expediente<\/strong><\/span><\/p>\n<p><span style=\"font-family: arial, helvetica, sans-serif; font-size: 12pt;\"><a href=\"https:\/\/wp.ufpel.edu.br\/cedepem\/files\/2023\/07\/expediente-1-1.pdf\">PDF<\/a><\/span><\/p>\n<p style=\"text-align: justify;\"><span style=\"font-family: arial, helvetica, sans-serif; font-size: 12pt;\"><strong>MUDAN\u00c7AS CLIM\u00c1TICAS EM UM MUNDO DE LOCKDOWNS: O CASO ANT\u00c1RTICO EM 2021\u00a0<\/strong><\/span><br \/>\n<span style=\"font-family: arial, helvetica, sans-serif; font-size: 12pt; color: #999999;\"><em>Climate Change in a World of Lockdowns: the 2021 Antarctic Case<\/em><\/span><br \/>\n<span style=\"font-family: arial, helvetica, sans-serif; font-size: 12pt;\">Magayo de Mac\u00eado Alves<\/span><\/p>\n<p style=\"text-align: justify;\"><span style=\"font-family: arial, helvetica, sans-serif; font-size: 12pt;\"><a href=\"https:\/\/wp.ufpel.edu.br\/cedepem\/files\/2023\/07\/Magayo.pdf\">PDF<\/a><\/span><\/p>\n<p style=\"text-align: justify;\"><span style=\"font-family: arial, helvetica, sans-serif; font-size: 12pt;\"><strong>O NEOCOLONIALISMO E CAPITALISMO: UMA AN\u00c1LISE SOCIOPOL\u00cdTICA AO SEU IMPACTO NO <\/strong><\/span><span style=\"font-family: arial, helvetica, sans-serif; font-size: 12pt;\"><strong>DESENVOLVIMENTO, ECONOMIA E AMBIENTE NO \u201cTERCEIRO MUNDO\u201d\u00a0<\/strong><\/span><br \/>\n<span style=\"font-family: arial, helvetica, sans-serif; font-size: 12pt; color: #999999;\"><em>Neocolonialism and Capitalism: a Sociopolitical Analysis of its Impact on Third World&#8217;s Development, <\/em><em>Economy and Environment<\/em><\/span><br \/>\n<span style=\"font-family: arial, helvetica, sans-serif; font-size: 12pt;\">Calido Mango<\/span><\/p>\n<p style=\"text-align: justify;\"><span style=\"font-family: arial, helvetica, sans-serif; font-size: 12pt;\"><a href=\"https:\/\/wp.ufpel.edu.br\/cedepem\/files\/2023\/07\/calido.pdf\">PDF<\/a><\/span><\/p>\n<p style=\"text-align: justify;\"><span style=\"font-family: arial, helvetica, sans-serif; font-size: 12pt;\"><strong>A ORIGEM DAS FOR\u00c7AS ARMADAS NO BRASIL: OS G\u00c9RMENS DO FRUTO AMARGO DA INTERVEN\u00c7\u00c3O <\/strong><\/span><span style=\"font-family: arial, helvetica, sans-serif; font-size: 12pt;\"><strong>MILITAR\u00a0<\/strong><\/span><br \/>\n<span style=\"font-size: 12pt; font-family: arial, helvetica, sans-serif; color: #999999;\"><em>Brazil&#8217;s Armed Forces Origin: Germs of the Military Intervention&#8217;s Bitter Fruit<\/em><\/span><br \/>\n<span style=\"font-family: arial, helvetica, sans-serif; font-size: 12pt;\">Gustavo Gordo de Freitas<\/span><\/p>\n<p style=\"text-align: justify;\"><span style=\"font-family: arial, helvetica, sans-serif; font-size: 12pt;\"><a href=\"https:\/\/wp.ufpel.edu.br\/cedepem\/files\/2023\/07\/Gustavo.pdf\">PDF<\/a><\/span><\/p>\n<p style=\"text-align: justify;\"><span style=\"font-family: arial, helvetica, sans-serif; font-size: 12pt;\"><strong>O PAPEL DOS MOVIMENTOS POPULARES NA IMPLANTA\u00c7\u00c3O DE UMA POL\u00cdTICA SANIT\u00c1RIA\u00a0<\/strong><\/span><br \/>\n<span style=\"font-size: 12pt; font-family: arial, helvetica, sans-serif; color: #999999;\"><em>Popular Movements&#8217; Role in a Health Policy&#8217;s Implementation<\/em><\/span><br \/>\n<span style=\"font-family: arial, helvetica, sans-serif; font-size: 12pt;\">Kelen de Morais Cerqueira<\/span><\/p>\n<p style=\"text-align: justify;\"><span style=\"font-family: arial, helvetica, sans-serif; font-size: 12pt;\"><a href=\"https:\/\/wp.ufpel.edu.br\/cedepem\/files\/2023\/07\/Kellen.pdf\">PDF<\/a><\/span><\/p>\n<p style=\"text-align: justify;\"><span style=\"font-family: arial, helvetica, sans-serif; font-size: 12pt;\"><strong>GEOPOL\u00cdTICA DO CAPITALISMO: UMA S\u00cdNTESE SOBRE A SOCIABILIDADE ENTRE PROLETARIADO E <\/strong><\/span><span style=\"font-family: arial, helvetica, sans-serif; font-size: 12pt;\"><strong>BURGUESIA\u00a0<\/strong><\/span><br \/>\n<span style=\"font-size: 12pt; font-family: arial, helvetica, sans-serif; color: #999999;\"><em>Geopolitics of Capitalism: a Sociability Synthesis Between the Proletariat and the Bourgeoisie<\/em><\/span><br \/>\n<span style=\"font-family: arial, helvetica, sans-serif; font-size: 12pt;\">Jos\u00e9 Manuel Mussunda da Silva<\/span><\/p>\n<p style=\"text-align: justify;\"><span style=\"font-family: arial, helvetica, sans-serif; font-size: 12pt;\"><a href=\"https:\/\/wp.ufpel.edu.br\/cedepem\/files\/2023\/07\/Jose.pdf\">PDF<\/a><\/span><\/p>\n<p style=\"text-align: right;\"><span style=\"font-size: 12pt;\"><a href=\"https:\/\/wp.ufpel.edu.br\/cedepem\/publicacoes\/revista-cedepem\/\">Voltar<\/a><\/span><\/p>\n","protected":false},"excerpt":{"rendered":"<p>Volume 2 &#8211; N\u00famero 2 &#8211; 2022 DOI: 10.5281\/zenodo.7916468 Expediente PDF MUDAN\u00c7AS CLIM\u00c1TICAS EM UM MUNDO DE LOCKDOWNS: O CASO ANT\u00c1RTICO EM 2021\u00a0 Climate Change in a&hellip; <span class=\"read-more\"><a class=\"more-link\" href=\"https:\/\/wp.ufpel.edu.br\/cedepem\/volume-2-numero-2-2022\/\" rel=\"bookmark\">Leia Mais <span class=\"screen-reader-text\">&#8220;Volume 2 &#8211; N\u00famero 2 &#8211; 2022&#8221;<\/span><\/a><\/span><\/p>\n","protected":false},"author":1128,"featured_media":0,"parent":0,"menu_order":0,"comment_status":"closed","ping_status":"closed","template":"","meta":{"footnotes":""},"class_list":["post-1321","page","type-page","status-publish","hentry"],"_links":{"self":[{"href":"https:\/\/wp.ufpel.edu.br\/cedepem\/wp-json\/wp\/v2\/pages\/1321","targetHints":{"allow":["GET"]}}],"collection":[{"href":"https:\/\/wp.ufpel.edu.br\/cedepem\/wp-json\/wp\/v2\/pages"}],"about":[{"href":"https:\/\/wp.ufpel.edu.br\/cedepem\/wp-json\/wp\/v2\/types\/page"}],"author":[{"embeddable":true,"href":"https:\/\/wp.ufpel.edu.br\/cedepem\/wp-json\/wp\/v2\/users\/1128"}],"replies":[{"embeddable":true,"href":"https:\/\/wp.ufpel.edu.br\/cedepem\/wp-json\/wp\/v2\/comments?post=1321"}],"version-history":[{"count":5,"href":"https:\/\/wp.ufpel.edu.br\/cedepem\/wp-json\/wp\/v2\/pages\/1321\/revisions"}],"predecessor-version":[{"id":1445,"href":"https:\/\/wp.ufpel.edu.br\/cedepem\/wp-json\/wp\/v2\/pages\/1321\/revisions\/1445"}],"wp:attachment":[{"href":"https:\/\/wp.ufpel.edu.br\/cedepem\/wp-json\/wp\/v2\/media?parent=1321"}],"curies":[{"name":"wp","href":"https:\/\/api.w.org\/{rel}","templated":true}]}}