{"id":1119,"date":"2023-07-07T17:11:46","date_gmt":"2023-07-07T20:11:46","guid":{"rendered":"https:\/\/wp.ufpel.edu.br\/cedepem\/?page_id=1119"},"modified":"2025-07-16T21:18:29","modified_gmt":"2025-07-17T00:18:29","slug":"sobre-nos","status":"publish","type":"page","link":"https:\/\/wp.ufpel.edu.br\/cedepem\/sobre-nos\/","title":{"rendered":"QUEM SOMOS"},"content":{"rendered":"<p style=\"text-align: justify;\">O Centro de Estudos Estrat\u00e9gicos e Planejamento Espacial Marinho (CEDEPEM) \u00e9 um grupo de pesquisa interinstitucional, vinculado \u00e0 Universidade Federal de Pelotas (UFPel), \u00e0 Universidade Federal Fluminense (UFF), ao Grupo BIOMAS (IFPE) e a institui\u00e7\u00f5es parceiras, com foco na produ\u00e7\u00e3o de conhecimento interdisciplinar sobre as m\u00faltiplas dimens\u00f5es estrat\u00e9gicas do espa\u00e7o oce\u00e2nico.<\/p>\n<p style=\"text-align: justify;\">O CEDEPEM emerge do grupo de pesquisa CNPq \u201cPol\u00edtica Internacional e Gest\u00e3o do Espa\u00e7o Oce\u00e2nico\u201d (UFPel), consolidando-se como um centro de an\u00e1lise cr\u00edtica das din\u00e2micas que estruturam a governan\u00e7a, seguran\u00e7a e o planejamento do ambiente marinho. Suas atividades de pesquisa integram diversas \u00e1reas do conhecimento, com \u00eanfase nas Ci\u00eancias Humanas e Sociais Aplicadas, como Ci\u00eancia Pol\u00edtica, Rela\u00e7\u00f5es Internacionais, Direito e Geografia, articuladas \u00e0 Oceanografia, reafirmando a tradi\u00e7\u00e3o do CEDEPEM na valoriza\u00e7\u00e3o das Humanidades no estudo do espa\u00e7o oce\u00e2nico.<\/p>\n<p style=\"text-align: justify;\">O Centro atua com especial aten\u00e7\u00e3o \u00e0s regi\u00f5es da Am\u00e9rica Latina Atl\u00e2ntica e da \u00c1frica Atl\u00e2ntica, desenvolvendo investiga\u00e7\u00f5es que contemplam, entre outras tem\u00e1ticas:<\/p>\n<p style=\"text-align: justify;\">\n\u2012 Governan\u00e7a clim\u00e1tica;<br \/>\n\u2012 Geopol\u00edtica e seguran\u00e7a mar\u00edtima;<br \/>\n\u2012 Democracia e integra\u00e7\u00e3o regional;<br \/>\n\u2012 Planejamento Espacial Marinho (PEM) e gest\u00e3o integrada de zonas costeiras;<br \/>\n\u2012 Pol\u00edticas energ\u00e9ticas e explora\u00e7\u00e3o de recursos marinhos;<br \/>\n\u2012 Estrat\u00e9gias de desenvolvimento sustent\u00e1vel com base marinha;<br \/>\n\u2012 Participa\u00e7\u00e3o comunit\u00e1ria na gest\u00e3o ambiental.<\/p>\n<p style=\"text-align: justify;\">\nAlinhado aos Objetivos de Desenvolvimento Sustent\u00e1vel (ODS) da Agenda 2030 da ONU e comprometido com os princ\u00edpios orientadores da D\u00e9cada da Ci\u00eancia Oce\u00e2nica para o Desenvolvimento Sustent\u00e1vel (2021\u20132030), o CEDEPEM busca produzir conhecimento relevante e aplicado para a formula\u00e7\u00e3o de pol\u00edticas p\u00fablicas, estrat\u00e9gias de seguran\u00e7a regional e iniciativas de coopera\u00e7\u00e3o internacional voltadas \u00e0 conserva\u00e7\u00e3o e ao uso sustent\u00e1vel dos mares.<\/p>\n<p style=\"text-align: justify;\">Como espa\u00e7o acad\u00eamico din\u00e2mico, o CEDEPEM investe na forma\u00e7\u00e3o de novos pesquisadores, promove o interc\u00e2mbio cient\u00edfico nacional e internacional e fortalece o di\u00e1logo cont\u00ednuo entre universidades, governos, institui\u00e7\u00f5es multilaterais e sociedade civil. Seu compromisso est\u00e1 orientado pela promo\u00e7\u00e3o de uma vis\u00e3o cr\u00edtica, democr\u00e1tica, interdisciplinar e globalmente conectada sobre os desafios contempor\u00e2neos que atravessam o espa\u00e7o oce\u00e2nico no s\u00e9culo XXI.<\/p>\n<p>&nbsp;<\/p>\n<p><strong>L\u00edder<\/strong><\/p>\n<p><strong><a href=\"http:\/\/lattes.cnpq.br\/6400826578762656\">Etiene Villela Marroni<\/a><\/strong><\/p>\n<p>Programa de P\u00f3s-Gradua\u00e7\u00e3o em Ci\u00eancia Pol\u00edtica (PPGCPol\/UFPel)<\/p>\n<p>Universidade Federal de Pelotas<\/p>\n<p>&nbsp;<\/p>\n<p><strong>Vice-l\u00edder<\/strong><\/p>\n<p><a href=\"http:\/\/lattes.cnpq.br\/4843244556969052\">F\u00e1tima Ver\u00f4nica Pereira Vila Nova<\/a><\/p>\n<p>Instituto Federal de Educa\u00e7\u00e3o, Ci\u00eancia e Tecnologia de Pernambuco, Campus Caruaru (IFPE\/Caruaru)<\/p>\n<p><span style=\"font-size: 14pt;\"><strong>ONDE ESTAMOS<\/strong><\/span><\/p>\n<div><b>Universidade Federal de Pelotas<\/b><\/div>\n<div>Rua Coronel Alberto Rosa, 154 3\u00ba andar, sala 302<\/div>\n<div>96010-770 \u2013 Pelotas, RS<\/div>\n<div>(53)\u00a03284-3195<\/div>\n<div>E-mail: cedepem@ufpel.edu.br<\/div>\n<div><\/div>\n<p>&nbsp;<\/p>\n","protected":false},"excerpt":{"rendered":"<p>O Centro de Estudos Estrat\u00e9gicos e Planejamento Espacial Marinho (CEDEPEM) \u00e9 um grupo de pesquisa interinstitucional, vinculado \u00e0 Universidade Federal de Pelotas (UFPel), \u00e0 Universidade Federal Fluminense&hellip; <span class=\"read-more\"><a class=\"more-link\" href=\"https:\/\/wp.ufpel.edu.br\/cedepem\/sobre-nos\/\" rel=\"bookmark\">Leia Mais <span class=\"screen-reader-text\">&#8220;QUEM SOMOS&#8221;<\/span><\/a><\/span><\/p>\n","protected":false},"author":1128,"featured_media":0,"parent":0,"menu_order":0,"comment_status":"closed","ping_status":"closed","template":"","meta":{"footnotes":""},"class_list":["post-1119","page","type-page","status-publish","hentry"],"_links":{"self":[{"href":"https:\/\/wp.ufpel.edu.br\/cedepem\/wp-json\/wp\/v2\/pages\/1119","targetHints":{"allow":["GET"]}}],"collection":[{"href":"https:\/\/wp.ufpel.edu.br\/cedepem\/wp-json\/wp\/v2\/pages"}],"about":[{"href":"https:\/\/wp.ufpel.edu.br\/cedepem\/wp-json\/wp\/v2\/types\/page"}],"author":[{"embeddable":true,"href":"https:\/\/wp.ufpel.edu.br\/cedepem\/wp-json\/wp\/v2\/users\/1128"}],"replies":[{"embeddable":true,"href":"https:\/\/wp.ufpel.edu.br\/cedepem\/wp-json\/wp\/v2\/comments?post=1119"}],"version-history":[{"count":12,"href":"https:\/\/wp.ufpel.edu.br\/cedepem\/wp-json\/wp\/v2\/pages\/1119\/revisions"}],"predecessor-version":[{"id":1871,"href":"https:\/\/wp.ufpel.edu.br\/cedepem\/wp-json\/wp\/v2\/pages\/1119\/revisions\/1871"}],"wp:attachment":[{"href":"https:\/\/wp.ufpel.edu.br\/cedepem\/wp-json\/wp\/v2\/media?parent=1119"}],"curies":[{"name":"wp","href":"https:\/\/api.w.org\/{rel}","templated":true}]}}