{"id":9,"date":"2010-08-19T13:54:08","date_gmt":"2010-08-19T16:54:08","guid":{"rendered":"https:\/\/wp.ufpel.edu.br\/ceca\/"},"modified":"2010-08-19T13:54:08","modified_gmt":"2010-08-19T16:54:08","slug":"mercado-de-trabalho","status":"publish","type":"page","link":"https:\/\/wp.ufpel.edu.br\/ceca\/engenharia-de-controle-e-automacao\/mercado-de-trabalho\/","title":{"rendered":"Mercado de Trabalho"},"content":{"rendered":"<p><!-- ======================================================= --> <!-- Created by AbiWord, a free, Open Source wordprocessor.  --> <!-- For more information visit http:\/\/www.abisource.com.    --> <!-- ======================================================= -->As solu\u00e7\u00f5es de controle autom\u00e1tico de processos, das mais variadas naturezas, procurando sempre reduzir ou, at\u00e9 mesmo, eliminar a interven\u00e7\u00e3o humana, principalmente em atividades repetitivas ou de alto risco \u00e0 integridade do ser humano, ocupam cada vez mais espa\u00e7os privilegiados na atividade produtiva, tornando a \u00e1rea de atua\u00e7\u00e3o do Engenheiro de Controle e Automa\u00e7\u00e3o mais promissor e abrangente, pois independente do campo de produ\u00e7\u00e3o a automa\u00e7\u00e3o est\u00e1 presente.<\/p>\n<div>\n<p dir=\"ltr\">A crescente exig\u00eancia ao atendimento de especifica\u00e7\u00f5es, cada vez mais restritivas, sob o ponto de vista de qualidade, uniformidade e manuten\u00e7\u00e3o de propriedades dos produtos industrializados, requer cada vez mais a presen\u00e7a de controles autom\u00e1ticos de processos precisos e confi\u00e1veis. Assim, desde a produ\u00e7\u00e3o industrial de alimentos, at\u00e9 a produ\u00e7\u00e3o de equipamentos extremamente sofisticados, para operarem em condi\u00e7\u00f5es cr\u00edticas, com alto grau de exig\u00eancia nas suas especifica\u00e7\u00f5es, o controle de processos, campo de atua\u00e7\u00e3o do Engenheiro de Controle e Automa\u00e7\u00e3o, est\u00e1 presente e em crescente expans\u00e3o.<\/p>\n<p dir=\"ltr\">As ind\u00fastrias, diante de um ambiente de alta competitividade, na busca de mercados consumidores cada vez mais exigentes, est\u00e3o sempre em busca do aumento no grau de automa\u00e7\u00e3o de seus processos, e um bom exemplo, s\u00e3o os segmentos eletro-eletr\u00f4nicos, inform\u00e1tica e o j\u00e1 antigo, mas com alto grau de automa\u00e7\u00e3o, setor automotivo.<\/p>\n<p dir=\"ltr\">No \u00e2mbito nacional, o crescimento da economia e as recentes descobertas de reservas petrol\u00edferas, t\u00eam provocado altos investimentos governamentais na \u00e1rea da prospec\u00e7\u00e3o de petr\u00f3leo, o que tem alavancado tamb\u00e9m o setor de constru\u00e7\u00e3o naval. Haja vista os investimentos realizados na cidade portu\u00e1ria de Rio Grande, com a constru\u00e7\u00e3o de um Dique Seco com 130 metros de largura por 350 metros de comprimento, que ter\u00e1 capacidade para construir e consertar qualquer tipo de plataforma petr\u00f3leo.<\/p>\n<p dir=\"ltr\">Deve-se chamar a aten\u00e7\u00e3o tamb\u00e9m, para o franco processo de automa\u00e7\u00e3o do setor portu\u00e1rio, com terminais de cont\u00eaineres extremamente automatizados. Como exemplo, se pode citar o porto de Rotterdam, o mais moderno do mundo, em que h\u00e1 uma \u00e1rea chamada de \u201cterminal fantasma\u201d, pois l\u00e1 tudo \u00e9 automatizado. N\u00e3o h\u00e1 funcion\u00e1rios. \u00c9 poss\u00edvel ver filas de caminh\u00f5es rodando sem motoristas, enquanto os cont\u00eaineres que carregam s\u00e3o inspecionados por scanners. N\u00e3o restam d\u00favidas que a estrutura portu\u00e1ria nacional, nos pr\u00f3ximos anos, dever\u00e1 receber investimentos significativos no sentido de moderniza\u00e7\u00e3o, o que passa diretamente pela automa\u00e7\u00e3o dos processos.<\/p>\n<p dir=\"ltr\">Pode-se constatar, portanto, que a \u00e1rea de automa\u00e7\u00e3o e controle se estende a um campo de atua\u00e7\u00e3o muito vasto e crescente, que n\u00e3o se limita apenas \u00e0s \u00e1reas citadas. As \u00e1reas industriais destacam-se como importantes campos de atua\u00e7\u00e3o, mas setores n\u00e3o industriais, como os de automa\u00e7\u00e3o: agr\u00edcola, predial, sanit\u00e1ria e ambiental, de tr\u00e1fego urbano, da log\u00edstica e outras, comerciais e de servi\u00e7os, apresentam tamb\u00e9m grande destaque.<\/p>\n<p dir=\"ltr\">Outros campos de atua\u00e7\u00e3o do engenheiro de controle e automa\u00e7\u00e3o encontram-se nas \u00e1reas cient\u00edficas e de desenvolvimento tecnol\u00f3gico. A\u00ed se enquadram contribui\u00e7\u00f5es te\u00f3ricas em \u00e1reas de pesquisa ainda em franco desenvolvimento e tamb\u00e9m a participa\u00e7\u00e3o em equipes de ensino e pesquisas aplicadas, desde a \u00e1rea de Sistemas Bio-Tecnol\u00f3gicos at\u00e9 a \u00e1rea de Controle de Processos Industriais.<\/p>\n<\/div>\n","protected":false},"excerpt":{"rendered":"<p>As solu\u00e7\u00f5es de controle autom\u00e1tico de processos, das mais variadas naturezas, procurando sempre reduzir ou, at\u00e9 mesmo, eliminar a interven\u00e7\u00e3o humana, principalmente em atividades repetitivas ou de alto risco \u00e0 integridade do ser humano, ocupam cada vez mais espa\u00e7os privilegiados na atividade produtiva, tornando a \u00e1rea de atua\u00e7\u00e3o do Engenheiro de Controle e Automa\u00e7\u00e3o mais [&hellip;]<\/p>\n","protected":false},"author":69,"featured_media":0,"parent":5,"menu_order":0,"comment_status":"closed","ping_status":"open","template":"","meta":{"footnotes":""},"class_list":["post-9","page","type-page","status-publish","hentry"],"_links":{"self":[{"href":"https:\/\/wp.ufpel.edu.br\/ceca\/wp-json\/wp\/v2\/pages\/9","targetHints":{"allow":["GET"]}}],"collection":[{"href":"https:\/\/wp.ufpel.edu.br\/ceca\/wp-json\/wp\/v2\/pages"}],"about":[{"href":"https:\/\/wp.ufpel.edu.br\/ceca\/wp-json\/wp\/v2\/types\/page"}],"author":[{"embeddable":true,"href":"https:\/\/wp.ufpel.edu.br\/ceca\/wp-json\/wp\/v2\/users\/69"}],"replies":[{"embeddable":true,"href":"https:\/\/wp.ufpel.edu.br\/ceca\/wp-json\/wp\/v2\/comments?post=9"}],"version-history":[{"count":1,"href":"https:\/\/wp.ufpel.edu.br\/ceca\/wp-json\/wp\/v2\/pages\/9\/revisions"}],"predecessor-version":[{"id":10,"href":"https:\/\/wp.ufpel.edu.br\/ceca\/wp-json\/wp\/v2\/pages\/9\/revisions\/10"}],"up":[{"embeddable":true,"href":"https:\/\/wp.ufpel.edu.br\/ceca\/wp-json\/wp\/v2\/pages\/5"}],"wp:attachment":[{"href":"https:\/\/wp.ufpel.edu.br\/ceca\/wp-json\/wp\/v2\/media?parent=9"}],"curies":[{"name":"wp","href":"https:\/\/api.w.org\/{rel}","templated":true}]}}