{"id":83,"date":"2010-10-01T17:31:03","date_gmt":"2010-10-01T20:31:03","guid":{"rendered":"https:\/\/wp.ufpel.edu.br\/ceca\/"},"modified":"2025-10-13T10:39:23","modified_gmt":"2025-10-13T13:39:23","slug":"contato","status":"publish","type":"page","link":"https:\/\/wp.ufpel.edu.br\/ceca\/contato\/","title":{"rendered":"Contato"},"content":{"rendered":"<p>Colegiado de Curso<\/p>\n<p><strong>Localiza\u00e7\u00e3o<\/strong>: A<span style=\"color: #666666;\">ntiga F\u00e1brica Cotada, localizado na esquina da rua Benjamin Constant, n\u00ba989 e da pra\u00e7a Domingos Rodrigues, 3\u00ba andar &#8211; sala 309.<\/span><br \/>\n<strong>Coordenador<\/strong>: Prof. Sigmar de Lima<br \/>\n<strong>Secret\u00e1ria<\/strong>: Su\u00e9len de Oliveira Figueiredo Garcia<br \/>\n<strong>E-mail<\/strong>: ceca.ufpel@gmail.com<br \/>\n<strong>Telefone<\/strong>: (53) 3284-1690<\/p>\n<p>&nbsp;<\/p>\n<p>&nbsp;<\/p>\n","protected":false},"excerpt":{"rendered":"<p>Colegiado de Curso Localiza\u00e7\u00e3o: Antiga F\u00e1brica Cotada, localizado na esquina da rua Benjamin Constant, n\u00ba989 e da pra\u00e7a Domingos Rodrigues, 3\u00ba andar &#8211; sala 309. Coordenador: Prof. Sigmar de Lima Secret\u00e1ria: Su\u00e9len de Oliveira Figueiredo Garcia E-mail: ceca.ufpel@gmail.com Telefone: (53) 3284-1690 &nbsp; &nbsp;<\/p>\n","protected":false},"author":69,"featured_media":0,"parent":0,"menu_order":0,"comment_status":"closed","ping_status":"closed","template":"","meta":{"footnotes":""},"class_list":["post-83","page","type-page","status-publish","hentry"],"_links":{"self":[{"href":"https:\/\/wp.ufpel.edu.br\/ceca\/wp-json\/wp\/v2\/pages\/83","targetHints":{"allow":["GET"]}}],"collection":[{"href":"https:\/\/wp.ufpel.edu.br\/ceca\/wp-json\/wp\/v2\/pages"}],"about":[{"href":"https:\/\/wp.ufpel.edu.br\/ceca\/wp-json\/wp\/v2\/types\/page"}],"author":[{"embeddable":true,"href":"https:\/\/wp.ufpel.edu.br\/ceca\/wp-json\/wp\/v2\/users\/69"}],"replies":[{"embeddable":true,"href":"https:\/\/wp.ufpel.edu.br\/ceca\/wp-json\/wp\/v2\/comments?post=83"}],"version-history":[{"count":4,"href":"https:\/\/wp.ufpel.edu.br\/ceca\/wp-json\/wp\/v2\/pages\/83\/revisions"}],"predecessor-version":[{"id":1499,"href":"https:\/\/wp.ufpel.edu.br\/ceca\/wp-json\/wp\/v2\/pages\/83\/revisions\/1499"}],"wp:attachment":[{"href":"https:\/\/wp.ufpel.edu.br\/ceca\/wp-json\/wp\/v2\/media?parent=83"}],"curies":[{"name":"wp","href":"https:\/\/api.w.org\/{rel}","templated":true}]}}