{"id":7,"date":"2010-08-19T13:53:21","date_gmt":"2010-08-19T16:53:21","guid":{"rendered":"https:\/\/wp.ufpel.edu.br\/ceca\/"},"modified":"2010-08-19T13:53:21","modified_gmt":"2010-08-19T16:53:21","slug":"perfil-do-egresso","status":"publish","type":"page","link":"https:\/\/wp.ufpel.edu.br\/ceca\/engenharia-de-controle-e-automacao\/perfil-do-egresso\/","title":{"rendered":"Perfil do Egresso"},"content":{"rendered":"<p><!-- ======================================================= --> <!-- Created by AbiWord, a free, Open Source wordprocessor.  --> <!-- For more information visit http:\/\/www.abisource.com.    --> <!-- ======================================================= --><!-- #toc, .toc, .mw-warning { \tborder: 1px solid #aaa; \tbackground-color: #f9f9f9; \tpadding: 5px; \tfont-size: 95%; } #toc h2, .toc h2 { \tdisplay: inline; \tborder: none; \tpadding: 0; \tfont-size: 100%; \tfont-weight: bold; } #toc #toctitle, .toc #toctitle, #toc .toctitle, .toc .toctitle { \ttext-align: center; } #toc ul, .toc ul { \tlist-style-type: none; \tlist-style-image: none; \tmargin-left: 0; \tpadding-left: 0; \ttext-align: left; } #toc ul ul, .toc ul ul { \tmargin: 0 0 0 2em; } #toc .toctoggle, .toc .toctoggle { \tfont-size: 94%; }@media print, projection, embossed { \tbody { \t\tpadding-top:1in; \t\tpadding-bottom:1in; \t\tpadding-left:1in; \t\tpadding-right:1in; \t} } body { \ttext-decoration:none; \ttext-indent:0in; \ttext-align:left; \tfont-weight:normal; \tfont-variant:normal; \tcolor:#000000; \tfont-size:12pt; \tfont-style:normal; \twidows:2; \tfont-family:'Times New Roman'; } table { } td { \tborder-collapse:collapse; \ttext-align:left; \tvertical-align:top; } p, h1, h2, h3, li { \tcolor:#000000; \tfont-family:'Times New Roman'; \tfont-size:12pt; \ttext-align:left; \tvertical-align:normal; } --><\/p>\n<div>\n<p>O Engenheiro de Controle e Automa\u00e7\u00e3o ser\u00e1 um profissional habilitado para o planejamento, supervis\u00e3o, inspe\u00e7\u00e3o, execu\u00e7\u00e3o de montagem, opera\u00e7\u00e3o e manuten\u00e7\u00e3o de equipamentos e instala\u00e7\u00f5es de sistemas de automa\u00e7\u00e3o e controle, podendo tamb\u00e9m participar da elabora\u00e7\u00e3o de projetos, incluindo o hardware e software em sistemas usados em controle de processos.<\/p>\n<p dir=\"ltr\">A Engenharia de Controle e Automa\u00e7\u00e3o espera formar profissionais com s\u00f3lidos conhecimentos interdisciplinares: em controle de processos, sistemas eletro-eletr\u00f4nicos, sistemas mec\u00e2nicos e de Inform\u00e1tica.<\/p>\n<p dir=\"ltr\">Com uma forma\u00e7\u00e3o abrangente, e uma diversidade de conhecimentos adquiridos, o Engenheiro de Automa\u00e7\u00e3o e Controle pode ser considerado um Engenheiro de Sistemas, na sua \u00e1rea de atua\u00e7\u00e3o, diferenciando-se na sua forma\u00e7\u00e3o, dos Engenheiros de processo (mec\u00e2nico, el\u00e9trico, qu\u00edmico etc&#8230;).<\/p>\n<p dir=\"ltr\">Espera-se, tamb\u00e9m, que o profissional formado possa desenvolver e gerenciar o seu pr\u00f3prio neg\u00f3cio, tornando-se um empreendedor capaz de gerar oportunidades de emprego e melhoria de qualidade de vida para a popula\u00e7\u00e3o, por meio da sua s\u00f3lida forma\u00e7\u00e3o cr\u00edtica e criativa, capaz de considerar sempre os aspectos pol\u00edticos, econ\u00f4micos, sociais, ambientais e culturais, com vis\u00e3o \u00e9tica e human\u00edstica.<\/p>\n<\/div>\n","protected":false},"excerpt":{"rendered":"<p>O Engenheiro de Controle e Automa\u00e7\u00e3o ser\u00e1 um profissional habilitado para o planejamento, supervis\u00e3o, inspe\u00e7\u00e3o, execu\u00e7\u00e3o de montagem, opera\u00e7\u00e3o e manuten\u00e7\u00e3o de equipamentos e instala\u00e7\u00f5es de sistemas de automa\u00e7\u00e3o e controle, podendo tamb\u00e9m participar da elabora\u00e7\u00e3o de projetos, incluindo o hardware e software em sistemas usados em controle de processos. A Engenharia de Controle e [&hellip;]<\/p>\n","protected":false},"author":69,"featured_media":0,"parent":5,"menu_order":0,"comment_status":"closed","ping_status":"open","template":"","meta":{"footnotes":""},"class_list":["post-7","page","type-page","status-publish","hentry"],"_links":{"self":[{"href":"https:\/\/wp.ufpel.edu.br\/ceca\/wp-json\/wp\/v2\/pages\/7","targetHints":{"allow":["GET"]}}],"collection":[{"href":"https:\/\/wp.ufpel.edu.br\/ceca\/wp-json\/wp\/v2\/pages"}],"about":[{"href":"https:\/\/wp.ufpel.edu.br\/ceca\/wp-json\/wp\/v2\/types\/page"}],"author":[{"embeddable":true,"href":"https:\/\/wp.ufpel.edu.br\/ceca\/wp-json\/wp\/v2\/users\/69"}],"replies":[{"embeddable":true,"href":"https:\/\/wp.ufpel.edu.br\/ceca\/wp-json\/wp\/v2\/comments?post=7"}],"version-history":[{"count":1,"href":"https:\/\/wp.ufpel.edu.br\/ceca\/wp-json\/wp\/v2\/pages\/7\/revisions"}],"predecessor-version":[{"id":8,"href":"https:\/\/wp.ufpel.edu.br\/ceca\/wp-json\/wp\/v2\/pages\/7\/revisions\/8"}],"up":[{"embeddable":true,"href":"https:\/\/wp.ufpel.edu.br\/ceca\/wp-json\/wp\/v2\/pages\/5"}],"wp:attachment":[{"href":"https:\/\/wp.ufpel.edu.br\/ceca\/wp-json\/wp\/v2\/media?parent=7"}],"curies":[{"name":"wp","href":"https:\/\/api.w.org\/{rel}","templated":true}]}}