{"id":5,"date":"2010-08-19T13:52:27","date_gmt":"2010-08-19T16:52:27","guid":{"rendered":"https:\/\/wp.ufpel.edu.br\/ceca\/"},"modified":"2010-08-19T13:52:27","modified_gmt":"2010-08-19T16:52:27","slug":"engenharia-de-controle-e-automacao","status":"publish","type":"page","link":"https:\/\/wp.ufpel.edu.br\/ceca\/engenharia-de-controle-e-automacao\/","title":{"rendered":"Engenharia de Controle e Automa\u00e7\u00e3o"},"content":{"rendered":"<p><!-- ======================================================= --> <!-- Created by AbiWord, a free, Open Source wordprocessor.  --> <!-- For more information visit http:\/\/www.abisource.com.    --> <!-- ======================================================= --><!-- #toc, .toc, .mw-warning { \tborder: 1px solid #aaa; \tbackground-color: #f9f9f9; \tpadding: 5px; \tfont-size: 95%; } #toc h2, .toc h2 { \tdisplay: inline; \tborder: none; \tpadding: 0; \tfont-size: 100%; \tfont-weight: bold; } #toc #toctitle, .toc #toctitle, #toc .toctitle, .toc .toctitle { \ttext-align: center; } #toc ul, .toc ul { \tlist-style-type: none; \tlist-style-image: none; \tmargin-left: 0; \tpadding-left: 0; \ttext-align: left; } #toc ul ul, .toc ul ul { \tmargin: 0 0 0 2em; } #toc .toctoggle, .toc .toctoggle { \tfont-size: 94%; }@media print, projection, embossed { \tbody { \t\tpadding-top:1in; \t\tpadding-bottom:1in; \t\tpadding-left:1in; \t\tpadding-right:1in; \t} } body { \ttext-decoration:none; \ttext-indent:0in; \ttext-align:left; \tfont-weight:normal; \tfont-variant:normal; \tcolor:#000000; \tfont-size:12pt; \tfont-style:normal; \twidows:2; \tfont-family:'Times New Roman'; } table { } td { \tborder-collapse:collapse; \ttext-align:left; \tvertical-align:top; } p, h1, h2, h3, li { \tcolor:#000000; \tfont-family:'Times New Roman'; \tfont-size:12pt; \ttext-align:left; \tvertical-align:normal; } --><\/p>\n<div>\n<p>A automa\u00e7\u00e3o faz parte de um movimento global em dire\u00e7\u00e3o ao que chamamos de sociedade da informa\u00e7\u00e3o, uma sociedade que utiliza o computador em quase todos os aspectos de sua organiza\u00e7\u00e3o. Isso pode ser claramente percebido em nosso dia a dia, em bancos, em supermercados, em reservas de passagens nos aeroportos, etc. \u00c9 a chamada automa\u00e7\u00e3o comercial. Na \u00e1rea industrial a automa\u00e7\u00e3o visa aumentar a qualidade, produtividade e seguran\u00e7a dos processos de produ\u00e7\u00e3o, bem como preservar os trabalhadores de um ambiente hostil, como \u00e9 o caso da soldagem robotizada muito utilizada pela ind\u00fastria automobil\u00edstica. A Engenharia de Controle e Automa\u00e7\u00e3o demanda profissionais com conhecimentos interdisciplinares: em processos, eletr\u00f4nica, mec\u00e2nica e na Inform\u00e1tica. Essa diversidade de \u00e1reas envolvidas, e a grande responsabilidade que pesa sobre os sistemas de automa\u00e7\u00e3o e controle, fazem com que a Engenharia de Controle e Automa\u00e7\u00e3o seja alvo de constantes aperfei\u00e7oamentos tecnol\u00f3gicos, estando normalmente em fase com as tecnologias mais modernas existentes no mercado.<\/p>\n<p dir=\"ltr\">A automa\u00e7\u00e3o das atividades industriais \u00e9 um dos principais requisitos para o desenvolvimento econ\u00f4mico do pa\u00eds e para uma participa\u00e7\u00e3o mais eficiente da nossa ind\u00fastria no mercado internacional. A regi\u00e3o de Pelotas disp\u00f5e de um perfil econ\u00f4mico que envolve o setor agr\u00edcola a agroind\u00fastria e o p\u00f3lo naval localizado na cidade de Rio Grande, com isso, est\u00e1 surgindo a necessidade da regi\u00e3o sul do estado do Rio Grande do Sul de fortalecer a forma\u00e7\u00e3o de profissionais com a vis\u00e3o ao processo de automa\u00e7\u00e3o. \u00c9 nesse contexto que a Universidade Federal de Pelotas prop\u00f5e a cria\u00e7\u00e3o do curso de Engenharia de Controle e Automa\u00e7\u00e3o.<\/p>\n<\/div>\n<p><!-- ======================================================= --> <!-- Created by AbiWord, a free, Open Source wordprocessor.  --> <!-- For more information visit http:\/\/www.abisource.com.    --> <!-- ======================================================= --><\/p>\n","protected":false},"excerpt":{"rendered":"<p>A automa\u00e7\u00e3o faz parte de um movimento global em dire\u00e7\u00e3o ao que chamamos de sociedade da informa\u00e7\u00e3o, uma sociedade que utiliza o computador em quase todos os aspectos de sua organiza\u00e7\u00e3o. Isso pode ser claramente percebido em nosso dia a dia, em bancos, em supermercados, em reservas de passagens nos aeroportos, etc. \u00c9 a chamada [&hellip;]<\/p>\n","protected":false},"author":69,"featured_media":0,"parent":0,"menu_order":0,"comment_status":"closed","ping_status":"open","template":"","meta":{"footnotes":""},"class_list":["post-5","page","type-page","status-publish","hentry"],"_links":{"self":[{"href":"https:\/\/wp.ufpel.edu.br\/ceca\/wp-json\/wp\/v2\/pages\/5","targetHints":{"allow":["GET"]}}],"collection":[{"href":"https:\/\/wp.ufpel.edu.br\/ceca\/wp-json\/wp\/v2\/pages"}],"about":[{"href":"https:\/\/wp.ufpel.edu.br\/ceca\/wp-json\/wp\/v2\/types\/page"}],"author":[{"embeddable":true,"href":"https:\/\/wp.ufpel.edu.br\/ceca\/wp-json\/wp\/v2\/users\/69"}],"replies":[{"embeddable":true,"href":"https:\/\/wp.ufpel.edu.br\/ceca\/wp-json\/wp\/v2\/comments?post=5"}],"version-history":[{"count":1,"href":"https:\/\/wp.ufpel.edu.br\/ceca\/wp-json\/wp\/v2\/pages\/5\/revisions"}],"predecessor-version":[{"id":6,"href":"https:\/\/wp.ufpel.edu.br\/ceca\/wp-json\/wp\/v2\/pages\/5\/revisions\/6"}],"wp:attachment":[{"href":"https:\/\/wp.ufpel.edu.br\/ceca\/wp-json\/wp\/v2\/media?parent=5"}],"curies":[{"name":"wp","href":"https:\/\/api.w.org\/{rel}","templated":true}]}}