{"id":475,"date":"2013-05-02T15:50:19","date_gmt":"2013-05-02T15:50:19","guid":{"rendered":"https:\/\/wp.ufpel.edu.br\/ceca\/?page_id=475"},"modified":"2019-08-30T08:45:09","modified_gmt":"2019-08-30T11:45:09","slug":"horario-de-atendimento-ceca-eca","status":"publish","type":"page","link":"https:\/\/wp.ufpel.edu.br\/ceca\/contato\/horario-de-atendimento-ceca-eca\/","title":{"rendered":"Hor\u00e1rio de atendimento"},"content":{"rendered":"<p><span style=\"font-size: 14pt\">O hor\u00e1rio de atendimento da Secretaria do colegiado \u00e9 das 07:30 \u00e0s 20\u00a0 horas.<br \/>\n<\/span><\/p>\n","protected":false},"excerpt":{"rendered":"<p>O hor\u00e1rio de atendimento da Secretaria do colegiado \u00e9 das 07:30 \u00e0s 20\u00a0 horas.<\/p>\n","protected":false},"author":69,"featured_media":0,"parent":83,"menu_order":0,"comment_status":"closed","ping_status":"closed","template":"","meta":{"footnotes":""},"class_list":["post-475","page","type-page","status-publish","hentry"],"_links":{"self":[{"href":"https:\/\/wp.ufpel.edu.br\/ceca\/wp-json\/wp\/v2\/pages\/475","targetHints":{"allow":["GET"]}}],"collection":[{"href":"https:\/\/wp.ufpel.edu.br\/ceca\/wp-json\/wp\/v2\/pages"}],"about":[{"href":"https:\/\/wp.ufpel.edu.br\/ceca\/wp-json\/wp\/v2\/types\/page"}],"author":[{"embeddable":true,"href":"https:\/\/wp.ufpel.edu.br\/ceca\/wp-json\/wp\/v2\/users\/69"}],"replies":[{"embeddable":true,"href":"https:\/\/wp.ufpel.edu.br\/ceca\/wp-json\/wp\/v2\/comments?post=475"}],"version-history":[{"count":16,"href":"https:\/\/wp.ufpel.edu.br\/ceca\/wp-json\/wp\/v2\/pages\/475\/revisions"}],"predecessor-version":[{"id":1392,"href":"https:\/\/wp.ufpel.edu.br\/ceca\/wp-json\/wp\/v2\/pages\/475\/revisions\/1392"}],"up":[{"embeddable":true,"href":"https:\/\/wp.ufpel.edu.br\/ceca\/wp-json\/wp\/v2\/pages\/83"}],"wp:attachment":[{"href":"https:\/\/wp.ufpel.edu.br\/ceca\/wp-json\/wp\/v2\/media?parent=475"}],"curies":[{"name":"wp","href":"https:\/\/api.w.org\/{rel}","templated":true}]}}