{"id":731,"date":"2023-09-06T08:00:48","date_gmt":"2023-09-06T11:00:48","guid":{"rendered":"https:\/\/wp.ufpel.edu.br\/cec\/?page_id=731"},"modified":"2025-08-15T17:42:29","modified_gmt":"2025-08-15T20:42:29","slug":"projetos-unificados-atual","status":"publish","type":"page","link":"https:\/\/wp.ufpel.edu.br\/cec\/projetos-de-ensino\/projetos-unificados-atual\/","title":{"rendered":"Projetos Unificados &#8211; ATUAL"},"content":{"rendered":"<p style=\"text-align: justify;\"><span style=\"font-size: 12pt; font-family: georgia, palatino, serif;\">Desde 15 de dezembro de 2019 a UFPEL adotou o sistema de cadastro \u00fanico para programas, projetos e a\u00e7\u00f5es de ensino, pesquisa e extens\u00e3o: <strong>o m\u00f3dulo de projetos unificados do COBALTO. <\/strong>A utiliza\u00e7\u00e3o desse sistema traz como principais novidades a possibilidade de cadastro de a\u00e7\u00f5es de ensino, pesquisa e\/ou extens\u00e3o em<span style=\"color: #000000;\"> um<\/span> mesmo projeto, cadastro de Programas e um maior per\u00edodo de execu\u00e7\u00e3o de projetos, entre outras inova\u00e7\u00f5es advindas da <strong><span style=\"color: #0000ff;\"><a style=\"color: #0000ff;\" href=\"https:\/\/wp.ufpel.edu.br\/cec\/files\/2020\/02\/Resolucao-10.2015.pdf\">Resolu\u00e7\u00e3o 10\/2015, do COCEPE<\/a>.<\/span><\/strong><\/span><\/p>\n<p><span style=\"font-size: 14pt;\"><strong>SISTEMA UNIFICADO &#8211; CADASTRO E SUBMISS\u00c3O DE PROPOSTAS<\/strong><\/span><\/p>\n<p style=\"text-align: justify;\"><strong>1. CADASTRO:<\/strong><\/p>\n<p style=\"text-align: justify;\">&#8211; O cadastro \u00e9 efetuado diretamente no sistema COBALTO, com acesso em: <span style=\"color: #3366ff;\"><strong><a style=\"color: #3366ff;\" href=\"https:\/\/cobalto.ufpel.edu.br\/dashboard\/\">https:\/\/cobalto.ufpel.edu.br\/dashboard<\/a><\/strong><\/span><\/p>\n<p style=\"text-align: justify;\"><strong>2. ENVIO E TRAMITA\u00c7\u00c3O:<\/strong><\/p>\n<p style=\"text-align: justify;\">&#8211; O envio da proposta para aprecia\u00e7\u00e3o \u00e9 efetivado ao clicar em ENVIAR, quando passar\u00e1 do status \u201cEditando\u201d para \u201cEm an\u00e1lise da Comiss\u00e3o Interdisciplinar de Projetos\u201d. N\u00e3o \u00e9 necess\u00e1rio o envio da proposta via SEI.<\/p>\n<p style=\"text-align: justify;\">&#8211; Na aba &#8220;tramita\u00e7\u00e3o&#8221; \u00e9 poss\u00edvel verificar o registro eletr\u00f4nico da tramita\u00e7\u00e3o realizada, bem como o conte\u00fado dos pareceres emitidos pelas Comiss\u00f5es\/Chefia Imediata. Para selecionar alguma a\u00e7\u00e3o espec\u00edfica, basta acessar a aba &#8220;Tramita\u00e7\u00e3o&#8221; do projeto e no menu &#8220;Processos&#8221;, selecionar a a\u00e7\u00e3o correspondente.<\/p>\n<p style=\"text-align: justify;\"><strong>3. PRAZOS:\u00a0<\/strong><\/p>\n<p style=\"text-align: justify;\">&#8211; O prazo previsto para o tr\u00e2mite desde a submiss\u00e3o da proposta at\u00e9 a aprova\u00e7\u00e3o pelo COCEPE \u00e9 de 60 (sessenta) dias.<\/p>\n<p style=\"text-align: justify;\">&#8211; As propostas podem ser submetidas a qualquer tempo, desde que em tempo h\u00e1bil de aprecia\u00e7\u00e3o pelas inst\u00e2ncias. N\u00c3O \u00c9 PERMITIDO CADASTRO RETROATIVO.<\/p>\n<p style=\"text-align: justify;\">&#8211; Prazos de execu\u00e7\u00e3o: Projetos (at\u00e9 48 meses) &#8211; Programa (m\u00ednimo de 24 meses)<\/p>\n<p>&#8211; Relat\u00f3rio Final: deve ser enviado <strong>em at\u00e9 30 dias ap\u00f3s o t\u00e9rmino do projeto.<\/strong><\/p>\n<p>&#8211; Solicita\u00e7\u00e3o de Prorroga\u00e7\u00e3o ou Renova\u00e7\u00e3o: deve ser enviada <strong>antes do t\u00e9rmino do projeto.<\/strong><\/p>\n<p style=\"text-align: justify;\"><strong>4. EQUIPE:<\/strong><\/p>\n<p style=\"text-align: justify;\">&#8211; Coordenador: poder\u00e3o coordenar projetos\/programas docentes ou t\u00e9cnicos-administrativos da UFPEL com N\u00edvel Superior compat\u00edvel com a proposta. Possibilidade de indicar um Coordenador Adjunto.<\/p>\n<p style=\"text-align: justify;\">&#8211; Somente o coordenador e o adjunto dever\u00e3o ser cadastrados diretamente na equipe do projeto. Os demais participantes\/colaboradores dever\u00e3o ser inseridos nas a\u00e7\u00f5es. A aba &#8220;equipe&#8221; \u00e9 o espelho da equipe que ficar cadastrada em todas as a\u00e7\u00f5es.<\/p>\n<p style=\"text-align: justify;\">&#8211; A participa\u00e7\u00e3o de servidores (docentes e t\u00e9cnicos administrativos) ficar\u00e1 condicionada \u00e0 aprova\u00e7\u00e3o da carga hor\u00e1ria pela chefia imediata.<\/p>\n<p>&#8211; Para cadastro de <strong>pessoa externa<\/strong>, acessar Cadastros &#8211; Pessoa (n\u00e3o UFPEL), preencher os dados e salvar. Depois \u00e9 s\u00f3 inserir o integrante na a\u00e7\u00e3o ou nas a\u00e7\u00f5es correspondentes a sua participa\u00e7\u00e3o.<\/p>\n<p style=\"text-align: justify;\">&#8211; Qualquer altera\u00e7\u00e3o na equipe, quando necess\u00e1rio, dever\u00e1 ser efetuada diretamente nas a\u00e7\u00f5es.<\/p>\n<p style=\"text-align: justify;\">&#8211; A altera\u00e7\u00e3o na Coordena\u00e7\u00e3o do projeto deve ser efetuada por interm\u00e9dio do SEI, abrindo um processo do tipo <em>Ensino: Projeto\/A\u00e7\u00e3o de ensino<\/em> e preenchendo o documento <strong>PRE Altera\u00e7\u00e3o de Coordena\u00e7\u00e3o de Projeto de Ensino<\/strong>, com posterior envio ao NUPROP.<\/p>\n<p style=\"text-align: justify;\"><strong>5. \u00caNFASE:<\/strong><\/p>\n<p style=\"text-align: justify;\">&#8211; Entende-se por \u00eanfase a caracteriza\u00e7\u00e3o dominante do programa ou projeto no momento do seu registro. Os programas e projetos com \u00eanfase em ensino objetivam contribuir para o aprimoramento e qualifica\u00e7\u00e3o do processo de ensino-aprendizagem nos cursos de gradua\u00e7\u00e3o e\/ou p\u00f3s-gradua\u00e7\u00e3o.<\/p>\n<p style=\"text-align: justify;\"><strong>6. A\u00c7\u00d5ES:<\/strong><\/p>\n<p style=\"text-align: justify;\">&#8211; As a\u00e7\u00f5es poder\u00e3o ser de ensino, pesquisa ou extens\u00e3o. Obrigatoriamente, a primeira a\u00e7\u00e3o a ser cadastrada no projeto deve ser da mesma natureza da \u00eanfase (Ex: se projeto com \u00eanfase em ensino, a primeira a\u00e7\u00e3o a ser cadastrada deve ser de ensino).<\/p>\n<p style=\"text-align: justify;\">&#8211; Cada projeto dever\u00e1 conter, no m\u00ednimo, 1 (uma) a\u00e7\u00e3o.<\/p>\n<p style=\"text-align: justify;\">&#8211; No momento do envio da proposta, \u00e9 necess\u00e1rio prever que pelo menos uma a\u00e7\u00e3o esteja sendo desenvolvida durante todo o per\u00edodo de execu\u00e7\u00e3o do projeto. Demais a\u00e7\u00f5es poder\u00e3o ser cadastradas a qualquer tempo.<\/p>\n<p style=\"text-align: justify;\">&#8211; Para projetos em que h\u00e1 uma \u00fanica a\u00e7\u00e3o a ser desenvolvida, indicamos repetir o t\u00edtulo do projeto, para fins de certifica\u00e7\u00e3o.<\/p>\n<p style=\"text-align: justify;\">&#8211; A participa\u00e7\u00e3o discente \u00e9 indispens\u00e1vel em todas as a\u00e7\u00f5es.<\/p>\n<p style=\"text-align: justify;\">&#8211; N\u00e3o \u00e9 poss\u00edvel cadastrar uma a\u00e7\u00e3o fora do per\u00edodo de execu\u00e7\u00e3o do projeto.<\/p>\n<p style=\"text-align: justify;\"><strong>7. TIPOS DE A\u00c7\u00d5ES DE ENSINO:<\/strong><\/p>\n<ul>\n<li style=\"text-align: justify;\"><strong>Grupo de estudos:<\/strong> caracterizado por um grupo\u00a0de membros pertencentes \u00e0 comunidade acad\u00eamica, que se re\u00fanem regularmente (de forma presencial ou n\u00e3o) para discutir e aprofundar assuntos\/conte\u00fados acerca de uma tem\u00e1tica espec\u00edfica (objeto de estudo), visando qualificar o processo de ensino-aprendizagem nos cursos de gradua\u00e7\u00e3o e\/ou p\u00f3s-gradua\u00e7\u00e3o. Pressup\u00f5e-se que tenha uma dura\u00e7\u00e3o de m\u00e9dio a longo prazo.<\/li>\n<li style=\"text-align: justify;\"><strong>Publica\u00e7\u00e3o e outros produtos acad\u00eamicos:<\/strong> caracterizam-se pela produ\u00e7\u00e3o e desenvolvimento de artigos, manuais, apostilas, revistas, jogos educativos, softwares, v\u00eddeos, entre outros produtos acad\u00eamicos decorrentes do desenvolvimento de a\u00e7\u00f5es de ensino, para publica\u00e7\u00e3o e divulga\u00e7\u00e3o cient\u00edfica ou tecnol\u00f3gica junto \u00e0 comunidade acad\u00eamica e comunidade em geral.<\/li>\n<li style=\"text-align: justify;\"><strong>Curso: <\/strong>caracterizado por um conjunto articulado de a\u00e7\u00f5es pedag\u00f3gicas, de car\u00e1ter te\u00f3rico e\/ou pr\u00e1tico, presencial, semipresencial ou \u00e0 dist\u00e2ncia, planejado e organizado de modo sistem\u00e1tico, <strong>com carga hor\u00e1ria m\u00ednima de oito (8) horas<\/strong> e processo de avalia\u00e7\u00e3o definido, para forma\u00e7\u00e3o inicial ou continuada, visando o aperfei\u00e7oamento ou a dissemina\u00e7\u00e3o de conhecimentos, e que atenda prioritariamente a comunidade acad\u00eamica interna.<\/li>\n<li style=\"text-align: justify;\"><strong>Evento: <\/strong>caracterizado pelo desenvolvimento de atividades de curta dura\u00e7\u00e3o que visam \u00e0 difus\u00e3o de conhecimento, nas modalidades de Congressos, Semin\u00e1rios, Simp\u00f3sios, Semanas Acad\u00eamicas, Worshops, Ciclo de Debates, Palestras, Exposi\u00e7\u00f5es e outros do g\u00eanero, com envolvimento priorit\u00e1rio da comunidade acad\u00eamica interna.<\/li>\n<li style=\"text-align: justify;\"><strong>Propriamente dita de ensino:<\/strong> compreende-se como propriamente dita de ensino todas as <strong>interven\u00e7\u00f5es de car\u00e1ter pedag\u00f3gico<\/strong> que buscam promover a qualifica\u00e7\u00e3o do processo de ensino-aprendizagem nos cursos de gradua\u00e7\u00e3o e\/ou p\u00f3s gradua\u00e7\u00e3o e que n\u00e3o se enquadram nas modalidades espec\u00edficas (<em>grupo de estudos, publica\u00e7\u00f5es, cursos e\/ou eventos)<\/em>.<\/li>\n<\/ul>\n<p><strong>8. FINANCEIRO:<\/strong><\/p>\n<p style=\"text-align: justify;\">&#8211; Projetos com \u00eanfase em ensino N\u00c3O PODER\u00c3O PREVER financiamento ou administra\u00e7\u00e3o de recursos financeiros.<\/p>\n<p><strong>9. CANCELAMENTO DE PROJETOS OU A\u00c7\u00d5ES:<\/strong><\/p>\n<p style=\"text-align: justify;\">&#8211; Se por algum motivo o projeto ou determinada(s) a\u00e7\u00e3o n\u00e3o ocorreu, \u00e9 necess\u00e1rio solicitar o seu cancelamento. O procedimento \u00e9 abrir um processo no SEI do tipo: abrindo um processo do tipo <em>Ensino: Projeto\/A\u00e7\u00e3o de ensino<\/em><em>, <\/em>\u00a0incluir o documento <em>PRE Cancelamento A\u00e7\u00e3o\/Projeto com \u00eanfase em Ensino<\/em> e enviar \u00e0 Unidade <strong>NUPROP<\/strong>.<\/p>\n<p style=\"text-align: justify;\">OBS: Na busca pelo tipo de processo ou tipo de documento, existe um filtro identificado pelo\u00a0<b>sinal de\u00a0+.\u00a0<\/b>Caso n\u00e3o esteja listando o processo ou o documento, desative este filtro clicando no mesmo.<\/p>\n<p><strong>10. ALTERA\u00c7\u00c3O DE VIG\u00caNCIA:<\/strong><\/p>\n<p style=\"text-align: justify;\">&#8211; Se por algum motivo o projeto ou determinada(s) a\u00e7\u00e3o n\u00e3o ocorreu na data prevista inicialmente e precisa ser encerrado ANTES, \u00e9 necess\u00e1rio solicitar essa altera\u00e7\u00e3o de vig\u00eancia antes do envio de relat\u00f3rio. O procedimento \u00e9 abrir um processo no SEI do tipo: abrindo um processo do tipo <em>Ensino: Projeto\/A\u00e7\u00e3o de ensino<\/em><em>, <\/em>\u00a0incluir o documento <em>PRE Altera\u00e7\u00e3o Vig\u00eancia Projetos\/A\u00e7\u00f5es de Ensino<\/em>\u00a0e enviar \u00e0 Unidade <strong>NUPROP<\/strong>.<\/p>\n<p style=\"text-align: justify;\">OBS: Na busca pelo tipo de processo ou tipo de documento, existe um filtro identificado pelo\u00a0<b>sinal de\u00a0+.\u00a0<\/b>Caso n\u00e3o esteja listando o processo ou o documento, desative este filtro clicando no mesmo.<\/p>\n<p><strong>11. RELAT\u00d3RIOS:<\/strong><\/p>\n<p>&#8211; H\u00e1 2 tipos de relat\u00f3rios de projeto no sistema unificado: PARCIAL e FINAL.<\/p>\n<ul>\n<li style=\"text-align: justify;\"><strong>Parcial<\/strong>: pode ser enviado ao t\u00e9rmino de <strong>uma ou mais a\u00e7\u00f5es<\/strong> para ser poss\u00edvel emitir os certificados antes do t\u00e9rmino do projeto. \u00c9 de envio opcional e encerra todas as a\u00e7\u00f5es com a vig\u00eancia finalizada at\u00e9 o momento. A equipe deve ser atualizada antes do envio, pois <strong>ap\u00f3s a homologa\u00e7\u00e3o do relat\u00f3rio n\u00e3o ser\u00e1 poss\u00edvel fazer altera\u00e7\u00f5es<\/strong>.<\/li>\n<li style=\"text-align: justify;\"><strong>Final: <\/strong>encerramento do projeto e de todas as a\u00e7\u00f5es que n\u00e3o tiveram o envio de relat\u00f3rio parcial. \u00c9 obrigat\u00f3rio o envio <strong>em at\u00e9 30 dias ap\u00f3s o t\u00e9rmino do projeto<\/strong>. A equipe deve ser atualizada antes do envio do relat\u00f3rio, pois <strong>ap\u00f3s a homologa\u00e7\u00e3o do mesmo n\u00e3o ser\u00e1 poss\u00edvel fazer altera\u00e7\u00f5es<\/strong>.<\/li>\n<\/ul>\n<p style=\"text-align: justify;\">&#8211; Para enviar um relat\u00f3rio, acesse no COBALTO o menu <b>Projetos Unificados &#8211; Cadastros &#8211; Relat\u00f3rio &#8211; Novo. <\/b>Selecionar o projeto, preencher todos os campos na <strong>op\u00e7\u00e3o correta (PARCIAL ou FINAL)<\/strong> e clicar em ENVIAR. Basta esse procedimento, o processo no SEI ser\u00e1 iniciado pela CIP.<\/p>\n<p style=\"text-align: justify;\">&#8211; IMPORTANTE: <strong>caso alguma a\u00e7\u00e3o n\u00e3o tenha se realizado ou tenha finalizado antes da data prevista<\/strong>, \u00e9 necess\u00e1rio solicitar o seu cancelamento (conforme procedimento do item 9) ou a sua antecipa\u00e7\u00e3o de vig\u00eancia (conforme procedimento do item 10) ANTES do envio do relat\u00f3rio.<\/p>\n<p>&#8211; Quando o status do projeto constar: <em><strong>Vig\u00eancia Finalizada<\/strong><\/em>, significa que ele j\u00e1 terminou e est\u00e1 pendente de envio de relat\u00f3rio. Quando o relat\u00f3rio for enviado e, ap\u00f3s a sua aprova\u00e7\u00e3o em todas as inst\u00e2ncias, o status do projeto e de todas as a\u00e7\u00f5es \u00e9 alterado para <em><strong>Conclu\u00eddo\/Encerrado<\/strong><\/em>.<\/p>\n<p><strong>12. CERTIFICA\u00c7\u00c3O<\/strong><\/p>\n<p style=\"text-align: justify;\">Todos os participantes, ouvintes e membros da equipe de trabalho dever\u00e3o ser cadastrados diretamente na equipe das a\u00e7\u00f5es antes do envio do relat\u00f3rio parcial ou final, para fins de registro e certifica\u00e7\u00e3o. <strong>A certifica\u00e7\u00e3o dar-se-\u00e1 de forma automatizada, ap\u00f3s a homologa\u00e7\u00e3o do relat\u00f3rio<\/strong>. A s\u00famula \u00e9 de preenchimento opcional e integra o relat\u00f3rio do projeto.<\/p>\n<p style=\"text-align: justify;\">IMPORTANTE: N\u00e3o ser\u00e1 poss\u00edvel fazer altera\u00e7\u00f5es na equipe ou s\u00famula ap\u00f3s a homologa\u00e7\u00e3o do relat\u00f3rio parcial ou final, se o participante n\u00e3o estiver previamente cadastrado n\u00e3o ter\u00e1 acesso \u00e0 certifica\u00e7\u00e3o.<\/p>\n<p style=\"text-align: justify;\">P\u00daBLICO EXTERNO: Para cadastro de <strong>pessoa externa<\/strong>, acessar Cadastros &#8211; Pessoa (n\u00e3o UFPEL), preencher os dados e salvar. Depois \u00e9 s\u00f3 inserir o integrante na a\u00e7\u00e3o ou nas a\u00e7\u00f5es correspondentes a sua participa\u00e7\u00e3o. N\u00e3o sendo poss\u00edvel o acesso a todos os dados solicitados, o Coordenador do projeto pode abrir um processo do tipo <em>Ensino: Projeto\/A\u00e7\u00e3o de ensino e <\/em>fazer uso do documento <em><strong>PRE Solicita\u00e7\u00e3o de Certificado P\u00fablico Externo<\/strong><\/em>, que deve ser preenchido diretamente no SEI.<\/p>\n<p style=\"text-align: justify;\">OBS: Na busca pelo tipo de processo ou tipo de documento, existe um filtro identificado pelo\u00a0<b>sinal de\u00a0+.\u00a0<\/b>Caso n\u00e3o esteja listando o processo ou o documento, desative este filtro clicando no mesmo.<\/p>\n<p style=\"text-align: justify;\">APRESENTADOR DE TRABALHO: Sendo necess\u00e1rio incluir o t\u00edtulo do trabalho apresentado no certificado,\u00a0 o Coordenador do projeto dever\u00e1 preencher uma planilha espec\u00edfica (<strong><span style=\"color: #0000ff;\"><a style=\"color: #0000ff;\" href=\"https:\/\/wp.ufpel.edu.br\/cec\/files\/2022\/03\/certificacao_evento_apresentacao_trabalho-NOVA.xlsx\">DOWNLOAD AQUI<\/a><\/span><\/strong>), e fazer uso do documento <em><strong>PRE Solicita\u00e7\u00e3o de Certificados Apresentador, <\/strong><\/em>que deve ser preenchido diretamente no SEI. OBS: Na busca pelo tipo de processo ou tipo de documento, existe um filtro identificado pelo\u00a0<b>sinal de\u00a0+.\u00a0<\/b>Caso n\u00e3o esteja listando o processo ou o documento, desative este filtro clicando no mesmo.<\/p>\n<p><strong>13. PRORROGA\u00c7\u00c3O DE PROJETOS:<\/strong><\/p>\n<p style=\"text-align: justify;\">&#8211; Para dar sequ\u00eancia \u00e0s atividades de um Projeto que est\u00e1 perto de finalizar, \u00e9 necess\u00e1rio solicitar a sua PRORROGA\u00c7\u00c3O.<\/p>\n<p style=\"text-align: justify;\">&#8211; IMPORTANTE: A solicita\u00e7\u00e3o deve ser efetuada <strong>antes do t\u00e9rmino da vig\u00eancia<\/strong> <strong>do projeto<\/strong>.<\/p>\n<p style=\"text-align: justify;\">&#8211; Acesse no COBALTO o menu <b>Projetos Unificados &#8211; Cadastros &#8211; Prorroga\u00e7\u00e3o &#8211; Novo. <\/b>Preencher todos os campos e clicar em SALVAR.<\/p>\n<p>IMPORTANTE: nesta solicita\u00e7\u00e3o \u00e9 necess\u00e1rio preencher tamb\u00e9m as datas de prorroga\u00e7\u00e3o de cada a\u00e7\u00e3o, se a inten\u00e7\u00e3o for prorroga-las tamb\u00e9m. N\u00e3o havendo nenhuma a\u00e7\u00e3o a ser prorrogada, <strong>necessariamente <\/strong>dever\u00e1 ser cadastrada a\u00e7\u00e3o\/a\u00e7\u00f5es para acompanhar o novo per\u00edodo de vig\u00eancia, do contr\u00e1rio a solicita\u00e7\u00e3o ficar\u00e1 invalidada pois n\u00e3o pode haver projeto vigente sem a\u00e7\u00f5es ativas.<\/p>\n<p style=\"text-align: justify;\"><strong>AINDA FICOU COM D\u00daVIDAS? ACESSE AS PERGUNTAS MAIS FREQUENTES<\/strong>: <strong><span style=\"color: #0000ff;\"><a style=\"color: #0000ff;\" href=\"https:\/\/wp.ufpel.edu.br\/cec\/files\/2021\/03\/Perguntas-e-Respostas-Projetos-Ensino.docx\">Perguntas e Respostas\u00a0<\/a><\/span><\/strong><\/p>\n<p>&nbsp;<\/p>\n<p>&nbsp;<\/p>\n","protected":false},"excerpt":{"rendered":"<p>Desde 15 de dezembro de 2019 a UFPEL adotou o sistema de cadastro \u00fanico para programas, projetos e a\u00e7\u00f5es de ensino, pesquisa e extens\u00e3o: o m\u00f3dulo de projetos unificados do COBALTO. A utiliza\u00e7\u00e3o desse sistema traz como principais novidades a possibilidade de cadastro de a\u00e7\u00f5es de ensino, pesquisa e\/ou extens\u00e3o em um mesmo projeto, cadastro [&hellip;]<\/p>\n","protected":false},"author":252,"featured_media":0,"parent":574,"menu_order":0,"comment_status":"closed","ping_status":"closed","template":"","meta":{"footnotes":""},"class_list":["post-731","page","type-page","status-publish","hentry"],"_links":{"self":[{"href":"https:\/\/wp.ufpel.edu.br\/cec\/wp-json\/wp\/v2\/pages\/731","targetHints":{"allow":["GET"]}}],"collection":[{"href":"https:\/\/wp.ufpel.edu.br\/cec\/wp-json\/wp\/v2\/pages"}],"about":[{"href":"https:\/\/wp.ufpel.edu.br\/cec\/wp-json\/wp\/v2\/types\/page"}],"author":[{"embeddable":true,"href":"https:\/\/wp.ufpel.edu.br\/cec\/wp-json\/wp\/v2\/users\/252"}],"replies":[{"embeddable":true,"href":"https:\/\/wp.ufpel.edu.br\/cec\/wp-json\/wp\/v2\/comments?post=731"}],"version-history":[{"count":4,"href":"https:\/\/wp.ufpel.edu.br\/cec\/wp-json\/wp\/v2\/pages\/731\/revisions"}],"predecessor-version":[{"id":1330,"href":"https:\/\/wp.ufpel.edu.br\/cec\/wp-json\/wp\/v2\/pages\/731\/revisions\/1330"}],"up":[{"embeddable":true,"href":"https:\/\/wp.ufpel.edu.br\/cec\/wp-json\/wp\/v2\/pages\/574"}],"wp:attachment":[{"href":"https:\/\/wp.ufpel.edu.br\/cec\/wp-json\/wp\/v2\/media?parent=731"}],"curies":[{"name":"wp","href":"https:\/\/api.w.org\/{rel}","templated":true}]}}