{"id":622,"date":"2019-09-02T18:21:00","date_gmt":"2019-09-02T21:21:00","guid":{"rendered":"https:\/\/wp.ufpel.edu.br\/cec\/?page_id=622"},"modified":"2025-07-07T09:35:36","modified_gmt":"2025-07-07T12:35:36","slug":"mobilidade-academica","status":"publish","type":"page","link":"https:\/\/wp.ufpel.edu.br\/cec\/mobilidade-academica\/","title":{"rendered":"Mobilidade"},"content":{"rendered":"<p align=\"center\">O Programa de Mobilidade Acad\u00eamica Nacional tem por finalidade proporcionar ao\/a discente de gradua\u00e7\u00e3o regularmente matriculado\/a, a possibilidade de cursar atividades\/componentes curriculares em outras Institui\u00e7\u00f5es Federais de Ensino Superior nacionais, sem preju\u00edzos para integraliza\u00e7\u00e3o do seu curso de origem.<\/p>\n<p>A Pr\u00f3-Reitoria de Ensino (PRE) da UFPEL, atrav\u00e9s do N\u00facleo de Programas e Projetos (NUPROP), faz a intermedia\u00e7\u00e3o das solicita\u00e7\u00f5es de mobilidade acad\u00eamica nacional, tanto como Institui\u00e7\u00e3o de origem, quanto como Institui\u00e7\u00e3o receptora.<\/p>\n<p>A mobilidade acad\u00eamica nacional na UFPel est\u00e1 regulamentada pelo COCEPE, atrav\u00e9s da\u00a0<span style=\"color: #0000ff;\"><strong><a style=\"color: #0000ff;\" href=\"https:\/\/wp.ufpel.edu.br\/scs\/files\/2018\/12\/Resolu%C3%A7%C3%A3o-40.2018.pdf\">Resolu\u00e7\u00e3o n\u00ba 40\/2018<\/a><\/strong><\/span>.<\/p>\n<p>A UFPel atualmente integra apenas o\u00a0<span style=\"color: #0000ff;\"><a style=\"color: #0000ff;\" href=\"http:\/\/www.andifes.org.br\/wp-content\/uploads\/2012\/04\/Convenio_Andifes_de_Mobilidade_Academica.pdf\">Conv\u00eanio Andifes de Mobilidade Acad\u00eamica<\/a><\/span>. Portanto, alunos da UFPel s\u00f3 conseguem realizar mobilidade nacional para Universidades signat\u00e1rias do referido conv\u00eanio.<\/p>\n<p><b>PROCEDIMENTOS PARA SOLICITA\u00c7\u00c3O DE MOBILIDADE ACAD\u00caMICA NACIONAL VIA CONV\u00caNIO ANDIFES<\/b><\/p>\n<p>Inicialmente o aluno deve verificar se a IFES na qual ele deseja realizar mobilidade faz parte do Programa Andifes. A rela\u00e7\u00e3o de Institui\u00e7\u00f5es signat\u00e1rias est\u00e1 dispon\u00edvel aqui: <strong><a href=\"https:\/\/wp.ufpel.edu.br\/cec\/files\/2024\/09\/Mobilidade-Academica.docx-1.pdf\"><span style=\"color: #333333;\"><span style=\"color: #0000ff;\">Institui\u00e7\u00f5es Participantes Conv\u00eanio ANDIFES<\/span><\/span><\/a><\/strong><\/p>\n<p>&nbsp;<\/p>\n<p><strong>Quem pode participar?<\/strong><\/p>\n<p>Discentes regularmente matriculados\/as em curso de gradua\u00e7\u00e3o em Institui\u00e7\u00e3o Federal de Ensino Superior (IFES) signat\u00e1ria do referido conv\u00eanio, desde que preencham os seguintes requisitos:<\/p>\n<p>\u2013 ter conclu\u00eddo, no ato da solicita\u00e7\u00e3o, pelo menos 20% (vinte por cento) da carga hor\u00e1ria de integraliza\u00e7\u00e3o do curso de origem;<\/p>\n<p>\u2013 ter no m\u00e1ximo duas reprova\u00e7\u00f5es acumuladas nos dois per\u00edodos letivos que antecedem o pedido de mobilidade.<\/p>\n<p>\u2013 atender aos prazos de solicita\u00e7\u00e3o previstos no\u00a0<span style=\"color: #0000ff;\"><a style=\"color: #0000ff;\" href=\"https:\/\/wp.ufpel.edu.br\/cra\/calendarios-academicos\/\">calend\u00e1rio acad\u00eamico da UFPel<\/a><\/span>.<\/p>\n<p>&nbsp;<\/p>\n<p><strong>Qual o prazo de afastamento para realiza\u00e7\u00e3o da mobilidade acad\u00eamica?<\/strong><\/p>\n<p>O prazo m\u00e1ximo de afastamento \u00e9 de dois semestres letivos, podendo, em car\u00e1ter excepcional, e a crit\u00e9rio das Institui\u00e7\u00f5es envolvidas, ser prorrogado por mais um semestre. O afastamento somente se efetiva ap\u00f3s a comunica\u00e7\u00e3o oficial da institui\u00e7\u00e3o receptora \u00e0 institui\u00e7\u00e3o de origem, acompanhada da documenta\u00e7\u00e3o comprobat\u00f3ria de matr\u00edcula.<\/p>\n<p>&nbsp;<\/p>\n<p><strong>Qual o per\u00edodo para solicita\u00e7\u00e3o?<\/strong><\/p>\n<ul>\n<li>Para discentes da\u00a0UFPEL*:<\/li>\n<\/ul>\n<ol>\n<li>mobilidade em outras IFES no 2\u00ba Semestre de 2025 = at\u00e9 30\/04\/2025<\/li>\n<li>mobilidade em outras IFES no 1\u00ba Semestre de 2026 = at\u00e9 30\/09\/2025<\/li>\n<\/ol>\n<p>*O\/a discente da UFPEL dever\u00e1 verificar a exist\u00eancia de prazos espec\u00edficos na IFES receptora.<\/p>\n<p>&nbsp;<\/p>\n<ul>\n<li>Para\u00a0discentes de outras IFES:<\/li>\n<\/ul>\n<ol>\n<li>mobilidade na UFPEL no 2\u00ba Semestre de 2020 = at\u00e9 30\/04\/2025<\/li>\n<li>mobilidade na UFPEL no 1\u00ba Semestre de 2021 = at\u00e9 30\/09\/2025<\/li>\n<\/ol>\n<p>Em virtude do ajuste do calend\u00e1rio acad\u00eamico que a UFPel ainda est\u00e1 sofrendo \u00e9 necess\u00e1rio nos consultar sobre os prazos, recomendamos encaminhamento com no m\u00ednimo 30 diasde anteced\u00eancia do in\u00edcio do semestre desejado.<\/p>\n<p>&nbsp;<\/p>\n<p><strong>Qual o procedimento e documentos para\u00a0discentes da UFPEL\u00a0solicitarem a realiza\u00e7\u00e3o de mobilidade acad\u00eamica no \u00e2mbito do Programa ANDIFES de Mobilidade Acad\u00eamica Nacional?<\/strong><\/p>\n<p>O\/a discente da UFPEL que pretende participar do referido programa dever\u00e1, juntamente com o\/a Coordenador\/a do seu curso de origem (UFPEL), com base na avalia\u00e7\u00e3o dos planos e ementas oficiais das atividades curriculares fornecidas pela Institui\u00e7\u00e3o receptora, elaborar o Plano de Estudos a ser cursado na mesma. O referido conv\u00eanio prev\u00ea que as Institui\u00e7\u00f5es receptoras forne\u00e7am as ementas oficiais aos\/as discentes interessados\/as. Este Plano de Estudos \u00e9 absolutamente necess\u00e1rio para subsidiar a posterior e obrigat\u00f3ria concess\u00e3o de equival\u00eancia, em caso de aprova\u00e7\u00e3o do\/a discente nas atividades objeto da mobilidade. No formul\u00e1rio eletr\u00f4nico disponibilizado no SEI,\u00a0j\u00e1 h\u00e1 campo destinado ao preenchimento do Plano de Estudos.<\/p>\n<p>Concomitantemente, dever\u00e1 o\/a discente interessado\/a verificar a exist\u00eancia de regras espec\u00edficas para requer mobilidade em outras IFES.<\/p>\n<p>Ap\u00f3s, o\/a discente dever\u00e1 levar para o colegiado do seu curso de gradua\u00e7\u00e3o a seguinte documenta\u00e7\u00e3o:<\/p>\n<p>\u2013 Atestado de Matr\u00edcula e Hist\u00f3rico Escolar obtido junto \u00e0 Coordena\u00e7\u00e3o de Registros Acad\u00eamicos (CRA\/PRE)\u00a0ou\u00a0no Cobalto;<\/p>\n<p>\u2013 C\u00f3pia do RG e do CPF;<\/p>\n<p>\u2013\u00a0Requerimento espec\u00edfico solicitado pela Institui\u00e7\u00e3o receptora devidamente preenchido, caso exista est\u00e1 previs\u00e3o, a qual dever\u00e1 ser verificada pelo\/a discente junto a Institui\u00e7\u00e3o receptora;<\/p>\n<p>O colegiado do curso de gradua\u00e7\u00e3o ent\u00e3o cria no SEI um processo do tipo \u201cGradua\u00e7\u00e3o: mobilidade acad\u00eamica nacional\u201d, digitaliza em arquivo formato \u201c.PDF\u201d os documentos obrigat\u00f3rios fornecidos pelo aluno, conforme listagem acima, e anexa ao processo. Inclui um documento do tipo \u201cPRE Solicita\u00e7\u00e3o Mobilidade Andifes\u201d e faz o preenchimento (o aluno e o coordenador de curso devem repassar os dados necess\u00e1rios para o preenchimento do referido documento, principalmente no que diz respeito ao plano de estudos a ser desenvolvido).\u00a0 O coordenador de curso assina o documento e libera o acesso ao aluno no SEI como \u201cusu\u00e1rio externo\u201d. Para cadastrar o aluno como usu\u00e1rio externo s\u00e3o necess\u00e1rios os seguintes procedimentos:<\/p>\n<p>1) aluno acessa o link, informa seus dados e envia:\u00a0<span style=\"color: #0000ff;\"><a style=\"color: #0000ff;\" href=\"https:\/\/sei.ufpel.edu.br\/sei\/controlador_externo.php?acao=usuario_externo_enviar_cadastro&amp;id_orgao_acesso_externo=0\" target=\"_blank\" rel=\"noopener noreferrer\" data-saferedirecturl=\"https:\/\/www.google.com\/url?q=https:\/\/sei.ufpel.edu.br\/sei\/controlador_externo.php?acao%3Dusuario_externo_enviar_cadastro%26id_orgao_acesso_externo%3D0&amp;source=gmail&amp;ust=1556047372578000&amp;usg=AFQjCNFLnfkBMuLn1XeCsdwdN5QxgT4uVA\">https:\/\/sei.ufpel.edu.br\/sei\/controlador_externo.php?acao=usuario_externo_enviar_cadastro&amp;id_orgao_acesso_externo=0<\/a><\/span><\/p>\n<p class=\"m_5903795205304921171gmail-Texto_Justificado_Recuo_Primeira_Linha\">2) aluno preenche o Termo de Declara\u00e7\u00e3o de Concord\u00e2ncia e Veracidade (<span style=\"color: #0000ff;\"><a style=\"color: #0000ff;\" href=\"https:\/\/wp.ufpel.edu.br\/sei\/files\/2018\/04\/Anexo-I-do-Manual-do-Usu%C3%A1rio-Externo-1-1.pdf\" target=\"_blank\" rel=\"noopener noreferrer\" data-saferedirecturl=\"https:\/\/www.google.com\/url?q=https:\/\/wp.ufpel.edu.br\/sei\/files\/2018\/04\/Anexo-I-do-Manual-do-Usu%25C3%25A1rio-Externo-1-1.pdf&amp;source=gmail&amp;ust=1556047372578000&amp;usg=AFQjCNH8lKOl1wjDzq_dxaQV-s84zQP0ZA\">https:\/\/wp.ufpel.edu.br\/sei\/files\/2018\/04\/Anexo-I-do-Manual-do-Usu%C3%A1rio-Externo-1-1.pdf<\/a><\/span>), imprime, assina e entrega na sala 101 do Pr\u00e9dio da Reitoria no Anglo (o coordenador de curso pode enviar por protocolo, para o aluno n\u00e3o precisar se deslocar at\u00e9 aqui);<\/p>\n<p class=\"m_5903795205304921171gmail-Texto_Justificado_Recuo_Primeira_Linha\">3) A PROGIC nos esclareceu que no caso de cadastro de pessoas que j\u00e1 s\u00e3o alunos da UFPel, o que sempre vai ocorrer em rela\u00e7\u00e3o a mobilidade, n\u00e3o s\u00e3o necess\u00e1rios os outros documentos que constam como obrigat\u00f3rios no site (c\u00f3pias de RG, CPF e comprovante de resid\u00eancia), mas \u00e9 necess\u00e1rio que o coordenador de curso envie um email para\u00a0<span style=\"color: #0000ff;\"><a style=\"color: #0000ff;\" href=\"mailto:cadastrosei@ufpel.edu.br\" target=\"_blank\" rel=\"noopener noreferrer\">cadastrosei@ufpel.edu.br<\/a><\/span>\u00a0se comprometendo com a veracidade das informa\u00e7\u00f5es que o aluno colocou no Termo de Declara\u00e7\u00e3o de Concord\u00e2ncia e Veracidade.<\/p>\n<p class=\"m_5903795205304921171gmail-Texto_Justificado_Recuo_Primeira_Linha\">Depois que o setor de Protocolo liberar o cadastro do aluno, o coordenador de curso seleciona o documento \u201cPRE Solicita\u00e7\u00e3o Mobilidade Andifes\u201d, clica no \u00edcone \u201cGerenciar Libera\u00e7\u00e3o Para Assinatura Externa\u201d, seleciona o aluno e clica em liberar. Depois que o aluno receber o email com o link e realizar a assinatura,o colegiado envia para o NUPROP o processo. Todos estes tr\u00e2mites devem ocorrer antes do prazo estipulado pela PRE no calend\u00e1rio acad\u00eamico e nesta p\u00e1gina.<\/p>\n<p>Ap\u00f3s an\u00e1lise realizada pela PRE\/CEC\/NUPROP, no caso de deferimento, a UFPEL expedir\u00e1 Carta de Apresenta\u00e7\u00e3o do\/a discente \u00e0 IFES receptora, para verificar a possibilidade de matr\u00edcula na(s) atividade(s)\/componente(s) curricular(es)<b>\u00a0<\/b>a ser(em) cursada(s).<\/p>\n<p>Cabe a\/ao discente e ao colegiado do curso acompanhar a tramita\u00e7\u00e3o do processo junto ao NUPROP\/CEC\/PRE.<\/p>\n<p>&nbsp;<\/p>\n<p><strong>Qual o procedimento e documentos para\u00a0discentes de outras IFES\u00a0solicitarem a realiza\u00e7\u00e3o de mobilidade acad\u00eamica na UFPEL, no \u00e2mbito do Programa ANDIFES de Mobilidade Acad\u00eamica Nacional?<\/strong><\/p>\n<p>O\/a discente de outra IFES interessado\/a em realizar mobilidade acad\u00eamica na UFPEL dever\u00e1 primeiramente obter informa\u00e7\u00f5es sobre o tema junto \u00e0 sua institui\u00e7\u00e3o de origem. Ap\u00f3s aprovado seu afastamento pela Institui\u00e7\u00e3o de origem, esta encaminhar\u00e1 \u00e0 UFPEL os seguintes documentos:<\/p>\n<p>\u2013 Carta de Apresenta\u00e7\u00e3o do\/a discente nos termos do Conv\u00eanio ANDIFES;<\/p>\n<p>\u2013 Atestado de Matr\u00edcula na Institui\u00e7\u00e3o de Origem;<\/p>\n<p>\u2013 Hist\u00f3rico escolar atualizado;<\/p>\n<p>\u2013 C\u00f3pia do RG e do CPF;<\/p>\n<p>\u2013\u00a0<span style=\"color: #0000ff;\"><a style=\"color: #0000ff;\" href=\"https:\/\/wp.ufpel.edu.br\/prg\/files\/2014\/01\/Requerimento-Mobilidade-Acad%C3%AAmica-ANDIFES-alunos-de-outras-IFES-para-UFPEL.doc\">Requerimento Mobilidade Acad\u00eamica ANDIFES alunos de outras IFES para UFPEL<\/a><\/span><a href=\"https:\/\/wp.ufpel.edu.br\/prg\/files\/2014\/01\/Requerimento-Mobilidade-Acad%C3%AAmica-ANDIFES-alunos-de-outras-IFES.doc\"><br \/>\n<\/a><\/p>\n<p>A PRE\/CEC\/NUPROP de posse da documenta\u00e7\u00e3o completa e dentro dos prazos previstos, abrir\u00e1 processo em nome do\/a requerente, para verificar a possibilidade de matr\u00edcula (exist\u00eancia de vagas) na(s) atividade(s)\/componente(s) curricular(es) pretendida(s). Ap\u00f3s a aprova\u00e7\u00e3o pelo colegiado do curso, ao NUPROP\/CEC\/PRE enviar\u00e1 Carta de Aceite \u00e0 Institui\u00e7\u00e3o de origem.<\/p>\n<p>Ao final do v\u00ednculo em mobilidade, a UFPEL enviar\u00e1 \u00e0 Institui\u00e7\u00e3o de origem documenta\u00e7\u00e3o comprobat\u00f3ria da(s) atividade(s)\/componentes(s) curricular(es) cursado(s), com notas ou conceitos e frequ\u00eancia.<\/p>\n<p>&nbsp;<\/p>\n<p><strong>CONTATO:<\/strong><\/p>\n<p>Gustavo Madruga Rickes<\/p>\n<p class=\"Tabela_Texto_Centralizado\">Representante da UFPel no Programa ANDIFES de Mobilidade Acad\u00eamica<\/p>\n<p class=\"Tabela_Texto_Centralizado\">(<span style=\"color: #0000ff;\"><a style=\"color: #0000ff;\" href=\"https:\/\/sei.ufpel.edu.br\/sei\/publicacoes\/controlador_publicacoes.php?acao=publicacao_visualizar&amp;id_documento=662958&amp;id_orgao_publicacao=0\">Portaria GR UFPel n\u00ba 1487\/2018<\/a><\/span>)<\/p>\n<p><b>N\u00facleo de Programas e Projetos \u2013 Coordena\u00e7\u00e3o de Ensino e Curr\u00edculo \u2013 Pr\u00f3-Reitoria de Ensino \u2013 UFPEL \u2013\u00a0<\/b>Rua Gomes Carneiro, n\u00ba. 1 \u2013 Pr\u00e9dio da Reitoria, Andar T\u00e9rreo \u2013 Sala 104 \u2013 CEP: 96010-610 \u2013 Pelotas \u2013 RS.\u00a0Contatos: (53) 3284\u00a04063\/4064 \u2013 nuprop@ufpel.edu.br<\/p>\n","protected":false},"excerpt":{"rendered":"<p>O Programa de Mobilidade Acad\u00eamica Nacional tem por finalidade proporcionar ao\/a discente de gradua\u00e7\u00e3o regularmente matriculado\/a, a possibilidade de cursar atividades\/componentes curriculares em outras Institui\u00e7\u00f5es Federais de Ensino Superior nacionais, sem preju\u00edzos para integraliza\u00e7\u00e3o do seu curso de origem. A Pr\u00f3-Reitoria de Ensino (PRE) da UFPEL, atrav\u00e9s do N\u00facleo de Programas e Projetos (NUPROP), faz [&hellip;]<\/p>\n","protected":false},"author":252,"featured_media":0,"parent":0,"menu_order":0,"comment_status":"closed","ping_status":"closed","template":"","meta":{"footnotes":""},"class_list":["post-622","page","type-page","status-publish","hentry"],"_links":{"self":[{"href":"https:\/\/wp.ufpel.edu.br\/cec\/wp-json\/wp\/v2\/pages\/622","targetHints":{"allow":["GET"]}}],"collection":[{"href":"https:\/\/wp.ufpel.edu.br\/cec\/wp-json\/wp\/v2\/pages"}],"about":[{"href":"https:\/\/wp.ufpel.edu.br\/cec\/wp-json\/wp\/v2\/types\/page"}],"author":[{"embeddable":true,"href":"https:\/\/wp.ufpel.edu.br\/cec\/wp-json\/wp\/v2\/users\/252"}],"replies":[{"embeddable":true,"href":"https:\/\/wp.ufpel.edu.br\/cec\/wp-json\/wp\/v2\/comments?post=622"}],"version-history":[{"count":9,"href":"https:\/\/wp.ufpel.edu.br\/cec\/wp-json\/wp\/v2\/pages\/622\/revisions"}],"predecessor-version":[{"id":1326,"href":"https:\/\/wp.ufpel.edu.br\/cec\/wp-json\/wp\/v2\/pages\/622\/revisions\/1326"}],"wp:attachment":[{"href":"https:\/\/wp.ufpel.edu.br\/cec\/wp-json\/wp\/v2\/media?parent=622"}],"curies":[{"name":"wp","href":"https:\/\/api.w.org\/{rel}","templated":true}]}}