{"id":609,"date":"2019-09-02T18:07:53","date_gmt":"2019-09-02T21:07:53","guid":{"rendered":"https:\/\/wp.ufpel.edu.br\/cec\/?page_id=609"},"modified":"2026-03-19T10:41:41","modified_gmt":"2026-03-19T13:41:41","slug":"pet","status":"publish","type":"page","link":"https:\/\/wp.ufpel.edu.br\/cec\/pet\/","title":{"rendered":"PET"},"content":{"rendered":"<p style=\"text-align: justify;\">O Programa de Educa\u00e7\u00e3o Tutorial foi oficialmente institu\u00eddo pela Lei 11.180\/2005 e regulamentado pelas Portarias MEC n\u00ba 976\/2010 e n\u00ba 343\/2013 e pela Resolu\u00e7\u00e3o FNDE n\u00ba 36\/2013. A regulamenta\u00e7\u00e3o do PET define como o programa deve funcionar, qual a constitui\u00e7\u00e3o administrativa e acad\u00eamica, quais os procedimentos para creditar os valores destinados ao custeio das atividades, al\u00e9m de estabelecer as normas e a periodicidade do processo de avalia\u00e7\u00e3o dos grupos.<\/p>\n<p>Para acessar a legisla\u00e7\u00e3o referente ao PET,\u00a0<a href=\"https:\/\/wp.ufpel.edu.br\/cec\/pet\/legislacao-pet\/\"><span style=\"color: #0000ff;\"><strong>clique aqui<\/strong><\/span><\/a>.<\/p>\n<p>O Programa PET da UFPel est\u00e1 institucionalizado por aprova\u00e7\u00e3o no COCEPE, fazendo parte dos Programas da Pr\u00f3-Reitoria de Ensino. O setor respons\u00e1vel pelo Programa \u00e9 o N\u00facleo de Programas e Projetos (NUPROP), que pode ser contatado atrav\u00e9s do e-mail <strong>nuprop@ufpel.edu.br<\/strong>.<\/p>\n<p>Grupos e Tutores do Programa de Educa\u00e7\u00e3o Tutorial da UFPel:<\/p>\n<table class=\"alignleft aligncenter\" style=\"height: 638px; width: 947px; border-color: #000000;\">\n<tbody>\n<tr style=\"height: 48px;\">\n<td style=\"width: 347px; height: 48px;\"><strong>PET A\u00e7\u00e3o e Pesquisa em Educa\u00e7\u00e3o Popular (GAPE)<\/strong><\/td>\n<td style=\"width: 35px; height: 48px;\"><span style=\"color: #0000ff;\"><a style=\"color: #0000ff;\" href=\"https:\/\/petgape.wordpress.com\/\">Site\/Blog<\/a><\/span><\/td>\n<td style=\"width: 73px; height: 48px;\"><span style=\"color: #0000ff;\"><a style=\"color: #0000ff;\" href=\"https:\/\/www.facebook.com\/petgapeufpel\/\">Facebook<\/a><\/span><\/td>\n<td style=\"width: 75px; height: 48px;\"><span style=\"color: #0000ff;\"><a style=\"color: #0000ff;\" href=\"https:\/\/www.instagram.com\/petgape\/\">Instagram<\/a><\/span><\/td>\n<td style=\"width: 355px; height: 48px;\"><strong>Aline Accorssi<\/strong><\/td>\n<\/tr>\n<tr style=\"height: 24px;\">\n<td style=\"width: 347px; height: 24px;\"><strong>PET Agronomia<\/strong><\/td>\n<td style=\"width: 35px; height: 24px;\"><span style=\"color: #0000ff;\"><a style=\"color: #0000ff;\" href=\"https:\/\/sites.google.com\/view\/petagronomia-ufpel\/o-pet\/documentos-do-grupo?authuser=0\">Site\/Blog<\/a><\/span><\/td>\n<td style=\"width: 73px; height: 24px;\"><span style=\"color: #0000ff;\"><a style=\"color: #0000ff;\" href=\"https:\/\/www.facebook.com\/PET-Agronomia-UFPel-114517955337003\/\">Facebook<\/a><\/span><\/td>\n<td style=\"width: 75px; height: 24px;\"><span style=\"color: #0000ff;\"><a style=\"color: #0000ff;\" href=\"https:\/\/www.instagram.com\/petagroufpel\/\">Instagram<\/a><\/span><\/td>\n<td style=\"width: 355px; height: 24px;\"><strong>Paulo Roberto Grolli<\/strong><\/td>\n<\/tr>\n<tr style=\"height: 48px;\">\n<td style=\"width: 347px; height: 29px;\"><strong>PET Arquitetura<\/strong><\/td>\n<td style=\"width: 35px; height: 29px;\"><span style=\"color: #0000ff;\"><a style=\"color: #0000ff;\" href=\"https:\/\/wp.ufpel.edu.br\/petarquitetura\/\">Site\/Blog<\/a><\/span><\/td>\n<td style=\"width: 73px; height: 29px;\"><span style=\"color: #0000ff;\"><a style=\"color: #0000ff;\" href=\"https:\/\/www.facebook.com\/petfaurb\">Facebook<\/a><\/span><\/td>\n<td style=\"width: 75px; height: 29px;\"><span style=\"color: #0000ff;\"><a style=\"color: #0000ff;\" href=\"https:\/\/www.instagram.com\/petfaurb\/\">Instagram<\/a><\/span><\/td>\n<td style=\"width: 355px; height: 29px;\"><strong>F\u00e1bio Kellermann Schramm<\/strong><\/td>\n<\/tr>\n<tr style=\"height: 24px;\">\n<td style=\"width: 347px; height: 24px;\"><strong>PET Artes Visuais<\/strong><\/td>\n<td style=\"width: 35px; height: 24px;\"><span style=\"color: #0000ff;\"><a style=\"color: #0000ff;\" href=\"https:\/\/wp.ufpel.edu.br\/petartesvisuais\/\">Site\/Blog<\/a><\/span><\/td>\n<td style=\"width: 73px; height: 24px;\"><span style=\"color: #0000ff;\"><a style=\"color: #0000ff;\" href=\"https:\/\/www.facebook.com\/PetArtesUfpel\">Facebook<\/a><\/span><\/td>\n<td style=\"width: 75px; height: 24px;\"><span style=\"color: #0000ff;\"><a style=\"color: #0000ff;\" href=\"https:\/\/www.instagram.com\/petartesufpel\/\">Instagram<\/a><\/span><\/td>\n<td style=\"width: 355px; height: 24px;\"><strong>Cl\u00f3vis Vergara de Almeida Martins Costa<\/strong><\/td>\n<\/tr>\n<tr style=\"height: 24px;\">\n<td style=\"width: 347px; height: 24px;\"><strong>PET Computa\u00e7\u00e3o<\/strong><\/td>\n<td style=\"width: 35px; height: 24px;\"><span style=\"color: #0000ff;\"><a style=\"color: #0000ff;\" href=\"https:\/\/wp.ufpel.edu.br\/petcomp\/\">Site\/Blog<\/a><\/span><\/td>\n<td style=\"width: 73px; height: 24px;\"><span style=\"color: #0000ff;\"><a style=\"color: #0000ff;\" href=\"https:\/\/www.facebook.com\/PET-Computa%C3%A7%C3%A3o-413315938710300\/\">Facebook<\/a><\/span><\/td>\n<td style=\"width: 75px; height: 24px;\"><span style=\"color: #0000ff;\"><a style=\"color: #0000ff;\" href=\"https:\/\/www.instagram.com\/computacao.ufpel\/\">Instagram<\/a><\/span><\/td>\n<td style=\"width: 355px; height: 24px;\"><strong>Leomar Soares da Rosa Junior<\/strong><\/td>\n<\/tr>\n<tr style=\"height: 24px;\">\n<td style=\"width: 347px; height: 24px;\"><strong>PET Conserva\u00e7\u00e3o e Restauro<\/strong><\/td>\n<td style=\"width: 35px; height: 24px;\"><span style=\"color: #0000ff;\"><a style=\"color: #0000ff;\" href=\"http:\/\/conservacaoerestauro.wixsite.com\/pet-cr\">Site\/Blog<\/a><\/span><\/td>\n<td style=\"width: 73px; height: 24px;\"><span style=\"color: #0000ff;\"><a style=\"color: #0000ff;\" href=\"https:\/\/www.facebook.com\/PET-Conserva%C3%A7%C3%A3o-e-Restauro-UFPEL-766403506807997\/?fref=photo\">Facebook<\/a><\/span><\/td>\n<td style=\"width: 75px; height: 24px;\"><span style=\"color: #0000ff;\"><a style=\"color: #0000ff;\" href=\"https:\/\/www.instagram.com\/petconservacaoerestauro\/\">Instagram<\/a><\/span><\/td>\n<td style=\"width: 355px; height: 24px;\"><strong>Andr\u00e9a Lacerda Bachettini<\/strong><\/td>\n<\/tr>\n<tr style=\"height: 24px;\">\n<td style=\"width: 347px; height: 24px;\"><strong>PET Educa\u00e7\u00e3o F\u00edsica<\/strong><\/td>\n<td style=\"width: 35px; height: 24px;\"><span style=\"color: #0000ff;\"><a style=\"color: #0000ff;\" href=\"http:\/\/petesefufpel.blogspot.com.br\/\">Site\/Blog<\/a><\/span><\/td>\n<td style=\"width: 73px; height: 24px;\"><span style=\"color: #0000ff;\"><a style=\"color: #0000ff;\" href=\"https:\/\/www.facebook.com\/PetEsefUfpel\">Facebook<\/a><\/span><\/td>\n<td style=\"width: 75px; height: 24px;\"><span style=\"color: #0000ff;\"><a style=\"color: #0000ff;\" href=\"https:\/\/www.instagram.com\/petesefufpel\/\">Instagram<\/a><\/span><\/td>\n<td style=\"width: 355px; height: 24px;\"><strong>M\u00e1rio Renato de Azevedo Junior<\/strong><\/td>\n<\/tr>\n<tr style=\"height: 48px;\">\n<td style=\"width: 347px; height: 29px;\"><strong>PET Engenharia Agr\u00edcola<\/strong><\/td>\n<td style=\"width: 35px; height: 29px;\"><span style=\"color: #0000ff;\"><a style=\"color: #0000ff;\" href=\"https:\/\/wp.ufpel.edu.br\/petea\/\">Site\/Blog<\/a><\/span><\/td>\n<td style=\"width: 73px; height: 29px;\"><span style=\"color: #0000ff;\"><a style=\"color: #0000ff;\" href=\"https:\/\/www.facebook.com\/PetEngenhariaAgricola\/\">Facebook<\/a><\/span><\/td>\n<td style=\"width: 75px; height: 29px;\"><span style=\"color: #0000ff;\"><a style=\"color: #0000ff;\" href=\"https:\/\/www.instagram.com\/petagricolaufpel\/\">Instagram<\/a><\/span><\/td>\n<td style=\"width: 355px; height: 29px;\"><strong>Ricardo Scherer Pohndorf<\/strong><\/td>\n<\/tr>\n<tr style=\"height: 24px;\">\n<td style=\"width: 347px; height: 24px;\"><strong>PET Engenharia H\u00eddrica<\/strong><\/td>\n<td style=\"width: 35px; height: 24px;\"><span style=\"color: #0000ff;\"><a style=\"color: #0000ff;\" href=\"https:\/\/petenghidrica.wixsite.com\/website\">Site\/Blog<\/a><\/span><\/td>\n<td style=\"width: 73px; height: 24px;\"><span style=\"color: #0000ff;\"><a style=\"color: #0000ff;\" href=\"https:\/\/www.facebook.com\/PetEngenhariaHidrica\">Facebook<\/a><\/span><\/td>\n<td style=\"width: 75px; height: 24px;\"><span style=\"color: #0000ff;\"><a style=\"color: #0000ff;\" href=\"https:\/\/www.instagram.com\/petengenhariahidrica\/\">Instagram<\/a><\/span><\/td>\n<td style=\"width: 355px; height: 24px;\"><strong>Luis Eduardo Akiyoshi Sanches Suzuki<\/strong><\/td>\n<\/tr>\n<tr style=\"height: 48px;\">\n<td style=\"width: 347px; height: 48px;\"><strong>PET Conex\u00f5es de Saberes \u2013 Diversidade e Toler\u00e2ncia<\/strong><\/td>\n<td style=\"width: 35px; height: 48px;\"><span style=\"color: #0000ff;\"><a style=\"color: #0000ff;\" href=\"https:\/\/wp.ufpel.edu.br\/petdiversidade\/\">Site\/Blog<\/a><\/span><\/td>\n<td style=\"width: 73px; height: 48px;\"><span style=\"color: #0000ff;\"><a style=\"color: #0000ff;\" href=\"https:\/\/www.facebook.com\/petdiversidadetolerancia\">Facebook<\/a><\/span><\/td>\n<td style=\"width: 75px; height: 48px;\"><span style=\"color: #0000ff;\"><a style=\"color: #0000ff;\" href=\"https:\/\/www.instagram.com\/pet.dt\/\">Instagram<\/a><\/span><\/td>\n<td style=\"width: 355px; height: 48px;\"><strong>Daniel Maur\u00edcio Viana de Souza<\/strong><\/td>\n<\/tr>\n<tr style=\"height: 48px;\">\n<td style=\"width: 347px; height: 29px;\"><strong>PET F\u00edsica<\/strong><\/td>\n<td style=\"width: 35px; height: 29px;\"><span style=\"color: #0000ff;\"><a style=\"color: #0000ff;\" href=\"https:\/\/wp.ufpel.edu.br\/petfisica\/\">Site\/Blog<\/a><\/span><\/td>\n<td style=\"width: 73px; height: 29px;\"><span style=\"color: #0000ff;\"><a style=\"color: #0000ff;\" href=\"https:\/\/www.facebook.com\/ufpelpetfisica\">Facebook<\/a><\/span><\/td>\n<td style=\"width: 75px; height: 29px;\"><span style=\"color: #0000ff;\"><a style=\"color: #0000ff;\" href=\"https:\/\/www.instagram.com\/petfisicaufpel\/\">Instagram<\/a><\/span><\/td>\n<td style=\"width: 355px; height: 29px;\"><strong>F\u00e1bio Teixeira Dias<\/strong><\/td>\n<\/tr>\n<tr style=\"height: 24px;\">\n<td style=\"width: 347px; height: 24px;\"><strong>PET Meteorologia<\/strong><\/td>\n<td style=\"width: 35px; height: 24px;\"><span style=\"color: #0000ff;\"><a style=\"color: #0000ff;\" href=\"https:\/\/wp.ufpel.edu.br\/petmeteorologia\/\">Site\/Blog<\/a><\/span><\/td>\n<td style=\"width: 73px; height: 24px;\"><span style=\"color: #0000ff;\"><a style=\"color: #0000ff;\" href=\"https:\/\/www.facebook.com\/petmeteorologia\/\">Facebook<\/a><\/span><\/td>\n<td style=\"width: 75px; height: 24px;\"><span style=\"color: #0000ff;\"><a style=\"color: #0000ff;\" href=\"https:\/\/www.instagram.com\/petmeteorologia\/\">Instagram<\/a><\/span><\/td>\n<td style=\"width: 355px; height: 24px;\"><strong>Luciana Barros Pinto Panozzo<\/strong><\/td>\n<\/tr>\n<tr style=\"height: 24px;\">\n<td style=\"width: 347px; height: 24px;\"><strong>PET Odontologia<\/strong><\/td>\n<td style=\"width: 35px; height: 24px;\"><span style=\"color: #0000ff;\"><a style=\"color: #0000ff;\" href=\"https:\/\/petodontoufpel.wordpress.com\/\">Site\/Blog<\/a><\/span><\/td>\n<td style=\"width: 73px; height: 24px;\"><span style=\"color: #0000ff;\"><a style=\"color: #0000ff;\" href=\"https:\/\/www.facebook.com\/PET-Odontologia-UFPel-1418366631756520\/\">Facebook<\/a><\/span><\/td>\n<td style=\"width: 75px; height: 24px;\"><span style=\"color: #0000ff;\"><a style=\"color: #0000ff;\" href=\"https:\/\/www.instagram.com\/petodontologiaufpel\/\">Instagram<\/a><\/span><\/td>\n<td style=\"width: 355px; height: 24px;\"><strong>Nat\u00e1lia Marcumini Pola<\/strong><\/td>\n<\/tr>\n<tr style=\"height: 24px;\">\n<td style=\"width: 347px; height: 24px;\"><strong>PET Pedagogia<\/strong><\/td>\n<td style=\"width: 35px; height: 24px;\"><span style=\"color: #0000ff;\"><a style=\"color: #0000ff;\" href=\"https:\/\/wp.ufpel.edu.br\/petpedagogia\/\">Site\/Blog<\/a><\/span><\/td>\n<td style=\"width: 73px; height: 24px;\"><\/td>\n<td style=\"width: 75px; height: 24px;\"><span style=\"color: #0000ff;\"><a style=\"color: #0000ff;\" href=\"https:\/\/www.instagram.com\/petpedagogiaufpel\/\">Instagram<\/a><\/span><\/td>\n<td style=\"width: 355px; height: 24px;\"><strong>Gilceane Caetano Porto<\/strong><\/td>\n<\/tr>\n<tr style=\"height: 24px;\">\n<td style=\"width: 347px; height: 10px;\"><strong>PET Fronteiras \u2013 Saberes e Pr\u00e1ticas Populares<\/strong><\/td>\n<td style=\"width: 35px; height: 10px;\"><span style=\"color: #0000ff;\"><a style=\"color: #0000ff;\" href=\"http:\/\/pet-saberes-e-praticas-populares1.webnode.com\/\">Site\/Blog<\/a><\/span><\/td>\n<td style=\"width: 73px; height: 10px;\"><span style=\"color: #0000ff;\"><a style=\"color: #0000ff;\" href=\"https:\/\/www.facebook.com\/petfronteirassaberesepraticaspopulares\">Facebook<\/a><\/span><\/td>\n<td style=\"width: 75px; height: 10px;\"><span style=\"color: #0000ff;\"><a style=\"color: #0000ff;\" href=\"https:\/\/www.instagram.com\/pet_fronteiras\/\">Instagram<\/a><\/span><\/td>\n<td style=\"width: 355px; height: 10px;\"><strong>Denise Marcos Bussoletti<\/strong><\/td>\n<\/tr>\n<\/tbody>\n<\/table>\n<p>&nbsp;<\/p>\n<p>&nbsp;<\/p>\n<p>&nbsp;<\/p>\n<p>&nbsp;<\/p>\n<p>&nbsp;<\/p>\n<p>&nbsp;<\/p>\n<p>&nbsp;<\/p>\n<p>&nbsp;<\/p>\n<p>&nbsp;<\/p>\n<p>&nbsp;<\/p>\n<p>&nbsp;<\/p>\n<p>&nbsp;<\/p>\n<p>&nbsp;<\/p>\n<p>&nbsp;<\/p>\n<p>&nbsp;<\/p>\n<p>&nbsp;<\/p>\n<p>&nbsp;<\/p>\n<p><strong>Documentos:<\/strong><\/p>\n<p>Identidade Visual dos Grupos PET\/UFPel \u2013 SIV PET para download (<span style=\"color: #0000ff;\"><a style=\"color: #0000ff;\" href=\"https:\/\/wp.ufpel.edu.br\/prg\/files\/2012\/04\/Identidade-Visual.rar\">clique aqui<\/a><\/span>)<\/p>\n<p><span style=\"color: #0000ff;\"><a style=\"color: #0000ff;\" href=\"https:\/\/wp.ufpel.edu.br\/cec\/files\/2025\/11\/1.-Tramites-Administrativos-para-Ingresso-de-Aluno-no-PET-1-1.docx\">Procedimentos Administrativos para Ingresso de Estudante no PET<\/a><\/span><\/p>\n<p><span style=\"color: #0000ff;\"><a style=\"color: #0000ff;\" href=\"https:\/\/wp.ufpel.edu.br\/cec\/files\/2024\/09\/Procedimentos-para-os-Tutores-informarem-os-desligamentos-de-bolsistas-PET-apos-01-08-2022.docx\">Procedimentos para os Tutores informarem os desligamentos de bolsistas PET ap\u00f3s 01-08-2022<\/a><\/span><\/p>\n<p><span style=\"color: #0000ff;\"><a style=\"color: #0000ff;\" href=\"https:\/\/wp.ufpel.edu.br\/cec\/files\/2024\/09\/Procedimentos-para-Solicitacao-de-Certificados-PET-para-alunos-que-sairam-antes-de-31-07-2022.docx\">Procedimentos para Solicita\u00e7\u00e3o de Certificados PET para alunos que sa\u00edram antes de 31-07-2022<\/a><\/span><\/p>\n<p><span style=\"color: #0000ff;\"><a style=\"color: #0000ff;\" href=\"https:\/\/wp.ufpel.edu.br\/cec\/files\/2024\/12\/Procedimentos-para-Detalhamento-das-atividades-de-Certificado-de-aluno-bolsista-PET.docx\">Procedimentos para Detalhamento das atividades de Certificado de aluno bolsista PET<\/a><\/span><\/p>\n<p><span style=\"color: #0000ff;\"><a style=\"color: #0000ff;\" href=\"https:\/\/wp.ufpel.edu.br\/cec\/files\/2025\/08\/0.5-Tutorial-Custeio-PET-UFPel.docx\">Tutorial Custeio PET UFPel<\/a><\/span><\/p>\n<p><span style=\"color: #0000ff;\"><a style=\"color: #0000ff;\" href=\"https:\/\/wp.ufpel.edu.br\/cec\/pet\/procedimento-de-avaliacao-de-reconducao-de-tutores-as-pet-ufpel\/\">Procedimento para Solicita\u00e7\u00e3o e Avalia\u00e7\u00e3o de Recondu\u00e7\u00e3o de Tutores\/as PET UFPel<\/a><\/span><\/p>\n<p><span style=\"color: #0000ff;\"><a style=\"color: #0000ff;\" href=\"https:\/\/wp.ufpel.edu.br\/cec\/files\/2020\/09\/SEI_23110.010955_2020_85.pdf\">Relat\u00f3rio Institucional Consolidado dos Grupos PET UFPel &#8211; ano 2016<\/a><\/span><\/p>\n<p><span style=\"color: #0000ff;\"><a style=\"color: #0000ff;\" href=\"https:\/\/wp.ufpel.edu.br\/cec\/files\/2020\/09\/SEI_23110.011475_2020_31.pdf\">Relat\u00f3rio Institucional Consolidado dos Grupos PET UFPel &#8211; <\/a><a style=\"color: #0000ff;\" href=\"https:\/\/wp.ufpel.edu.br\/cec\/files\/2020\/09\/SEI_23110.011475_2020_31.pdf\">ano 2017<\/a><\/span><\/p>\n<p><span style=\"color: #0000ff;\"><a style=\"color: #0000ff;\" href=\"https:\/\/wp.ufpel.edu.br\/cec\/files\/2020\/09\/SEI_23110.012699_2020_61.pdf\">Relat\u00f3rio Institucional Consolidado dos Grupos PET UFPel &#8211; ano 2018\u200b<\/a><\/span><\/p>\n<p><span style=\"color: #0000ff;\"><a style=\"color: #0000ff;\" href=\"https:\/\/wp.ufpel.edu.br\/cec\/files\/2020\/05\/RELATORIO-INSTITUCIONAL-CONSOLIDADO-2019-PET-UFPel.pdf\">Relat\u00f3rio Institucional Consolidado dos Grupos PET UFPel &#8211; ano 2019<\/a><\/span><\/p>\n<p><span style=\"color: #0000ff;\"><a style=\"color: #0000ff;\" href=\"https:\/\/wp.ufpel.edu.br\/cec\/files\/2021\/10\/Relatorio-Institucional-Consolidado-PET-UFPel-2020.pdf\">Relat\u00f3rio Institucional Consolidado dos Grupos PET UFPel &#8211; ano 2020<\/a><\/span><\/p>\n<p><span style=\"color: #0000ff;\"><a style=\"color: #0000ff;\" href=\"https:\/\/wp.ufpel.edu.br\/cec\/files\/2022\/07\/SEI_23110.023988_2022_57.pdf\">Relat\u00f3rio Institucional Consolidado dos Grupos PET UFPel &#8211; ano 2021<\/a><\/span><\/p>\n<p><span style=\"color: #0000ff;\"><a style=\"color: #0000ff;\" href=\"https:\/\/wp.ufpel.edu.br\/cec\/files\/2023\/05\/Relatorio-2022-PET-UFPel-com-aprovacoes-CLAAPET-e-COCEPE.pdf\">Relat\u00f3rio Institucional Consolidado dos Grupos PET UFPel &#8211; ano 2022<\/a><\/span><\/p>\n<p><span style=\"color: #0000ff;\"><a style=\"color: #0000ff;\" href=\"https:\/\/wp.ufpel.edu.br\/cec\/files\/2024\/04\/SEI_23110.009981_2024_94.pdf\">Relat\u00f3rio Institucional Consolidado dos Grupos PET UFPel &#8211; ano 2023<\/a><\/span><\/p>\n<p><span style=\"color: #0000ff;\"><a style=\"color: #0000ff;\" href=\"https:\/\/wp.ufpel.edu.br\/cec\/files\/2025\/04\/SEI_23110.011741_2025_31-Relatorio-2024-PET-UFPel.pdf\">Relat\u00f3rio Institucional Consolidado dos Grupos PET UFPel &#8211; ano 2024<\/a><\/span><\/p>\n<p>&nbsp;<\/p>\n<p><strong><span style=\"color: #0000ff;\"><a style=\"color: #0000ff;\" href=\"https:\/\/wp.ufpel.edu.br\/cec\/files\/2026\/01\/Portaria_2025_7239-CLAAPET-dezembro-de-2025.pdf\">Portaria de Pessoal n\u00ba 7239\/2025 (composi\u00e7\u00e3o atual do CLAAPET UFPel &#8211; dezembro de 2025)<\/a><\/span><\/strong><\/p>\n<p><strong>Atas CLAAPET UFPel:<\/strong><\/p>\n<p><span style=\"color: #0000ff;\"><a style=\"color: #0000ff;\" href=\"https:\/\/wp.ufpel.edu.br\/pre\/programas\/pet\/atas-claapet-2017\"><strong>2017<\/strong><\/a><\/span><\/p>\n<p><span style=\"color: #0000ff;\"><strong><a style=\"color: #0000ff;\" href=\"https:\/\/wp.ufpel.edu.br\/pre\/programas\/pet\/atas-claapet-2018\/\">2018<\/a><\/strong><\/span><\/p>\n<p><span style=\"color: #0000ff;\"><strong><a style=\"color: #0000ff;\" href=\"https:\/\/wp.ufpel.edu.br\/pre\/programas\/pet\/atas-claapet-2019\/\">2019<\/a><\/strong><\/span><\/p>\n<p><span style=\"color: #0000ff;\"><strong><a style=\"color: #0000ff;\" href=\"https:\/\/wp.ufpel.edu.br\/cec\/atas-claapet-2020\/\">2020<\/a><\/strong><\/span><\/p>\n<p><strong><span style=\"color: #0000ff;\"><a style=\"color: #0000ff;\" href=\"https:\/\/wp.ufpel.edu.br\/cec\/atas-claapet-2021\/\">2021<\/a><\/span><\/strong><\/p>\n<p><strong><span style=\"color: #0000ff;\"><a style=\"color: #0000ff;\" href=\"https:\/\/wp.ufpel.edu.br\/cec\/pet\/atas-claapet-2022\/\">2022<\/a><\/span><\/strong><\/p>\n<p><span style=\"color: #0000ff;\"><strong><a style=\"color: #0000ff;\" href=\"https:\/\/wp.ufpel.edu.br\/cec\/pet\/atas-claapet-2023\/\">2023<\/a><\/strong><\/span><\/p>\n<p><span style=\"color: #0000ff;\"><strong><a style=\"color: #0000ff;\" href=\"https:\/\/wp.ufpel.edu.br\/cec\/pet\/atas-claapet-2024\/\">2024<\/a><\/strong><\/span><\/p>\n<p><strong><span style=\"color: #0000ff;\"><a style=\"color: #0000ff;\" href=\"https:\/\/wp.ufpel.edu.br\/cec\/pet\/atas-claapet-2025\/\">2025<\/a><\/span><\/strong><\/p>\n","protected":false},"excerpt":{"rendered":"<p>O Programa de Educa\u00e7\u00e3o Tutorial foi oficialmente institu\u00eddo pela Lei 11.180\/2005 e regulamentado pelas Portarias MEC n\u00ba 976\/2010 e n\u00ba 343\/2013 e pela Resolu\u00e7\u00e3o FNDE n\u00ba 36\/2013. A regulamenta\u00e7\u00e3o do PET define como o programa deve funcionar, qual a constitui\u00e7\u00e3o administrativa e acad\u00eamica, quais os procedimentos para creditar os valores destinados ao custeio das atividades, [&hellip;]<\/p>\n","protected":false},"author":252,"featured_media":0,"parent":0,"menu_order":0,"comment_status":"closed","ping_status":"closed","template":"","meta":{"footnotes":""},"class_list":["post-609","page","type-page","status-publish","hentry"],"_links":{"self":[{"href":"https:\/\/wp.ufpel.edu.br\/cec\/wp-json\/wp\/v2\/pages\/609","targetHints":{"allow":["GET"]}}],"collection":[{"href":"https:\/\/wp.ufpel.edu.br\/cec\/wp-json\/wp\/v2\/pages"}],"about":[{"href":"https:\/\/wp.ufpel.edu.br\/cec\/wp-json\/wp\/v2\/types\/page"}],"author":[{"embeddable":true,"href":"https:\/\/wp.ufpel.edu.br\/cec\/wp-json\/wp\/v2\/users\/252"}],"replies":[{"embeddable":true,"href":"https:\/\/wp.ufpel.edu.br\/cec\/wp-json\/wp\/v2\/comments?post=609"}],"version-history":[{"count":4,"href":"https:\/\/wp.ufpel.edu.br\/cec\/wp-json\/wp\/v2\/pages\/609\/revisions"}],"predecessor-version":[{"id":1365,"href":"https:\/\/wp.ufpel.edu.br\/cec\/wp-json\/wp\/v2\/pages\/609\/revisions\/1365"}],"wp:attachment":[{"href":"https:\/\/wp.ufpel.edu.br\/cec\/wp-json\/wp\/v2\/media?parent=609"}],"curies":[{"name":"wp","href":"https:\/\/api.w.org\/{rel}","templated":true}]}}