{"id":600,"date":"2019-09-02T18:05:23","date_gmt":"2019-09-02T21:05:23","guid":{"rendered":"https:\/\/wp.ufpel.edu.br\/cec\/?page_id=600"},"modified":"2024-05-03T08:17:58","modified_gmt":"2024-05-03T11:17:58","slug":"bolsas","status":"publish","type":"page","link":"https:\/\/wp.ufpel.edu.br\/cec\/monitoria\/bolsas\/","title":{"rendered":"Bolsas"},"content":{"rendered":"<p style=\"text-align: justify;\">\u00a0 \u00a0 \u00a0 \u00a0 A monitoria remunerada por bolsa faz parte do Programa de Monitoria da UFPEL,\u00a0 regulamentado atrav\u00e9s da <span style=\"color: #0000ff;\"><a style=\"color: #0000ff;\" href=\"https:\/\/wp.ufpel.edu.br\/scs\/files\/2018\/10\/SEI_UFPel-0312781-Resolu%C3%A7%C3%A3o-32.2018.pdf\">Resolu\u00e7\u00e3o n\u00ba 32, de 11 de outubro de 2018<\/a><\/span>, do COCEPE, cabendo \u00e0 Pr\u00f3-Reitoria de Ensino estabelecer diretrizes complementares com o prop\u00f3sito de garantir o seu pleno funcionamento na Institui\u00e7\u00e3o.<\/p>\n<p style=\"text-align: justify;\">\u00a0 \u00a0 \u00a0 \u00a0 O processo de sele\u00e7\u00e3o de propostas docentes a serem contempladas com bolsas de monitoria dar-se-\u00e1 por interm\u00e9dio de Editais espec\u00edficos, publicados anualmente pela Pr\u00f3-Reitoria de Ensino (PRE), os quais estabelecer\u00e3o a vig\u00eancia, os procedimentos e os crit\u00e9rios para habilita\u00e7\u00e3o dos docentes interessados.<\/p>\n<p>\u00a0 \u00a0 \u00a0 \u00a0 \u00a0 \u00a0Para acessar os <strong>editais dos processos de sele\u00e7\u00e3o<\/strong> em andamento, clique <span style=\"color: #0000ff;\"><a style=\"color: #0000ff;\" href=\"https:\/\/wp.ufpel.edu.br\/pre\/editais\/\">AQUI<\/a><\/span><\/p>\n<p>&nbsp;<\/p>\n<p><span style=\"font-family: georgia, palatino, serif; color: #000000;\"><strong>\u00a0 \u00a0 \u00a0 \u00a0 RELAT\u00d3RIO FINAL\u00a0<\/strong><\/span><\/p>\n<ul>\n<li style=\"text-align: justify;\"><strong>Relat\u00f3rio Final de Bolsista de Monitoria<\/strong>: Ao t\u00e9rmino das atividades da bolsa, o professor orientador deve reabrir o processo em que foi encaminhado o termo de responsabilidade de orientador no SEI (tipo de processo &#8211; <em>Gradua\u00e7\u00e3o: Monitorias<\/em>), incluir e preencher o documento <strong><em>PRE Relat\u00f3rio de Monitoria <\/em><\/strong>e enviar ao NUPROP, \u00a0sendo condi\u00e7\u00e3o indispens\u00e1vel para fins de certifica\u00e7\u00e3o.\n<div>OBS: Na busca pelo tipo de processo ou tipo de documento, existe um filtro identificado pelo <b>sinal de\u00a0+. <\/b>Caso n\u00e3o esteja listando o processo ou o documento, desative este filtro clicando no mesmo.<\/div>\n<\/li>\n<\/ul>\n<p>&nbsp;<\/p>\n<p><strong>\u00a0 \u00a0 \u00a0 \u00a0 \u00a0 D\u00favidas:\u00a0 nuprop@ufpel.edu.br<\/strong><\/p>\n","protected":false},"excerpt":{"rendered":"<p>\u00a0 \u00a0 \u00a0 \u00a0 A monitoria remunerada por bolsa faz parte do Programa de Monitoria da UFPEL,\u00a0 regulamentado atrav\u00e9s da Resolu\u00e7\u00e3o n\u00ba 32, de 11 de outubro de 2018, do COCEPE, cabendo \u00e0 Pr\u00f3-Reitoria de Ensino estabelecer diretrizes complementares com o prop\u00f3sito de garantir o seu pleno funcionamento na Institui\u00e7\u00e3o. \u00a0 \u00a0 \u00a0 \u00a0 O [&hellip;]<\/p>\n","protected":false},"author":252,"featured_media":0,"parent":597,"menu_order":0,"comment_status":"closed","ping_status":"closed","template":"","meta":{"footnotes":""},"class_list":["post-600","page","type-page","status-publish","hentry"],"_links":{"self":[{"href":"https:\/\/wp.ufpel.edu.br\/cec\/wp-json\/wp\/v2\/pages\/600","targetHints":{"allow":["GET"]}}],"collection":[{"href":"https:\/\/wp.ufpel.edu.br\/cec\/wp-json\/wp\/v2\/pages"}],"about":[{"href":"https:\/\/wp.ufpel.edu.br\/cec\/wp-json\/wp\/v2\/types\/page"}],"author":[{"embeddable":true,"href":"https:\/\/wp.ufpel.edu.br\/cec\/wp-json\/wp\/v2\/users\/252"}],"replies":[{"embeddable":true,"href":"https:\/\/wp.ufpel.edu.br\/cec\/wp-json\/wp\/v2\/comments?post=600"}],"version-history":[{"count":48,"href":"https:\/\/wp.ufpel.edu.br\/cec\/wp-json\/wp\/v2\/pages\/600\/revisions"}],"predecessor-version":[{"id":1171,"href":"https:\/\/wp.ufpel.edu.br\/cec\/wp-json\/wp\/v2\/pages\/600\/revisions\/1171"}],"up":[{"embeddable":true,"href":"https:\/\/wp.ufpel.edu.br\/cec\/wp-json\/wp\/v2\/pages\/597"}],"wp:attachment":[{"href":"https:\/\/wp.ufpel.edu.br\/cec\/wp-json\/wp\/v2\/media?parent=600"}],"curies":[{"name":"wp","href":"https:\/\/api.w.org\/{rel}","templated":true}]}}