{"id":580,"date":"2019-09-02T17:53:34","date_gmt":"2019-09-02T20:53:34","guid":{"rendered":"https:\/\/wp.ufpel.edu.br\/cec\/?page_id=580"},"modified":"2021-05-25T14:12:44","modified_gmt":"2021-05-25T17:12:44","slug":"certificacao","status":"publish","type":"page","link":"https:\/\/wp.ufpel.edu.br\/cec\/projetos-de-ensino\/certificacao\/","title":{"rendered":"Relat\u00f3rio Final e Certifica\u00e7\u00e3o &#8211; m\u00f3dulo antigo"},"content":{"rendered":"<p style=\"text-align: justify\">A partir de 15 de dezembro de 2019 a UFPEL adotou o sistema de cadastro \u00fanico para programas, projetos e a\u00e7\u00f5es de ensino, pesquisa e extens\u00e3o:\u00a0<strong>o m\u00f3dulo de projetos unificados.<\/strong><\/p>\n<p style=\"text-align: justify\">Dessa forma,\u00a0<strong>o m\u00f3dulo anterior de projetos de ensino estar\u00e1 bloqueado para cadastro de novos projetos e solicita\u00e7\u00f5es de prorroga\u00e7\u00e3o<\/strong>. No entanto, projetos que iniciaram neste m\u00f3dulo antigo estar\u00e3o vinculados ao mesmo at\u00e9 o seu encerramento, de forma que o relat\u00f3rio final dever\u00e1 ser encaminhado ainda no sistema anterior e nos moldes da Resolu\u00e7\u00e3o 01\/2008, do COCEPE.<\/p>\n<p style=\"text-align: justify\"><strong>\u2013 TRAMITA\u00c7\u00c3O DE RELAT\u00d3RIO FINAL:<\/strong>\u00a0o<strong>\u00a0relat\u00f3rio final\u00a0<\/strong>deve ser cadastrado no COBALTO\u00a0<strong>em at\u00e9 90 dias ap\u00f3s o t\u00e9rmino do projeto <\/strong><em>(<\/em><strong>\u201c<\/strong><em>Projetos de Ensino\u201d \u2013 \u201cCadastros\u201d \u2013 \u201crelat\u00f3rio parcial\/final\u201d).<\/em>\u00a0 Ap\u00f3s,\u00a0 o formul\u00e1rio em formato .pdf\u00a0 deve ser encaminhado ao NUPROP via SEI junto com um despacho de aprova\u00e7\u00e3o do relat\u00f3rio junto \u00e0 Dire\u00e7\u00e3o da Unidade, de prefer\u00eancia atrav\u00e9s do mesmo processo em que ocorreu toda a tramita\u00e7\u00e3o inicial (o n\u00ba do processo fica registrado na aba Hist\u00f3rico do projeto no COBALTO).<\/p>\n<p style=\"text-align: justify\"><strong>\u2013 INCLUS\u00c3O\/EXCLUS\u00c3O DE PARTICIPANTES:<\/strong>\u00a0para incluir\/excluir integrantes e efetuar altera\u00e7\u00f5es no per\u00edodo de participa\u00e7\u00e3o e\/ou na carga hor\u00e1ria de cada membro do projeto deve-se utilizar a aba\u00a0<em>\u201cProjetos de Ensino\u201d \u2013 \u201cCadastros\u201d \u2013\u00a0<\/em>\u201c<em>Altera\u00e7\u00e3o de Equipe<\/em>\u201d. Essas altera\u00e7\u00f5es podem ser efetuadas diretamente no COBALTO a qualquer tempo ap\u00f3s a aprova\u00e7\u00e3o do projeto pelo COCEPE, at\u00e9 o momento de envio do relat\u00f3rio final.<\/p>\n<p style=\"text-align: justify\"><strong>\u2013 CANCELAMENTO<\/strong>: para solicitar o cancelamento de um projeto que n\u00e3o ocorreu, o Coordenador dever\u00e1 acessar o \u00a0menu \u201c<em>Projetos de Ensino\u201d\u00a0 \u2013 \u201cCadastros\u201d \u2013 \u201cSolicita\u00e7\u00e3o de altera\u00e7\u00e3o\u201d \u2013 \u201cCancelamento\u201d<\/em>. Ap\u00f3s,\u00a0 o formul\u00e1rio em formato .pdf\u00a0 e as atas de aprova\u00e7\u00e3o junto ao Departamento (ou \u00f3rg\u00e3o similar) e do CD da Unidade proponente devem ser encaminhados ao NUPROP via SEI atrav\u00e9s do mesmo processo em que ocorreu toda a tramita\u00e7\u00e3o inicial.<\/p>\n<p style=\"text-align: justify\"><strong>&#8211; CADASTRO PARA SOLICITA\u00c7\u00c3O DE CERTIFICADOS DE PROJETOS DE ENSINO:<\/strong><\/p>\n<p style=\"text-align: justify\"><strong>1)<\/strong>\u00a0<strong><u>Participantes COM v\u00ednculo com a UFPEL<\/u><\/strong>:<\/p>\n<p style=\"text-align: justify\">\u2013 O cadastro do certificado \u00e9 feito\u00a0atrav\u00e9s do COBALTO, em\u00a0<em>\u201cProjetos de Ensino\u201d &#8211; \u201dCadastros\u201d &#8211; \u201dCertificados\u201d<\/em>. \u00c9 necess\u00e1rio criar uma\u00a0<strong>s\u00famula<\/strong><a href=\"https:\/\/wp.ufpel.edu.br\/pre\/coord-ensino-e-curriculo-cec\/coord-de-programas-e-projetos\/projetos\/#_ftn1\" name=\"_ftnref1\"><strong><span style=\"color: #0000ff\">[1]<\/span><\/strong><\/a>\u00a0(ou mais de uma, se for o caso) e ir\u00a0<strong>vinculando<span style=\"color: #0000ff\"><a style=\"color: #0000ff\" href=\"https:\/\/wp.ufpel.edu.br\/pre\/coord-ensino-e-curriculo-cec\/coord-de-programas-e-projetos\/projetos\/#_ftn2\" name=\"_ftnref2\">[2]<\/a><\/span><\/strong>\u00a0os participantes (j\u00e1 cadastrados no projeto), salvando cada um individualmente.<\/p>\n<p style=\"text-align: justify\">[1]\u00a0<strong>S\u00famula\u00a0<\/strong>\u00e9 o resumo das atividades desenvolvidas no projeto. \u00c9 de livre preenchimento, sem limita\u00e7\u00e3o m\u00ednima de caracteres. Como constar\u00e1 no verso de cada certificado, deve adequar-se ao espa\u00e7o m\u00e1ximo de uma folha A4.<\/p>\n<p style=\"text-align: justify\">[2]\u00a0<strong>Para vincular\u00a0<\/strong>os participantes a s\u00famula deve estar previamente cadastrada e salva. Seleciona-se a s\u00famula escolhida entre as que j\u00e1 foram salvas (ela fica em amarelo) e clica-se na aba\u00a0<strong>Pessoas Vinculadas<\/strong>. \u00c9 necess\u00e1rio salvar cada participante individualmente.<\/p>\n<p style=\"text-align: justify\">\u2013 Se for necess\u00e1rio\u00a0<strong>cadastrar algum participante que n\u00e3o esteja aparecendo na lista<\/strong>, \u00e9 necess\u00e1rio primeiro efetuar o cadastro atrav\u00e9s da aba\u00a0<em>\u201cProjetos de Ensino\u201d \u2013 \u201cCadastros\u201d \u2013\u00a0<\/em>\u201c<em>Altera\u00e7\u00e3o de Equipe<\/em>\u201d. Nesta aba \u00e9 poss\u00edvel incluir\/excluir integrantes, bem como efetuar altera\u00e7\u00f5es no per\u00edodo de participa\u00e7\u00e3o e\/ou na carga hor\u00e1ria de cada membro do projeto.<\/p>\n<p style=\"text-align: justify\">\u2013 O campo \u201c<strong>identifica\u00e7\u00e3o<\/strong>\u201d \u00e9 apenas para fins de controle do pr\u00f3prio coordenador, n\u00e3o ir\u00e1 aparecer no texto do certificado. Todas as informa\u00e7\u00f5es que constar\u00e3o na frente do certificado s\u00e3o automaticamente extra\u00eddas do projeto. J\u00e1 no verso constar\u00e1 a\u00a0<em>s\u00famula<\/em>\u00a0informada pelo Coordenador.<\/p>\n<p style=\"text-align: justify\">\u2013 Ap\u00f3s cadastro e envio \u00e0 PRE pelo COBALTO, a solicita\u00e7\u00e3o de certificados deve ser enviada para o NUPROP\u00a0<strong>atrav\u00e9s do SEI, <\/strong>junto ao mesmo processo em que ocorreu toda a tramita\u00e7\u00e3o inicial.<\/p>\n<p>OBS: em casos de projetos que tramitavam ainda em processos f\u00edsicos, o tipo de processo a ser encaminhado \u00e9 o <strong>Projetos de Ensino.<\/strong><\/p>\n<p style=\"text-align: justify\">\u2013 Cada participante com v\u00ednculo com a UFPel poder\u00e1 imprimir o seu certificado individualmente, direto do COBALTO. O NUPROP disponibiliza a impress\u00e3o dos certificados somente\u00a0<strong>ap\u00f3s a aprova\u00e7\u00e3o do Relat\u00f3rio Final pelo COCEPE<\/strong>.<\/p>\n<p style=\"text-align: justify\">\u2013 O\u00a0<strong>atestados<\/strong>\u00a0s\u00e3o gerados automaticamente pelo sistema, basta que a equipe do projeto esteja atualizada, n\u00e3o sendo necess\u00e1rio nenhum cadastro pr\u00e9vio ou libera\u00e7\u00e3o pela PRE. O atestado fica dispon\u00edvel para impress\u00e3o no login de cada participante\/equipe, no m\u00f3dulo\u00a0<em>\u201cProjetos de Ensino\u201d-\u201dConsulta\u201d-\u201dAtestados\u201d.<\/em><a href=\"https:\/\/wp.ufpel.edu.br\/pre\/coord-ensino-e-curriculo-cec\/coord-de-programas-e-projetos\/projetos\/#_ftnref1\" name=\"_ftn1\"><\/a><\/p>\n<p style=\"text-align: justify\"><strong>2)\u00a0<u>Participantes SEM v\u00ednculo com a UFPEL<\/u>:<\/strong><\/p>\n<p style=\"text-align: justify\">\u2013 Para participantes que n\u00e3o pertencem ao quadro de professores, servidores ou alunos da UFPel faz-se necess\u00e1rio, al\u00e9m da s\u00famula,\u00a0 o preenchimento de\u00a0\u00a0<span style=\"color: #0000ff\"><a style=\"color: #0000ff\" href=\"https:\/\/wp.ufpel.edu.br\/pre\/files\/2018\/08\/planilha_certificacao_projetos_ensino.xlsx\"><strong>PLANILHA<\/strong><\/a><\/span>\u00a0com as seguintes informa\u00e7\u00f5es:\u00a0<strong>nome, CPF, e-mail, fun\u00e7\u00e3o, per\u00edodo e carga hor\u00e1ria\u00a0<\/strong>dos participantes. Todas as informa\u00e7\u00f5es s\u00e3o obrigat\u00f3rias.<\/p>\n<p style=\"text-align: justify\">\u2013\u00a0Os certificados dos participantes externos ficar\u00e3o dispon\u00edveis atrav\u00e9s do\u00a0<em>acesso livre<\/em>\u00a0no COBALTO, mediante consulta pelo CPF.<\/p>\n<p style=\"text-align: justify\">\u2013 A planilha e demais instru\u00e7\u00f5es para para solicita\u00e7\u00e3o de certificados de participantes externos est\u00e3o dispon\u00edveis abaixo:<\/p>\n<p style=\"text-align: justify\"><span style=\"color: #0000ff\"><strong><a style=\"color: #0000ff\" href=\"https:\/\/wp.ufpel.edu.br\/pre\/files\/2018\/08\/planilha_certificacao_projetos_ensino.xlsx\">PLANILHA<\/a><\/strong><\/span><\/p>\n<p style=\"text-align: justify\"><span style=\"color: #3366ff\"><strong><a style=\"color: #3366ff\" href=\"https:\/\/wp.ufpel.edu.br\/cec\/files\/2020\/02\/Instrucoes-para-Solicitacao-de-Certificados-de-Projetos-de-Ensino.pdf\">Instru\u00e7\u00f5es para Solicita\u00e7\u00e3o de Certificados de Projetos de Ensino<\/a><\/strong><\/span><\/p>\n<p style=\"text-align: justify\">\n","protected":false},"excerpt":{"rendered":"<p>A partir de 15 de dezembro de 2019 a UFPEL adotou o sistema de cadastro \u00fanico para programas, projetos e a\u00e7\u00f5es de ensino, pesquisa e extens\u00e3o:\u00a0o m\u00f3dulo de projetos unificados. Dessa forma,\u00a0o m\u00f3dulo anterior de projetos de ensino estar\u00e1 bloqueado para cadastro de novos projetos e solicita\u00e7\u00f5es de prorroga\u00e7\u00e3o. No entanto, projetos que iniciaram neste [&hellip;]<\/p>\n","protected":false},"author":252,"featured_media":0,"parent":574,"menu_order":0,"comment_status":"closed","ping_status":"closed","template":"","meta":{"footnotes":""},"class_list":["post-580","page","type-page","status-publish","hentry"],"_links":{"self":[{"href":"https:\/\/wp.ufpel.edu.br\/cec\/wp-json\/wp\/v2\/pages\/580","targetHints":{"allow":["GET"]}}],"collection":[{"href":"https:\/\/wp.ufpel.edu.br\/cec\/wp-json\/wp\/v2\/pages"}],"about":[{"href":"https:\/\/wp.ufpel.edu.br\/cec\/wp-json\/wp\/v2\/types\/page"}],"author":[{"embeddable":true,"href":"https:\/\/wp.ufpel.edu.br\/cec\/wp-json\/wp\/v2\/users\/252"}],"replies":[{"embeddable":true,"href":"https:\/\/wp.ufpel.edu.br\/cec\/wp-json\/wp\/v2\/comments?post=580"}],"version-history":[{"count":14,"href":"https:\/\/wp.ufpel.edu.br\/cec\/wp-json\/wp\/v2\/pages\/580\/revisions"}],"predecessor-version":[{"id":743,"href":"https:\/\/wp.ufpel.edu.br\/cec\/wp-json\/wp\/v2\/pages\/580\/revisions\/743"}],"up":[{"embeddable":true,"href":"https:\/\/wp.ufpel.edu.br\/cec\/wp-json\/wp\/v2\/pages\/574"}],"wp:attachment":[{"href":"https:\/\/wp.ufpel.edu.br\/cec\/wp-json\/wp\/v2\/media?parent=580"}],"curies":[{"name":"wp","href":"https:\/\/api.w.org\/{rel}","templated":true}]}}