{"id":574,"date":"2019-09-02T17:52:37","date_gmt":"2019-09-02T20:52:37","guid":{"rendered":"https:\/\/wp.ufpel.edu.br\/cec\/?page_id=574"},"modified":"2022-07-13T15:15:30","modified_gmt":"2022-07-13T18:15:30","slug":"projetos-de-ensino","status":"publish","type":"page","link":"https:\/\/wp.ufpel.edu.br\/cec\/projetos-de-ensino\/","title":{"rendered":"Projetos de Ensino"},"content":{"rendered":"<blockquote class=\"wp-embedded-content\" data-secret=\"sXNm3co4kh\"><p><a href=\"https:\/\/wp.ufpel.edu.br\/cec\/projetos-de-ensino\/projetos-unificados-atual\/\">Projetos Unificados &#8211; ATUAL<\/a><\/p><\/blockquote>\n<p><iframe class=\"wp-embedded-content\" sandbox=\"allow-scripts\" security=\"restricted\" style=\"position: absolute; clip: rect(1px, 1px, 1px, 1px);\" title=\"&#8220;Projetos Unificados &#8211; ATUAL&#8221; &#8212; Coordena\u00e7\u00e3o de Ensino e Curr\u00edculo - PRE\" src=\"https:\/\/wp.ufpel.edu.br\/cec\/projetos-de-ensino\/projetos-unificados-atual\/embed\/#?secret=zvShrDZwtl#?secret=sXNm3co4kh\" data-secret=\"sXNm3co4kh\" width=\"500\" height=\"282\" frameborder=\"0\" marginwidth=\"0\" marginheight=\"0\" scrolling=\"no\"><\/iframe><\/p>\n<p>&nbsp;<\/p>\n<blockquote class=\"wp-embedded-content\" data-secret=\"weyLksWKE9\"><p><a href=\"https:\/\/wp.ufpel.edu.br\/cec\/projetos-de-ensino\/certificacao\/\">Relat\u00f3rio Final e Certifica\u00e7\u00e3o &#8211; m\u00f3dulo antigo<\/a><\/p><\/blockquote>\n<p><iframe class=\"wp-embedded-content\" sandbox=\"allow-scripts\" security=\"restricted\" style=\"position: absolute; clip: rect(1px, 1px, 1px, 1px);\" title=\"&#8220;Relat\u00f3rio Final e Certifica\u00e7\u00e3o &#8211; m\u00f3dulo antigo&#8221; &#8212; Coordena\u00e7\u00e3o de Ensino e Curr\u00edculo - PRE\" src=\"https:\/\/wp.ufpel.edu.br\/cec\/projetos-de-ensino\/certificacao\/embed\/#?secret=e3ttp4j0Up#?secret=weyLksWKE9\" data-secret=\"weyLksWKE9\" width=\"500\" height=\"282\" frameborder=\"0\" marginwidth=\"0\" marginheight=\"0\" scrolling=\"no\"><\/iframe><\/p>\n","protected":false},"excerpt":{"rendered":"<p>Projetos Unificados &#8211; ATUAL &nbsp; Relat\u00f3rio Final e Certifica\u00e7\u00e3o &#8211; m\u00f3dulo antigo<\/p>\n","protected":false},"author":252,"featured_media":0,"parent":0,"menu_order":0,"comment_status":"closed","ping_status":"closed","template":"","meta":{"footnotes":""},"class_list":["post-574","page","type-page","status-publish","hentry"],"_links":{"self":[{"href":"https:\/\/wp.ufpel.edu.br\/cec\/wp-json\/wp\/v2\/pages\/574","targetHints":{"allow":["GET"]}}],"collection":[{"href":"https:\/\/wp.ufpel.edu.br\/cec\/wp-json\/wp\/v2\/pages"}],"about":[{"href":"https:\/\/wp.ufpel.edu.br\/cec\/wp-json\/wp\/v2\/types\/page"}],"author":[{"embeddable":true,"href":"https:\/\/wp.ufpel.edu.br\/cec\/wp-json\/wp\/v2\/users\/252"}],"replies":[{"embeddable":true,"href":"https:\/\/wp.ufpel.edu.br\/cec\/wp-json\/wp\/v2\/comments?post=574"}],"version-history":[{"count":7,"href":"https:\/\/wp.ufpel.edu.br\/cec\/wp-json\/wp\/v2\/pages\/574\/revisions"}],"predecessor-version":[{"id":1029,"href":"https:\/\/wp.ufpel.edu.br\/cec\/wp-json\/wp\/v2\/pages\/574\/revisions\/1029"}],"wp:attachment":[{"href":"https:\/\/wp.ufpel.edu.br\/cec\/wp-json\/wp\/v2\/media?parent=574"}],"curies":[{"name":"wp","href":"https:\/\/api.w.org\/{rel}","templated":true}]}}