{"id":542,"date":"2019-08-19T15:20:30","date_gmt":"2019-08-19T18:20:30","guid":{"rendered":"https:\/\/wp.ufpel.edu.br\/cec\/?page_id=542"},"modified":"2019-08-19T15:24:09","modified_gmt":"2019-08-19T18:24:09","slug":"documentos","status":"publish","type":"page","link":"https:\/\/wp.ufpel.edu.br\/cec\/projeto-pedagogico-2\/documentos\/","title":{"rendered":"Documentos"},"content":{"rendered":"<p>Rela\u00e7\u00e3o de documentos fazendo refer\u00eancia a aprecia\u00e7\u00e3o e aprova\u00e7\u00e3o do projeto pedag\u00f3gico de curso.<\/p>\n<p>Ata do NDE;<\/p>\n<p>Ata do Colegiado;<\/p>\n<p>Ata do CD ou C\u00e2mara de Ensino.<\/p>\n","protected":false},"excerpt":{"rendered":"<p>Rela\u00e7\u00e3o de documentos fazendo refer\u00eancia a aprecia\u00e7\u00e3o e aprova\u00e7\u00e3o do projeto pedag\u00f3gico de curso. Ata do NDE; Ata do Colegiado; Ata do CD ou C\u00e2mara de Ensino.<\/p>\n","protected":false},"author":252,"featured_media":0,"parent":468,"menu_order":0,"comment_status":"closed","ping_status":"closed","template":"","meta":{"footnotes":""},"class_list":["post-542","page","type-page","status-publish","hentry"],"_links":{"self":[{"href":"https:\/\/wp.ufpel.edu.br\/cec\/wp-json\/wp\/v2\/pages\/542","targetHints":{"allow":["GET"]}}],"collection":[{"href":"https:\/\/wp.ufpel.edu.br\/cec\/wp-json\/wp\/v2\/pages"}],"about":[{"href":"https:\/\/wp.ufpel.edu.br\/cec\/wp-json\/wp\/v2\/types\/page"}],"author":[{"embeddable":true,"href":"https:\/\/wp.ufpel.edu.br\/cec\/wp-json\/wp\/v2\/users\/252"}],"replies":[{"embeddable":true,"href":"https:\/\/wp.ufpel.edu.br\/cec\/wp-json\/wp\/v2\/comments?post=542"}],"version-history":[{"count":1,"href":"https:\/\/wp.ufpel.edu.br\/cec\/wp-json\/wp\/v2\/pages\/542\/revisions"}],"predecessor-version":[{"id":544,"href":"https:\/\/wp.ufpel.edu.br\/cec\/wp-json\/wp\/v2\/pages\/542\/revisions\/544"}],"up":[{"embeddable":true,"href":"https:\/\/wp.ufpel.edu.br\/cec\/wp-json\/wp\/v2\/pages\/468"}],"wp:attachment":[{"href":"https:\/\/wp.ufpel.edu.br\/cec\/wp-json\/wp\/v2\/media?parent=542"}],"curies":[{"name":"wp","href":"https:\/\/api.w.org\/{rel}","templated":true}]}}